{"id":948,"date":"2023-06-02T19:21:46","date_gmt":"2023-06-02T19:21:46","guid":{"rendered":"http:\/\/abolition.dev.onpressidium.com\/?page_id=948"},"modified":"2024-10-14T13:04:58","modified_gmt":"2024-10-14T18:04:58","slug":"community-engagement","status":"publish","type":"page","link":"https:\/\/ontheeveofabolition.com\/es\/community-engagement\/","title":{"rendered":"participaci\u00d3n comunitaria"},"content":{"rendered":"<div class=\"wp-block-cover alignfull is-light\"><span aria-hidden=\"true\" class=\"wp-block-cover__background has-background-dim\"><\/span><img loading=\"lazy\" decoding=\"async\" width=\"2500\" height=\"1834\" class=\"wp-block-cover__image-background wp-image-957\" alt=\"\" src=\"https:\/\/ontheeveofabolition.com\/wp-content\/uploads\/OTE_NOLA_SONGevent_3.4.23-4-1.jpg\" style=\"object-position:4% 77%\" data-object-fit=\"cover\" data-object-position=\"4% 77%\" srcset=\"https:\/\/ontheeveofabolition.com\/wp-content\/uploads\/OTE_NOLA_SONGevent_3.4.23-4-1.jpg 2500w, https:\/\/ontheeveofabolition.com\/wp-content\/uploads\/OTE_NOLA_SONGevent_3.4.23-4-1-960x704.jpg 960w, https:\/\/ontheeveofabolition.com\/wp-content\/uploads\/OTE_NOLA_SONGevent_3.4.23-4-1-1320x968.jpg 1320w, https:\/\/ontheeveofabolition.com\/wp-content\/uploads\/OTE_NOLA_SONGevent_3.4.23-4-1-576x423.jpg 576w\" sizes=\"auto, (max-width: 2500px) 100vw, 2500px\" \/><div class=\"wp-block-cover__inner-container is-layout-flow wp-block-cover-is-layout-flow\">\n<h1 class=\"wp-block-heading has-text-align-center has-white-color has-text-color has-large-font-size\">participaci\u00d3n comunitaria<\/h1>\n<\/div><\/div>\n\n\n\n<div class=\"wp-block-group alignfull has-blue-background-color has-background is-layout-constrained wp-block-group-is-layout-constrained\">\n<p class=\"has-white-color has-text-color\" style=\"font-size:16px\">Un componente esencial de este proyecto es la participaci\u00f3n de abolicionistas carcelarios,\norganizaciones abolicionistas, as\u00ed como de gente encarcelada y previamente encarcelada, junto con sus familias. Para este proyecto, nos hemos comprometido en crear una visi\u00f3n de un futuro abolicionista y abrir el camino para formar parte de un activismo en tiempo real; un activismo que consiga abolir el complejo industrial carcelario y que, con la comunidad al volante, cree procesos de transformaci\u00f3n y reparaci\u00f3n. Logramos estas metas de la mano de nuestres colaboradores comunitaries y a trav\u00e9s de la comunicaci\u00f3n directa con les sobrevivientes del sistema carcelario. En este proyecto, Papel Machete ha trabajado con colaboradores y organizaciones aliadas de distintas maneras: ofreciendo talleres a sus integrantes, creando obras de arte y material promocional en apoyo a sus campa\u00f1as y haciendo intercambios art\u00edsticos con las personas encarceladas. Durante la gira de La v\u00edspera de la abolici\u00f3n, planeamos seguir formando conexiones con m\u00e1s grupos abolicionistas en Estados Unidos y Puerto Rico. Ponte en contacto con nosotros y construyamos juntes un mundo nuevo.&nbsp;<\/p>\n\n\n\n<div style=\"height:50px\" aria-hidden=\"true\" class=\"wp-block-spacer\"><\/div>\n\n\n\n<figure class=\"wp-block-embed is-type-video is-provider-youtube wp-block-embed-youtube wp-embed-aspect-16-9 wp-has-aspect-ratio\"><div class=\"wp-block-embed__wrapper\">\n<iframe loading=\"lazy\" title=\"On the Eve of Abolition Dallas Community Engagement 2022 (English subtitles)\" width=\"500\" height=\"281\" src=\"https:\/\/www.youtube.com\/embed\/oS-0qHalRvg?feature=oembed\" frameborder=\"0\" allow=\"accelerometer; autoplay; clipboard-write; encrypted-media; gyroscope; picture-in-picture; web-share\" referrerpolicy=\"strict-origin-when-cross-origin\" allowfullscreen><\/iframe>\n<\/div><\/figure>\n\n\n\n<div style=\"height:50px\" aria-hidden=\"true\" class=\"wp-block-spacer\"><\/div>\n\n\n\n<h3 class=\"wp-block-heading has-text-align-center has-white-color has-text-color\">community partners<\/h3>\n\n\n\n<div class=\"wp-block-columns is-layout-flex wp-container-core-columns-is-layout-d7d455e7 wp-block-columns-is-layout-flex\" style=\"padding-top:0;padding-right:0;padding-bottom:0;padding-left:0\">\n<div class=\"wp-block-column is-layout-flow wp-block-column-is-layout-flow\" style=\"flex-basis:33.33%\">\n<figure class=\"wp-block-image aligncenter size-large is-resized\"><img loading=\"lazy\" decoding=\"async\" width=\"1320\" height=\"697\" src=\"https:\/\/ontheeveofabolition.com\/wp-content\/uploads\/agitarte-logo-2020-1320x697.png\" alt=\"\" class=\"wp-image-1812\" style=\"width:259px;height:136px\" srcset=\"https:\/\/ontheeveofabolition.com\/wp-content\/uploads\/agitarte-logo-2020-1320x697.png 1320w, https:\/\/ontheeveofabolition.com\/wp-content\/uploads\/agitarte-logo-2020-960x507.png 960w, https:\/\/ontheeveofabolition.com\/wp-content\/uploads\/agitarte-logo-2020-576x304.png 576w\" sizes=\"auto, (max-width: 1320px) 100vw, 1320px\" \/><\/figure>\n<\/div>\n\n\n\n<div class=\"wp-block-column is-layout-flow wp-block-column-is-layout-flow\" style=\"flex-basis:66.66%\">\n<p class=\"has-white-color has-text-color\" style=\"font-size:16px\"><a href=\"https:\/\/www.agitarte.org\/\" target=\"_blank\" rel=\"noreferrer noopener\">AgitArte <\/a>es una organizaci\u00f3n de artistas de clase trabajadora y activistas culturales que trabajan las intersecciones de raza, clase, g\u00e9nero, sexualidad e ideolog\u00eda. A trav\u00e9s de una pr\u00e1ctica de solidaridad cultural, procesos creativos y educaci\u00f3n popular, iniciamos y facilitamos proyectos culturales y de arte con comunidades que desaf\u00edan la hegemon\u00eda cultural de los Estados Unidos y que proponen alternativas a los sistemas de opresi\u00f3n existentes.&nbsp;<\/p>\n<\/div>\n<\/div>\n\n\n\n<div style=\"height:10px\" aria-hidden=\"true\" class=\"wp-block-spacer\"><\/div>\n\n\n\n<div class=\"wp-block-columns is-layout-flex wp-container-core-columns-is-layout-d7d455e7 wp-block-columns-is-layout-flex\" style=\"padding-top:0;padding-right:0;padding-bottom:0;padding-left:0\">\n<div class=\"wp-block-column is-layout-flow wp-block-column-is-layout-flow\" style=\"flex-basis:33.33%\">\n<figure class=\"wp-block-image aligncenter size-full is-resized\"><img loading=\"lazy\" decoding=\"async\" width=\"512\" height=\"512\" src=\"https:\/\/ontheeveofabolition.com\/wp-content\/uploads\/cropped-site-icon.png\" alt=\"\" class=\"wp-image-1818\" style=\"width:175px;height:175px\" srcset=\"https:\/\/ontheeveofabolition.com\/wp-content\/uploads\/cropped-site-icon.png 512w, https:\/\/ontheeveofabolition.com\/wp-content\/uploads\/cropped-site-icon-150x150.png 150w\" sizes=\"auto, (max-width: 512px) 100vw, 512px\" \/><\/figure>\n<\/div>\n\n\n\n<div class=\"wp-block-column is-layout-flow wp-block-column-is-layout-flow\" style=\"flex-basis:66.66%\">\n<p class=\"has-white-color has-text-color\" style=\"font-size:16px\"><a href=\"https:\/\/www.prisonradio.org\/\" target=\"_blank\" rel=\"noreferrer noopener\">Prison Radio<\/a> is an independent multimedia production studio producing content for radio, television, and films for 34 years and distributing this work throughout the world. Prison Radio streams high-quality audio material to media outlets and the general public in order to add the voices of people most impacted by the prison industrial complex to the airwaves. Please take a listen <a href=\"http:\/\/prisonradio.org\/\">prisonradio.org<\/a><\/p>\n<\/div>\n<\/div>\n\n\n\n<div style=\"height:10px\" aria-hidden=\"true\" class=\"wp-block-spacer\"><\/div>\n\n\n\n<div class=\"wp-block-columns is-layout-flex wp-container-core-columns-is-layout-d7d455e7 wp-block-columns-is-layout-flex\" style=\"padding-top:0;padding-right:0;padding-bottom:0;padding-left:0\">\n<div class=\"wp-block-column is-layout-flow wp-block-column-is-layout-flow\" style=\"flex-basis:33.33%\">\n<figure class=\"wp-block-image aligncenter size-full is-resized is-style-rounded\"><img loading=\"lazy\" decoding=\"async\" width=\"300\" height=\"300\" src=\"https:\/\/ontheeveofabolition.com\/wp-content\/uploads\/song-300x300-1.jpeg\" alt=\"\" class=\"wp-image-1821\" style=\"width:175px;height:175px\" srcset=\"https:\/\/ontheeveofabolition.com\/wp-content\/uploads\/song-300x300-1.jpeg 300w, https:\/\/ontheeveofabolition.com\/wp-content\/uploads\/song-300x300-1-150x150.jpeg 150w\" sizes=\"auto, (max-width: 300px) 100vw, 300px\" \/><\/figure>\n<\/div>\n\n\n\n<div class=\"wp-block-column is-layout-flow wp-block-column-is-layout-flow\" style=\"flex-basis:66.66%\">\n<p class=\"has-white-color has-text-color\" style=\"font-size:16px\"><a href=\"https:\/\/southernersonnewground.org\/\" target=\"_blank\" rel=\"noreferrer noopener\">Southerners On New Ground (SONG)<\/a> provee un hogar que busca la liberaci\u00f3n LGBTQ\ntrascendiendo las l\u00edneas de raza, capacidad, edad, cultura, g\u00e9nero y sexualidad en la zona sur de los Estados Unidos. Construye, sostiene y vincula una base regional de personas LGBTQ para transformar la zona sur mediante proyectos estrat\u00e9gicos y campa\u00f1as desarrolladas en respuesta a las condiciones que enfrentan las comunidades. SONG se apoya en el crecimiento del liderazgo, an\u00e1lisis interseccional y activismo.<\/p>\n<\/div>\n<\/div>\n\n\n\n<div style=\"height:10px\" aria-hidden=\"true\" class=\"wp-block-spacer\"><\/div>\n\n\n\n<div class=\"wp-block-columns is-layout-flex wp-container-core-columns-is-layout-d7d455e7 wp-block-columns-is-layout-flex\" style=\"padding-top:0;padding-right:0;padding-bottom:0;padding-left:0\">\n<div class=\"wp-block-column is-layout-flow wp-block-column-is-layout-flow\" style=\"flex-basis:33.33%\">\n<figure class=\"wp-block-image aligncenter size-full is-resized is-style-default\"><img loading=\"lazy\" decoding=\"async\" width=\"495\" height=\"480\" src=\"https:\/\/ontheeveofabolition.com\/wp-content\/uploads\/sisters-unchained-graphic.jpeg\" alt=\"\" class=\"wp-image-1824\" style=\"width:175px;height:167px\"\/><\/figure>\n<\/div>\n\n\n\n<div class=\"wp-block-column is-layout-flow wp-block-column-is-layout-flow\" style=\"flex-basis:66.66%\">\n<p class=\"has-white-color has-text-color\" style=\"font-size:16px\"><a href=\"https:\/\/sistersunchained.com\/\" target=\"_blank\" rel=\"noreferrer noopener\">Sisters Unchained<\/a>&nbsp; es una organizaci\u00f3n sin fines de lucro dedicada a apoyar ni\u00f1as y mujeres j\u00f3venes con padres encarcelades o sobrevivientes de la c\u00e1rcel. Radicada en Boston, Massachusetts, Sisters Unchained brinda un espacio de refugio que permite a las mujeres de\ncolor enfocarse en el amor y el mejoramiento de s\u00ed mismas y sus comunidades del modo que\nles parezca adecuado.<\/p>\n<\/div>\n<\/div>\n\n\n\n<div style=\"height:10px\" aria-hidden=\"true\" class=\"wp-block-spacer\"><\/div>\n\n\n\n<div class=\"wp-block-columns is-layout-flex wp-container-core-columns-is-layout-d7d455e7 wp-block-columns-is-layout-flex\" style=\"padding-top:0;padding-right:0;padding-bottom:0;padding-left:0\">\n<div class=\"wp-block-column is-layout-flow wp-block-column-is-layout-flow\" style=\"flex-basis:33.33%\">\n<figure class=\"wp-block-image aligncenter size-large is-resized is-style-default\"><img loading=\"lazy\" decoding=\"async\" width=\"1320\" height=\"956\" src=\"https:\/\/ontheeveofabolition.com\/wp-content\/uploads\/GOTS-1320x956.jpeg\" alt=\"\" class=\"wp-image-2103\" style=\"width:196px;height:140px\" srcset=\"https:\/\/ontheeveofabolition.com\/wp-content\/uploads\/GOTS-1320x956.jpeg 1320w, https:\/\/ontheeveofabolition.com\/wp-content\/uploads\/GOTS-960x696.jpeg 960w, https:\/\/ontheeveofabolition.com\/wp-content\/uploads\/GOTS-576x417.jpeg 576w\" sizes=\"auto, (max-width: 1320px) 100vw, 1320px\" \/><\/figure>\n<\/div>\n\n\n\n<div class=\"wp-block-column is-layout-flow wp-block-column-is-layout-flow\" style=\"flex-basis:66.66%\">\n<p class=\"has-white-color has-text-color\" style=\"font-size:16px\"><a href=\"https:\/\/www.galleryofthestreets.org\/\" target=\"_blank\" rel=\"noreferrer noopener\">Gallery of the Streets<\/a>&nbsp; es una red en crecimiento de artistas, activistas, organizadores, personas acad\u00e9micas, trabajadores culturales e integrantes de la comunidad que est\u00e1 comprometides con explorar posibilidades radicales dentro de las geograf\u00edas negras.<\/p>\n<\/div>\n<\/div>\n\n\n\n<div style=\"height:50px\" aria-hidden=\"true\" class=\"wp-block-spacer\"><\/div>\n\n\n\n<figure class=\"wp-block-gallery aligncenter has-nested-images columns-default is-cropped wp-block-gallery-1 is-layout-flex wp-block-gallery-is-layout-flex\">\n<figure class=\"wp-block-image size-large\"><img loading=\"lazy\" decoding=\"async\" width=\"1320\" height=\"675\" data-id=\"2457\" src=\"https:\/\/ontheeveofabolition.com\/wp-content\/uploads\/dallas-mask-workshop-2-1320x675.jpg\" alt=\"\" class=\"wp-image-2457\" srcset=\"https:\/\/ontheeveofabolition.com\/wp-content\/uploads\/dallas-mask-workshop-2-1320x675.jpg 1320w, https:\/\/ontheeveofabolition.com\/wp-content\/uploads\/dallas-mask-workshop-2-960x491.jpg 960w, https:\/\/ontheeveofabolition.com\/wp-content\/uploads\/dallas-mask-workshop-2-576x294.jpg 576w\" sizes=\"auto, (max-width: 1320px) 100vw, 1320px\" \/><\/figure>\n<\/figure>\n\n\n\n<figure class=\"wp-block-image size-large\"><img loading=\"lazy\" decoding=\"async\" width=\"1320\" height=\"682\" src=\"https:\/\/ontheeveofabolition.com\/wp-content\/uploads\/Dallas-masks-workshop_sm-1320x682.jpeg\" alt=\"\" class=\"wp-image-2448\" srcset=\"https:\/\/ontheeveofabolition.com\/wp-content\/uploads\/Dallas-masks-workshop_sm-1320x682.jpeg 1320w, https:\/\/ontheeveofabolition.com\/wp-content\/uploads\/Dallas-masks-workshop_sm-960x496.jpeg 960w, https:\/\/ontheeveofabolition.com\/wp-content\/uploads\/Dallas-masks-workshop_sm-576x298.jpeg 576w\" sizes=\"auto, (max-width: 1320px) 100vw, 1320px\" \/><\/figure>\n\n\n\n<p class=\"has-text-align-center has-white-color has-text-color\"><em>Taller de mascaras facilit\u00f3 por Deborah Hunt con abolicionistas y miembros de la comunidad en Dallas, TX | septiembre 2022.<\/em><\/p>\n\n\n\n<figure class=\"wp-block-gallery aligncenter has-nested-images columns-default is-cropped wp-block-gallery-2 is-layout-flex wp-block-gallery-is-layout-flex\">\n<figure class=\"wp-block-image aligncenter size-large\"><img loading=\"lazy\" decoding=\"async\" width=\"1215\" height=\"1543\" data-id=\"2460\" src=\"https:\/\/ontheeveofabolition.com\/wp-content\/uploads\/OTE_NOLA_SONGevent_3.4.23-5-1-edited.jpg\" alt=\"\" class=\"wp-image-2460\" srcset=\"https:\/\/ontheeveofabolition.com\/wp-content\/uploads\/OTE_NOLA_SONGevent_3.4.23-5-1-edited.jpg 1215w, https:\/\/ontheeveofabolition.com\/wp-content\/uploads\/OTE_NOLA_SONGevent_3.4.23-5-1-edited-960x1219.jpg 960w, https:\/\/ontheeveofabolition.com\/wp-content\/uploads\/OTE_NOLA_SONGevent_3.4.23-5-1-edited-576x731.jpg 576w\" sizes=\"auto, (max-width: 1215px) 100vw, 1215px\" \/><\/figure>\n\n\n\n<figure class=\"wp-block-image aligncenter size-large\"><img loading=\"lazy\" decoding=\"async\" width=\"1320\" height=\"880\" data-id=\"981\" src=\"https:\/\/ontheeveofabolition.com\/wp-content\/uploads\/OTE_NOLA_SONGevent_3.4.23-17-1-1320x880.jpg\" alt=\"\" class=\"wp-image-981\" style=\"object-fit:cover\" srcset=\"https:\/\/ontheeveofabolition.com\/wp-content\/uploads\/OTE_NOLA_SONGevent_3.4.23-17-1-1320x880.jpg 1320w, https:\/\/ontheeveofabolition.com\/wp-content\/uploads\/OTE_NOLA_SONGevent_3.4.23-17-1-960x640.jpg 960w, https:\/\/ontheeveofabolition.com\/wp-content\/uploads\/OTE_NOLA_SONGevent_3.4.23-17-1-576x384.jpg 576w\" sizes=\"auto, (max-width: 1320px) 100vw, 1320px\" \/><\/figure>\n<\/figure>\n\n\n\n<p class=\"has-text-align-center has-white-color has-text-color\"><em>Colaboraci\u00f3n de Papel Machete y SONG New Orleans en New Orleans, marzo 2023.<\/em><\/p>\n\n\n\n<div style=\"height:50px\" aria-hidden=\"true\" class=\"wp-block-spacer\"><\/div>\n\n\n\n<h3 class=\"wp-block-heading has-text-align-center has-white-color has-text-color\">colaboradores encarcelades<\/h3>\n\n\n\n<div class=\"wp-block-columns is-layout-flex wp-container-core-columns-is-layout-28f84493 wp-block-columns-is-layout-flex\">\n<div class=\"wp-block-column is-layout-flow wp-block-column-is-layout-flow\" style=\"flex-basis:33.33%\">\n<figure class=\"wp-block-image size-full\"><img loading=\"lazy\" decoding=\"async\" width=\"1200\" height=\"1200\" src=\"https:\/\/ontheeveofabolition.com\/wp-content\/uploads\/OTE-photos-bios-Pitt-Panther.jpeg\" alt=\"Portrait of Pitt Panther\" class=\"wp-image-463\" srcset=\"https:\/\/ontheeveofabolition.com\/wp-content\/uploads\/OTE-photos-bios-Pitt-Panther.jpeg 1200w, https:\/\/ontheeveofabolition.com\/wp-content\/uploads\/OTE-photos-bios-Pitt-Panther-960x960.jpeg 960w, https:\/\/ontheeveofabolition.com\/wp-content\/uploads\/OTE-photos-bios-Pitt-Panther-150x150.jpeg 150w, https:\/\/ontheeveofabolition.com\/wp-content\/uploads\/OTE-photos-bios-Pitt-Panther-576x576.jpeg 576w\" sizes=\"auto, (max-width: 1200px) 100vw, 1200px\" \/><\/figure>\n<\/div>\n\n\n\n<div class=\"wp-block-column is-layout-flow wp-block-column-is-layout-flow\" style=\"flex-basis:66.66%\">\n<p class=\"has-white-color has-text-color\"><strong>Pitt Panther<\/strong> (Peter Kalamu Mukuria) es un artista visual y <a href=\"https:\/\/www.prisonradio.org\/correspondent\/peter-murkuria\/\" target=\"_blank\" rel=\"noreferrer noopener\">corresponsal de Prison Radio.<\/a>Al presente, se encuentra encarcelado en Interstate Compact-Facility en Maryland. Naci\u00f3 en Nairobi, Kenya y se crio en Richmond, Virginia. Pitt es un revolucionario y artista prol\u00edfico. Sirve como ministro del trabajo en el Partido Revolucionario Intercomunal de las Panteras Negras y forma parte del liderazgo del Comit\u00e9 Organizador de Trabajadores Encarcelados de Trabajadores Industriales del Mundo. Contactamos a Pitt por primera vez durante el verano de 2021, cuando \u00e9l estaba en la prisi\u00f3n estatal Red Onion en Virginia, y lo invitamos a que participara en el proceso creativo y desarrollo de La v\u00edspera de la abolici\u00f3n. Desde entonces,\nPitt ha creado varios trabajos visuales originales y ha grabado entrevistas,<a href=\"https:\/\/www.agitarte.org\/projects\/pittpantherinterview\/\" target=\"_blank\" rel=\"noreferrer noopener\"> como esta<\/a> which have been incorporated into the live performance. We\u2019re grateful to Pitt and his partner Sojourner for their generosity and willingness to build this abolitionist vision with us. <a href=\"https:\/\/www.instagram.com\/pittpanther_art\/\" target=\"_blank\" rel=\"noreferrer noopener\">@pittpanther_art<\/a><\/p>\n\n\n\n<p><\/p>\n<\/div>\n<\/div>\n\n\n\n<div class=\"wp-block-columns is-layout-flex wp-container-core-columns-is-layout-28f84493 wp-block-columns-is-layout-flex\">\n<div class=\"wp-block-column is-layout-flow wp-block-column-is-layout-flow\" style=\"flex-basis:33.33%\">\n<figure class=\"wp-block-image size-full\"><img loading=\"lazy\" decoding=\"async\" width=\"262\" height=\"332\" src=\"https:\/\/ontheeveofabolition.com\/wp-content\/uploads\/Krystal-e1693512607137.jpeg\" alt=\"\" class=\"wp-image-1839\" srcset=\"https:\/\/ontheeveofabolition.com\/wp-content\/uploads\/Krystal-e1693512607137.jpeg 262w, https:\/\/ontheeveofabolition.com\/wp-content\/uploads\/Krystal-e1693512607137-9x12.jpeg 9w\" sizes=\"auto, (max-width: 262px) 100vw, 262px\" \/><\/figure>\n<\/div>\n\n\n\n<div class=\"wp-block-column is-layout-flow wp-block-column-is-layout-flow\" style=\"flex-basis:66.66%\">\n<p class=\"has-white-color has-text-color\"><strong>Krystal Clark<\/strong> is a 40 year-old mother of four, grandmother, devoted friend and <a href=\"https:\/\/www.prisonradio.org\/correspondent\/krystal-clark\/\" target=\"_blank\" rel=\"noreferrer noopener\">corresponsal de Prison Radio.<\/a>Ha estado encarcelada en Huron Valley, la c\u00e1rcel de mujeres a la que llaman \u201cel valle de la muerte\u201d en Ypsilanti, Michigan por los pasados 13 a\u00f1os. El estado de Michigan est\u00e1 matando a Krystal lentamente: Krystal sufre de problemas graves de salud y alergias a hongos que proliferan en las instalaciones de la c\u00e1rcel; una situaci\u00f3n que el Departamento Correccional de Michigan (MDOC por sus siglas en ingl\u00e9s) se niega a atender. Ha pedido ayuda al personal m\u00e9dico de MDOC, al director de la prisi\u00f3n y a funcionarios p\u00fablicos, pero sus reclamos han ca\u00eddo en o\u00eddos sordos. Sus amigos, familia y profesionales m\u00e9dicos fuera de la c\u00e1rcel han confirmado que, s\u00ed Krystal no sale de la prisi\u00f3n cuanto antes, morir\u00e1 all\u00ed. Inicialmente, contactamos a Krystal en 2022, ya que nos sent\u00edamos muy preocupades debido a su situaci\u00f3n, para ofrecerle cualquier recurso y ayuda a nuestro alcance que pudiese adelantar su salida. Entra a <a href=\"https:\/\/ontheeveofabolition.com\/es\/actions-for-abolition\/\" target=\"_blank\" rel=\"noreferrer noopener\">Acciones de liberaci\u00f3n<\/a> y ve de qu\u00e9 modo puedes <a href=\"https:\/\/freekrystal.com\/\" target=\"_blank\" rel=\"noreferrer noopener\">apoyar a Krystal<\/a>.<\/p>\n\n\n\n<p><\/p>\n<\/div>\n<\/div>\n\n\n\n<div style=\"height:50px\" aria-hidden=\"true\" class=\"wp-block-spacer\"><\/div>\n\n\n\n<p class=\"has-white-color has-text-color\"><\/p>\n<\/div>","protected":false},"excerpt":{"rendered":"<p>A major component of this project is engagement with prison abolitionists, abolitionist organizations, and currently and formerly incarcerated people and their families. Our commitment for this project is to create a vision of an abolitionist future and then offer pathways to engage in real time organizing toward the abolition of the prison industrial complex and [&hellip;]<\/p>","protected":false},"author":9,"featured_media":0,"parent":0,"menu_order":0,"comment_status":"closed","ping_status":"closed","template":"","meta":{"_acf_changed":false,"inline_featured_image":false,"footnotes":""},"class_list":["post-948","page","type-page","status-publish","hentry"],"acf":[],"_links":{"self":[{"href":"https:\/\/ontheeveofabolition.com\/es\/wp-json\/wp\/v2\/pages\/948","targetHints":{"allow":["GET"]}}],"collection":[{"href":"https:\/\/ontheeveofabolition.com\/es\/wp-json\/wp\/v2\/pages"}],"about":[{"href":"https:\/\/ontheeveofabolition.com\/es\/wp-json\/wp\/v2\/types\/page"}],"author":[{"embeddable":true,"href":"https:\/\/ontheeveofabolition.com\/es\/wp-json\/wp\/v2\/users\/9"}],"replies":[{"embeddable":true,"href":"https:\/\/ontheeveofabolition.com\/es\/wp-json\/wp\/v2\/comments?post=948"}],"version-history":[{"count":0,"href":"https:\/\/ontheeveofabolition.com\/es\/wp-json\/wp\/v2\/pages\/948\/revisions"}],"wp:attachment":[{"href":"https:\/\/ontheeveofabolition.com\/es\/wp-json\/wp\/v2\/media?parent=948"}],"curies":[{"name":"wp","href":"https:\/\/api.w.org\/{rel}","templated":true}]}}