{"id":924,"date":"2023-05-15T19:50:54","date_gmt":"2023-05-15T19:50:54","guid":{"rendered":"http:\/\/abolition.dev.onpressidium.com\/?page_id=924"},"modified":"2023-11-28T14:39:32","modified_gmt":"2023-11-28T20:39:32","slug":"faq","status":"publish","type":"page","link":"https:\/\/ontheeveofabolition.com\/es\/about-the-project\/faq\/","title":{"rendered":"FAQ"},"content":{"rendered":"<div class=\"wp-block-cover alignfull\"><span aria-hidden=\"true\" class=\"wp-block-cover__background has-background-dim\"><\/span><img loading=\"lazy\" decoding=\"async\" width=\"2500\" height=\"1667\" class=\"wp-block-cover__image-background wp-image-1878\" alt=\"\" src=\"https:\/\/ontheeveofabolition.com\/wp-content\/uploads\/OTE_NOLA_bunker1_3.3.23-24.jpg\" style=\"object-position:50% 8%\" data-object-fit=\"cover\" data-object-position=\"50% 8%\" srcset=\"https:\/\/ontheeveofabolition.com\/wp-content\/uploads\/OTE_NOLA_bunker1_3.3.23-24.jpg 2500w, https:\/\/ontheeveofabolition.com\/wp-content\/uploads\/OTE_NOLA_bunker1_3.3.23-24-960x640.jpg 960w, https:\/\/ontheeveofabolition.com\/wp-content\/uploads\/OTE_NOLA_bunker1_3.3.23-24-1320x880.jpg 1320w, https:\/\/ontheeveofabolition.com\/wp-content\/uploads\/OTE_NOLA_bunker1_3.3.23-24-576x384.jpg 576w\" sizes=\"auto, (max-width: 2500px) 100vw, 2500px\" \/><div class=\"wp-block-cover__inner-container is-layout-flow wp-block-cover-is-layout-flow\">\n<h2 class=\"wp-block-heading has-text-align-center has-large-font-size\">f.a.q.<\/h2>\n\n\n\n<p class=\"has-text-align-center\" style=\"font-size:16px\">(Preguntas Frequentes)<\/p>\n<\/div><\/div>\n\n\n\n<div class=\"wp-block-group alignfull has-white-color has-blue-background-color has-text-color has-background is-layout-constrained wp-block-group-is-layout-constrained\" style=\"font-size:16px\">\n<ol class=\"wp-block-list\">\n<li><strong>\u00bfQu\u00e9 es <em><em>La v\u00edspera de la abolici\u00f3n<\/em><\/em>?&nbsp;<\/strong><\/li>\n<\/ol>\n\n\n\n<p class=\"has-white-color has-text-color\"><em><em>La v\u00edspera de la abolici\u00f3n<\/em><\/em> is an original bilingual (Spanish-English), multimedia, and mask\/puppet theater performance by Papel Machete about the last day of the last prison in transnational liberated lands of what used to be known as the U.S. and Mexico, after a movement of abolitionists have created the conditions to end the prison industrial complex. The story is set in 2047 and imagines abolition camps, formerly incarcerated people, families, and activists outside, and from within, prisoners organized in this final moment to end all prisons.&nbsp;<\/p>\n\n\n\n<p class=\"has-white-color has-text-color\">Utilizamos t\u00edteres de varilla, de mesa y de sombras, m\u00e1scaras, escenograf\u00edas en miniatura, pop-ups, stop-motion y proyecci\u00f3n de v\u00eddeo para crear una experiencia inmersiva para el p\u00fablico. El proyecto es desarrollado e interpretado por artistas de Papel Machete y colaboradores.&nbsp;<\/p>\n\n\n\n<p class=\"has-white-color has-text-color translation-block\">Para m\u00e1s informaci\u00f3n sobre la creaci\u00f3n de <em>La v\u00edspera de la abolici\u00f3n<\/em> acceda a nuestra p\u00e1gina <a href=\"https:\/\/ontheeveofabolition.com\/es\/about-the-project\/creative-process\/\" target=\"_blank\" rel=\"noreferrer noopener\">Proceso Creativo.<\/a><\/p>\n\n\n\n<div style=\"height:50px\" aria-hidden=\"true\" class=\"wp-block-spacer\"><\/div>\n\n\n\n<ol class=\"wp-block-list\" start=\"2\">\n<li><strong>\u00bfQui\u00e9n es Papel Machete?&nbsp;<\/strong><\/li>\n<\/ol>\n\n\n\n<p class=\"has-white-color has-text-color\">Papel Machete es un colectivo radical de teatro y t\u00edteres que produce e interpreta obras originales en Puerto Rico y Estados Unidos. El colectivo comenz\u00f3 su trayectoria el 1 de mayo de 2006, durante el cierre gubernamental, en respuesta a la crisis econ\u00f3mica y pol\u00edtica generada por el estatus de Puerto Rico como colonia de los Estados Unidos. Desde entonces, han creado una obra inspirada en una est\u00e9tica y unos valores comunes. Utilizando el papel mach\u00e9 como medio principal, Papel Machete explora una amplia gama de formas y estilos art\u00edsticos, como el teatro de t\u00edteres, las cantastorias, el teatro de sombras, los t\u00edteres de mesa, las m\u00e1scaras, los objetos esc\u00e9nicos y t\u00edteres gigantes. Papel Machete ha llevado el teatro a nuevos lugares y audiencias  para denunciar la explotaci\u00f3n, fomentar la solidaridad y agitar a la acci\u00f3n en las luchas de las comunidades de primera l\u00ednea.&nbsp;&nbsp;<\/p>\n\n\n\n<p>\u00a0<a href=\"http:\/\/papelmachete.com\/\" target=\"_blank\" rel=\"noreferrer noopener\">Papelmachete.com<\/a> | <a href=\"https:\/\/www.instagram.com\/papelmachete\/\" target=\"_blank\" rel=\"noreferrer noopener\">@papelmachete<\/a>\u00a0<\/p>\n\n\n\n<div style=\"height:50px\" aria-hidden=\"true\" class=\"wp-block-spacer\"><\/div>\n\n\n\n<ol class=\"wp-block-list\" start=\"3\">\n<li><strong>\u00bfQu\u00e9 es la abolici\u00f3n de las prisiones?&nbsp;<\/strong><\/li>\n<\/ol>\n\n\n\n<p class=\"has-white-color has-text-color\">Nos gusta la definici\u00f3n proporcionada por <a href=\"https:\/\/criticalresistance.org\/\" target=\"_blank\" rel=\"noreferrer noopener\">Resistencia Cr\u00edtica<\/a>. This and more resources about PIC abolition can be found on our <a href=\"https:\/\/ontheeveofabolition.com\/es\/resources\/\" target=\"_blank\" rel=\"noreferrer noopener\">\u00bfQu\u00e9 es la abolici\u00f3n de las prisiones?<\/a> page:<\/p>\n\n\n\n<p class=\"has-white-color has-text-color translation-block\"><strong><em>Prison Industrial Complex Abolition<\/em><\/strong><em> is a political vision with the goal of eliminating imprisonment, policing, and surveillance and creating lasting alternatives to punishment and imprisonment. From where we are now, sometimes we can\u2019t really imagine what abolition is going to look like. Abolition isn\u2019t just about getting rid of buildings full of cages. It\u2019s also about undoing the society we live in because the PIC both feeds on and maintains oppression and inequalities through punishment, violence, and controls millions of people. Because the PIC is not an isolated system, abolition is a broad strategy.&nbsp;<\/em><\/p>\n\n\n\n<p class=\"has-white-color has-text-color\"><em>Una visi\u00f3n abolicionista significa que debemos construir modelos hoy que puedan representar c\u00f3mo queremos vivir en el futuro. Significa desarrollar estrategias pr\u00e1cticas para dar peque\u00f1os pasos que nos lleven a hacer realidad nuestros sue\u00f1os y que nos lleven a todos a creer que las cosas realmente podr\u00edan ser diferentes. Significa vivir esta visi\u00f3n en nuestra vida cotidiana. La abolici\u00f3n es tanto una herramienta pr\u00e1ctica de organizaci\u00f3n como un objetivo a largo plazo.  -Definici\u00f3n de Resistencia Cr\u00edtica<\/em><\/p>\n\n\n\n<div style=\"height:50px\" aria-hidden=\"true\" class=\"wp-block-spacer\"><\/div>\n\n\n\n<ol class=\"wp-block-list\" start=\"4\">\n<li><strong>\u00bfPor qu\u00e9 crear una obra sobre la abolici\u00f3n de las prisiones? \u00bfPor qu\u00e9 ahora?<\/strong><\/li>\n<\/ol>\n\n\n\n<p class=\"has-white-color has-text-color\">Estados Unidos es el mayor carcelero del mundo, encarcelando a m\u00e1s de dos millones de personas en prisiones, c\u00e1rceles, centros de detenci\u00f3n de ICE y centros de detenci\u00f3n de menores. Este pa\u00eds aprisiona y encarcela anualmente a millones de personas negres, transexuales, inmigrantes, ind\u00edgenas y pobres, perjudicando considerablemente a las familias y comunidades de los encarcelades. En las \u00faltimas cuatro d\u00e9cadas, la poblaci\u00f3n de personas encarceladas en prisiones de mujeres ha aumentado m\u00e1s de un 700%. Las mujeres negras son encarceladas el doble que las mujeres blancas y casi 1 de cada 2 mujeres negras trans afirma haber sido encarcelada al menos una vez en su vida. Adem\u00e1s a menudo se las clasifica err\u00f3neamente y se las recluye en prisiones de hombres.&nbsp;<\/p>\n\n\n\n<p class=\"has-white-color has-text-color\">El sistema penitenciario no s\u00f3lo ha demostrado ser una estrategia pol\u00edtica para mantener a estas poblaciones encarceladas, sino que adem\u00e1s no consigue rehabilitar, detener el da\u00f1o ni mejorar la seguridad p\u00fablica.&nbsp;<\/p>\n\n\n\n<p class=\"has-white-color has-text-color\">La abolici\u00f3n de las prisiones no consiste s\u00f3lo en cerrar c\u00e1rceles y prisiones (aunque esto es importante). Se trata de proporcionar los recursos que todes necesitamos para llevar una vida sana y evitar reacciones basadas en el castigo ante los llamados \"delitos\". La abolici\u00f3n de las prisiones es intr\u00ednsecamente interseccional, anticapitalista, antiracista y proporciona una visi\u00f3n y una hoja de ruta que conducen a una sociedad que valora cada vida como algo preciado. Tambi\u00e9n se compone de millones de experimentos creados y puestos a prueba por las comunidades m\u00e1s afectadas por el estado carcelario, que est\u00e1n construyendo activamente un futuro sin prisiones ni polic\u00eda.&nbsp;<\/p>\n\n\n\n<p class=\"has-white-color has-text-color translation-block\">Como artistas y organizadores culturales, generamos obras que apoyan y ampl\u00edan la imaginaci\u00f3n pol\u00edtica de los activistas en su labor de organizaci\u00f3n comunitaria. El sistema de justicia penal ha sido un instrumento para el desplazamiento de nuestras comunidades y la ruptura de nuestras familias, utilizado por el Estado para consolidar y mantener su poder econ\u00f3mico y pol\u00edtico. Nuestra estrategia es crear arte que agite e interrumpa las narrativas actuales del encarcelamiento, y genere un di\u00e1logo sobre un futuro emancipador y la liberaci\u00f3n de todos los pueblos oprimidos.<\/p>\n\n\n\n<p class=\"has-white-color has-text-color translation-block\">Cuando Papel Machete imagin\u00f3 por primera vez La v\u00edspera de la abolici\u00f3n, fue mucho antes de las protestas de George Floyd en EE.UU. y, ciertamente, antes de que el concepto de abolici\u00f3n de las prisiones fuera tan ampliamente discutido y aceptado como lo es hoy, a pesar de la trayectoria organizativa y acad\u00e9mica de abolicionistas como Ruth Wilson Gilmore, Angela Davis, Mariame Kaba y muchos otros. Dicho esto, los EE.UU. y Puerto Rico tienen un largo camino por recorrer antes de que la abolici\u00f3n pueda hacerse realidad y para muchos todav\u00eda es dif\u00edcil imaginar un mundo sin prisiones y sin polic\u00eda. Por eso creemos que este proyecto es tan importante en este momento, pues presenta una visi\u00f3n de c\u00f3mo podr\u00eda ser la abolici\u00f3n de las prisiones y una sociedad m\u00e1s all\u00e1 del capitalismo.<\/p>\n\n\n\n<p class=\"has-white-color has-text-color translation-block\">[Fuentes: Mariame Kaba's PIC Abolition 101, <a href=\"https:\/\/www.prisonpolicy.org\/reports\/pie2022.html\" target=\"_blank\" rel=\"noreferrer noopener\">Prison Policy Initiative Whole Pie 2022<\/a>, Ruth Wilson Gilmore].<\/p>\n\n\n\n<div style=\"height:50px\" aria-hidden=\"true\" class=\"wp-block-spacer\"><\/div>\n\n\n\n<ol class=\"wp-block-list\" start=\"5\">\n<li><strong>\u00bfPor qu\u00e9 utilizar t\u00edteres y m\u00e1scaras para contar esta historia?&nbsp;<\/strong> <\/li>\n<\/ol>\n\n\n\n<p><\/p>\n\n\n\n<p class=\"has-white-color has-text-color translation-block\">Utilizamos varias formas de narraci\u00f3n para romper con las narrativas actuales del encarcelamiento y generar un di\u00e1logo hacia la liberaci\u00f3n de todas las personas oprimidas. Los t\u00edteres no tienen l\u00edmites en cuanto a la forma de contar historias y a la manera en que el p\u00fablico puede relacionarse con lo que usualmente se consideran temas dif\u00edciles. Aunque las t\u00e9cnicas de narraci\u00f3n utilizadas en <em>La v\u00edspera de la abolici\u00f3n<\/em> son formas antiguas relacionadas con el teatro popular y folcl\u00f3rico, en esta obra, Papel Machete y sus colaboradores exploran nuevas formas de ampliar los l\u00edmites de estas formas. Creamos utilizando varios estilos de t\u00edteres, m\u00e1scaras y teatro f\u00edsico porque es una herramienta eficaz para ayudar al p\u00fablico a replantearse el mundo.<\/p>\n\n\n\n<p class=\"has-white-color has-text-color\">Los t\u00edteres se convierten en protagonistas de su propia historia a trav\u00e9s de sus movimientos expresivos y gestos inherentes y su relaci\u00f3n con la imaginaci\u00f3n del int\u00e9rprete. Mediante este intercambio, a menudo metaf\u00f3rico, el objeto se convierte en sujeto. Esta oportunidad permite nuevas narrativas hacia una visi\u00f3n abolicionista de nuestro mundo. La obra invita y compromete a la gente en una conversaci\u00f3n transformadora en torno a la abolici\u00f3n de las prisiones, presentando alternativas y nuevos conceptos dentro de las luchas decoloniales y de liberaci\u00f3n en EE.UU. y Puerto Rico.&nbsp;<\/p>\n\n\n\n<p class=\"has-white-color has-text-color\">El desarrollo de ideas y la creaci\u00f3n de la historia fueron concebidos a trav\u00e9s de un proceso altamente colaborativo que involucr\u00f3 a un grupo central de artistas, comenzando con tareas de escritura de ficci\u00f3n especulativa y experimentaci\u00f3n \/ creaci\u00f3n de prototipos de t\u00edteres. Al igual que la organizaci\u00f3n abolicionista consiste tanto en probar y aprender del fracaso como en cerrar prisiones; hemos probado, construido, fracasado y reconstruido en colaboraci\u00f3n t\u00edteres en escala real y en miniatura, m\u00e1scaras y media m\u00e1scaras, y muchos otros objetos esc\u00e9nicos, en persona y virtualmente, a lo largo de los \u00faltimos tres a\u00f1os.&nbsp;<\/p>\n\n\n\n<div style=\"height:50px\" aria-hidden=\"true\" class=\"wp-block-spacer\"><\/div>\n\n\n\n<p class=\"has-white-color has-text-color\"><strong>6.<\/strong> <strong>Is<em> <em>La v\u00edspera de la abolici\u00f3n<\/em><\/em> coming to our town? If not, how can we bring the play to our community?&nbsp;<\/strong><\/p>\n\n\n\n<p><\/p>\n\n\n\n<p class=\"has-white-color has-text-color translation-block\">Muchas gracias por su inter\u00e9s en la obra. Por el momento, tenemos previsto llevar <em>La v\u00edspera de la abolici\u00f3n<\/em> a Nueva York, Boston, Vermont, Maine, Nueva Orleans y San Jos\u00e9 (California) a partir de oto\u00f1o de 2024, a la espera de compromisos de los comisarios y presentadores. Consulte nuestra p\u00e1gina de <a href=\"https:\/\/ontheeveofabolition.com\/es\/tour\/\" target=\"_blank\" rel=\"noreferrer noopener\">giras<\/a> o <a href=\"https:\/\/agitarte.us14.list-manage.com\/subscribe?u=1f75480ab646cd83b447064e8&amp;id=b57516901f\" target=\"_blank\">suscr\u00edbase<\/a> al bolet\u00edn de AgitArte para obtener m\u00e1s informaci\u00f3n sobre las fechas de las giras y las entradas.<\/p>\n\n\n\n<p class=\"has-white-color has-text-color translation-block\">Estamos interesados en trabajar con comunidades comprometidas con la abolici\u00f3n del Complejo Industrial Carcelario (PIC) y con teatros\/presentadores que puedan encargar esta obra. <a href=\"https:\/\/ontheeveofabolition.com\/es\/contact\/\" target=\"_blank\" rel=\"noreferrer noopener\">Cont\u00e1ctenos<\/a> para hablar de las posibilidades.<\/p>\n\n\n\n<div style=\"height:50px\" aria-hidden=\"true\" class=\"wp-block-spacer\"><\/div>\n\n\n\n<p class=\"has-white-color has-text-color\"><strong>\u00bfQu\u00e9 otres artistas, pensadores, estudioses, abolicionistas y organizadores han influenciado o inspirado este proyecto?&nbsp;<\/strong><\/p>\n\n\n\n<p><\/p>\n\n\n\n<p class=\"has-white-color has-text-color translation-block\">\u00a1Hay muchos! Hemos incluido a varios de elles en la secci\u00f3n <a href=\"https:\/\/ontheeveofabolition.com\/es\/resources\/\" target=\"_blank\" rel=\"noreferrer noopener\">Recursos<\/a> del sitio web. Nos hemos inspirado especialmente en el trabajo de las abolicionistas de prisiones Ruth Wilson Gilmore y Mariame Kaba, y en la labor organizativa y creativa de nuestros socios Prison Radio y Gallery of the Streets. Integramos la actuaci\u00f3n y la m\u00fasica caribe\u00f1as con el teatro popular y las tradiciones narrativas, para crear mundos completos que permitan una experiencia est\u00e9tica inmersiva. Esto es coherente con las ense\u00f1anzas de la titiritera y colaboradora a largo plazo, Deborah Hunt.<\/p>\n\n\n\n<p class=\"has-white-color has-text-color translation-block\">Visite nuestra p\u00e1gina <a href=\"https:\/\/ontheeveofabolition.com\/es\/about-the-project\/creative-process\/\" target=\"_blank\" rel=\"noreferrer noopener\">Proceso Creativo<\/a> para obtener m\u00e1s informaci\u00f3n sobre las t\u00e9cnicas y tradiciones narrativas espec\u00edficas que utilizamos en la obra.<\/p>\n\n\n\n<div style=\"height:50px\" aria-hidden=\"true\" class=\"wp-block-spacer\"><\/div>\n\n\n\n<p class=\"has-white-color has-text-color translation-block\"><strong>He visto <em>La v\u00edspera de la abolici\u00f3n.<\/em> \u00bfY ahora qu\u00e9?<\/strong><\/p>\n\n\n\n<p><\/p>\n\n\n\n<p class=\"has-white-color has-text-color\">Gracias por venir a nuestro espect\u00e1culo. Reconocemos que el trabajo cultural es s\u00f3lo un aspecto de la construcci\u00f3n de un futuro sin prisiones, polic\u00eda ni vigilancia. Queremos destacar la labor de la organizaci\u00f3n de grupos abolicionistas del PIC en Estados Unidos, como Critical Resistance, Project NIA y Prison Radio, y animamos a todos los que hayan visto La v\u00edspera de la abolici\u00f3n a que sigan su trabajo organizativo y encuentren formas de participar. <em>organizing<\/em> work of PIC abolition groups in the U.S. like <a href=\"https:\/\/criticalresistance.org\/\" target=\"_blank\" rel=\"noreferrer noopener\">Resistencia Cr\u00edtica<\/a>, <a href=\"https:\/\/project-nia.org\/\" target=\"_blank\" rel=\"noreferrer noopener\">Project NIA<\/a> and <a href=\"https:\/\/www.prisonradio.org\/\" target=\"_blank\" rel=\"noreferrer noopener\">Prison Radio<\/a>. We encourage all who have seen <em><em>La v\u00edspera de la abolici\u00f3n<\/em><\/em> to follow their work and find ways to get plugged in.\u00a0<\/p>\n\n\n\n<p class=\"has-white-color has-text-color translation-block\">Tambi\u00e9n recomendamos visitar nuestra p\u00e1gina Acciones por la abolici\u00f3n para conocer las acciones actualizadas que puedes llevar a cabo hoy en solidaridad con las personas encarceladas y sus familias, as\u00ed como las campa\u00f1as de organizaci\u00f3n abolicionista vigentes. Considera la posibilidad de establecer contacto con una persona encarcelada y fomentar una relaci\u00f3n con ella. Black &amp; Pink es un gran recurso si eres nuevo en esto de crear amistad por correspondencia. Prison Radio tiene una lista de corresponsales que informan sobre las condiciones dentro de las prisiones y su informaci\u00f3n de contacto.<\/p>\n\n\n\n<div style=\"height:100px\" aria-hidden=\"true\" class=\"wp-block-spacer\"><\/div>\n<\/div>","protected":false},"excerpt":{"rendered":"<p>On the Eve of Abolition is an original bilingual (Spanish-English), multimedia, and mask\/puppet theater performance by Papel Machete about the last day of the last prison in transnational liberated lands of what used to be known as the U.S. and Mexico, after a movement of abolitionists have created the conditions to end the prison industrial [&hellip;]<\/p>","protected":false},"author":9,"featured_media":0,"parent":67,"menu_order":3,"comment_status":"closed","ping_status":"closed","template":"","meta":{"_acf_changed":false,"inline_featured_image":false,"footnotes":""},"class_list":["post-924","page","type-page","status-publish","hentry"],"acf":[],"_links":{"self":[{"href":"https:\/\/ontheeveofabolition.com\/es\/wp-json\/wp\/v2\/pages\/924","targetHints":{"allow":["GET"]}}],"collection":[{"href":"https:\/\/ontheeveofabolition.com\/es\/wp-json\/wp\/v2\/pages"}],"about":[{"href":"https:\/\/ontheeveofabolition.com\/es\/wp-json\/wp\/v2\/types\/page"}],"author":[{"embeddable":true,"href":"https:\/\/ontheeveofabolition.com\/es\/wp-json\/wp\/v2\/users\/9"}],"replies":[{"embeddable":true,"href":"https:\/\/ontheeveofabolition.com\/es\/wp-json\/wp\/v2\/comments?post=924"}],"version-history":[{"count":0,"href":"https:\/\/ontheeveofabolition.com\/es\/wp-json\/wp\/v2\/pages\/924\/revisions"}],"up":[{"embeddable":true,"href":"https:\/\/ontheeveofabolition.com\/es\/wp-json\/wp\/v2\/pages\/67"}],"wp:attachment":[{"href":"https:\/\/ontheeveofabolition.com\/es\/wp-json\/wp\/v2\/media?parent=924"}],"curies":[{"name":"wp","href":"https:\/\/api.w.org\/{rel}","templated":true}]}}