{"id":73,"date":"2022-07-23T03:48:25","date_gmt":"2022-07-23T03:48:25","guid":{"rendered":"https:\/\/ppmtheme:8890\/?page_id=73"},"modified":"2025-08-24T18:20:02","modified_gmt":"2025-08-24T23:20:02","slug":"actions-for-abolition","status":"publish","type":"page","link":"https:\/\/ontheeveofabolition.com\/es\/actions-for-abolition\/","title":{"rendered":"Actions for abolition"},"content":{"rendered":"<div class=\"wp-block-cover alignfull\"><img loading=\"lazy\" decoding=\"async\" width=\"2500\" height=\"1667\" class=\"wp-block-cover__image-background wp-image-1191\" alt=\"\" src=\"https:\/\/ontheeveofabolition.com\/wp-content\/uploads\/OTE_WIP_ensayo_3_9.28.22-39.jpg\" style=\"object-position:52% 18%\" data-object-fit=\"cover\" data-object-position=\"52% 18%\" srcset=\"https:\/\/ontheeveofabolition.com\/wp-content\/uploads\/OTE_WIP_ensayo_3_9.28.22-39.jpg 2500w, https:\/\/ontheeveofabolition.com\/wp-content\/uploads\/OTE_WIP_ensayo_3_9.28.22-39-960x640.jpg 960w, https:\/\/ontheeveofabolition.com\/wp-content\/uploads\/OTE_WIP_ensayo_3_9.28.22-39-1320x880.jpg 1320w, https:\/\/ontheeveofabolition.com\/wp-content\/uploads\/OTE_WIP_ensayo_3_9.28.22-39-576x384.jpg 576w\" sizes=\"auto, (max-width: 2500px) 100vw, 2500px\" \/><span aria-hidden=\"true\" class=\"wp-block-cover__background has-background-dim-20 has-background-dim\"><\/span><div class=\"wp-block-cover__inner-container is-layout-flow wp-block-cover-is-layout-flow\">\n<h2 class=\"wp-block-heading has-text-align-center has-large-font-size\">acciones para la abolici\u00d3n<\/h2>\n<\/div><\/div>\n\n\n\n<div class=\"wp-block-group alignfull has-blue-background-color has-background is-layout-constrained wp-block-group-is-layout-constrained\">\n<div class=\"wp-block-columns is-layout-flex wp-container-core-columns-is-layout-28f84493 wp-block-columns-is-layout-flex\">\n<div class=\"wp-block-column is-layout-flow wp-block-column-is-layout-flow\" style=\"flex-basis:50%\">\n<figure class=\"wp-block-image size-full\"><img loading=\"lazy\" decoding=\"async\" width=\"1080\" height=\"1350\" src=\"https:\/\/ontheeveofabolition.com\/wp-content\/uploads\/Free-Krystal-1350x1080-IG.jpg\" alt=\"\" class=\"wp-image-5237\" srcset=\"https:\/\/ontheeveofabolition.com\/wp-content\/uploads\/Free-Krystal-1350x1080-IG.jpg 1080w, https:\/\/ontheeveofabolition.com\/wp-content\/uploads\/Free-Krystal-1350x1080-IG-960x1200.jpg 960w, https:\/\/ontheeveofabolition.com\/wp-content\/uploads\/Free-Krystal-1350x1080-IG-10x12.jpg 10w, https:\/\/ontheeveofabolition.com\/wp-content\/uploads\/Free-Krystal-1350x1080-IG-576x720.jpg 576w\" sizes=\"auto, (max-width: 1080px) 100vw, 1080px\" \/><\/figure>\n\n\n\n<figure class=\"wp-block-image size-large\"><img loading=\"lazy\" decoding=\"async\" width=\"1320\" height=\"990\" src=\"https:\/\/ontheeveofabolition.com\/wp-content\/uploads\/Free-Krystal_Pitt-Artwork_4.18.23-1320x990.jpg\" alt=\"\" class=\"wp-image-1983\" srcset=\"https:\/\/ontheeveofabolition.com\/wp-content\/uploads\/Free-Krystal_Pitt-Artwork_4.18.23-1320x990.jpg 1320w, https:\/\/ontheeveofabolition.com\/wp-content\/uploads\/Free-Krystal_Pitt-Artwork_4.18.23-960x720.jpg 960w, https:\/\/ontheeveofabolition.com\/wp-content\/uploads\/Free-Krystal_Pitt-Artwork_4.18.23-576x432.jpg 576w\" sizes=\"auto, (max-width: 1320px) 100vw, 1320px\" \/><figcaption class=\"wp-element-caption\">Arte por Pitt Panther<\/figcaption><\/figure>\n<\/div>\n\n\n\n<div class=\"wp-block-column is-layout-flow wp-block-column-is-layout-flow\" style=\"flex-basis:50%\">\n<h3 class=\"wp-block-heading has-white-color has-text-color\">llamamiento urgente a la acci\u00d3n: \u00a1liberen a krystal clark!<\/h3>\n\n\n\n<p class=\"has-white-color has-text-color\" style=\"font-size:16px\">Nuestra amiga y compa, <a href=\"https:\/\/www.prisonradio.org\/correspondent\/krystal-clark\/\">Krystal Clark<\/a> es corresponsal de <a href=\"https:\/\/www.prisonradio.org\/\">Prison Radio<\/a>informando sobre las condiciones en la Prisi\u00f3n de Mujeres Huron Valley en Ypsilanti, Michigan. <\/p>\n\n\n\n<p class=\"has-white-color has-text-color\" style=\"font-size:16px\"><strong><em>Krystal necesita nuestra ayuda urgentemente.<\/em><\/strong> Durante los \u00faltimos 13 a\u00f1os, ha sido torturada lentamente por las condiciones dentro de la prisi\u00f3n. La exposici\u00f3n al moho, la falta de atenci\u00f3n sanitaria b\u00e1sica y las represalias de los guardias por denunciar los hechos han provocado que la salud de Krystal se deteriore tan dr\u00e1sticamente que su cara ha sufrido par\u00e1lisis y depende de un andador para moverse. Krystal tiene 38 a\u00f1os. Cuando ingres\u00f3 en el centro de mujeres Huron Valley en 2011 era una mujer sana y ahora, un m\u00e9dico ajeno a la prisi\u00f3n le ha asegurado que no sobrevivir\u00e1 si permanece en Huron Valley.<\/p>\n\n\n\n<p class=\"has-white-color has-text-color\" style=\"font-size:16px\"><strong>Por favor, \u00fanete a nosotros en la adopci\u00f3n de todas y cada una de estas medidas de acci\u00f3n para mantener a Krystal a salvo:<\/strong><\/p>\n\n\n\n<p class=\"has-white-color has-text-color\" style=\"font-size:16px\">Env\u00eda un correo electr\u00f3nico utilizando <a href=\"https:\/\/docs.google.com\/document\/d\/193XNcN2t3GPb1yEgpXgQvLmMCXseEo0SfsOjlXjL1nE\/edit?usp=share_link\">este texto<\/a> con el asunto \"ATENCI\u00d3N M\u00c9DICA URGENTE PARA KRYSTAL CLARK #435064\" a la siguiente direcci\u00f3n:<\/p>\n\n\n\n<p class=\"has-text-align-center has-white-color has-text-color\" style=\"font-size:16px\">Heidi Washington Washington &#8211; M6@michigan.gov<br>Lisa Guilick MDOC Deputy Director of Operations guilickL@michigan.gov<br>Marti kay Sherry, MDOC Director of Health Care services SHERRYM@Michigan.gov<br>Jeremy Howard, Warden howardj15@michigan.gov<br>Don Jones, Director jonesD18@michigan.gov<br>Emily Cecil, RN CecilE1@michigan.gov<br>Kyle Kaminski Kaminskik@michigan.gov<\/p>\n\n\n\n<p class=\"has-white-color has-text-color\" style=\"font-size:16px\">2. Comparte sobre Krystal con tu comunidad y en las redes sociales usando <a href=\"https:\/\/drive.google.com\/drive\/folders\/1A3EMrFU5WuYGkYbDthp8FF7PLHTcDbac?usp=share_link\">estas im\u00e1genes y texto.<\/a><\/p>\n\n\n\n<p class=\"has-white-color has-text-color translation-block\" style=\"font-size:16px\">3. <a href=\"https:\/\/www.prisonradio.org\/correspondent\/krystal-clark\/\" target=\"_blank\" rel=\"noreferrer noopener\">Escucha<\/a> el comentario de Krystal Clark aqu\u00ed para conocer el contexto y escribe a las mujeres de la prisi\u00f3n Huron Valley y mu\u00e9strales tu apoyo.<\/p>\n\n\n\n<p class=\"has-white-color has-grey-background-color has-text-color has-background\" style=\"font-size:16px\">Huron Valley Correctional Facility<br>3201 Bemis Road<br>Ypsilanti, MI 48197-0911<\/p>\n\n\n\n<p class=\"has-white-color has-text-color\"><\/p>\n\n\n\n<div style=\"height:35px\" aria-hidden=\"true\" class=\"wp-block-spacer\"><\/div>\n<\/div>\n<\/div>\n<\/div>\n\n\n\n<div class=\"wp-block-group alignfull has-grey-background-color has-background is-layout-constrained wp-block-group-is-layout-constrained\">\n<div class=\"wp-block-columns is-layout-flex wp-container-core-columns-is-layout-28f84493 wp-block-columns-is-layout-flex\">\n<div class=\"wp-block-column is-layout-flow wp-block-column-is-layout-flow\" style=\"flex-basis:50%\">\n<figure class=\"wp-block-gallery has-nested-images columns-default is-cropped wp-block-gallery-1 is-layout-flex wp-block-gallery-is-layout-flex\">\n<figure class=\"wp-block-image size-full\"><img loading=\"lazy\" decoding=\"async\" width=\"1080\" height=\"1350\" data-id=\"5252\" src=\"https:\/\/ontheeveofabolition.com\/wp-content\/uploads\/palestina_eng.jpeg\" alt=\"\" class=\"wp-image-5252\" srcset=\"https:\/\/ontheeveofabolition.com\/wp-content\/uploads\/palestina_eng.jpeg 1080w, https:\/\/ontheeveofabolition.com\/wp-content\/uploads\/palestina_eng-960x1200.jpeg 960w, https:\/\/ontheeveofabolition.com\/wp-content\/uploads\/palestina_eng-10x12.jpeg 10w, https:\/\/ontheeveofabolition.com\/wp-content\/uploads\/palestina_eng-576x720.jpeg 576w\" sizes=\"auto, (max-width: 1080px) 100vw, 1080px\" \/><\/figure>\n<\/figure>\n<\/div>\n\n\n\n<div class=\"wp-block-column is-layout-flow wp-block-column-is-layout-flow\" style=\"flex-basis:50%\">\n<h3 class=\"wp-block-heading has-white-color has-text-color\">palestina libre<\/h3>\n\n\n\n<p class=\"has-white-color has-text-color\" style=\"font-size:16px\">Papel Machete y AgitArte est\u00e1n en plena solidaridad con una Palestina libre y el fin del colonialismo y el imperialismo en todas partes. <\/p>\n\n\n\n<p class=\"has-white-color has-text-color\">Descarga y comparte nuestras obras de arte en solidaridad con Palestina. <\/p>\n\n\n\n<div class=\"wp-block-buttons is-content-justification-center is-layout-flex wp-container-core-buttons-is-layout-a89b3969 wp-block-buttons-is-layout-flex\">\n<div class=\"wp-block-button\"><a class=\"wp-block-button__link wp-element-button\" href=\"https:\/\/www.agitarte.org\/projects\/palestina\/\" target=\"_blank\" rel=\"noreferrer noopener\">Descargar arte gr\u00e1fico<\/a><\/div>\n<\/div>\n\n\n\n<div style=\"height:35px\" aria-hidden=\"true\" class=\"wp-block-spacer\"><\/div>\n<\/div>\n<\/div>\n\n\n\n<div style=\"height:70px\" aria-hidden=\"true\" class=\"wp-block-spacer\"><\/div>\n<\/div>\n\n\n\n<div class=\"wp-block-group alignfull has-blue-background-color has-background is-layout-constrained wp-block-group-is-layout-constrained\">\n<div class=\"wp-block-columns is-layout-flex wp-container-core-columns-is-layout-28f84493 wp-block-columns-is-layout-flex\">\n<div class=\"wp-block-column is-layout-flow wp-block-column-is-layout-flow\" style=\"flex-basis:50%\">\n<figure class=\"wp-block-gallery has-nested-images columns-default is-cropped wp-block-gallery-2 is-layout-flex wp-block-gallery-is-layout-flex\">\n<figure class=\"wp-block-image size-large\"><a href=\"https:\/\/www.agitarte.org\/projects\/stop-cop-city-artwork\/\" target=\"_blank\" rel=\"noreferrer noopener\"><img loading=\"lazy\" decoding=\"async\" width=\"1320\" height=\"1650\" data-id=\"1473\" src=\"https:\/\/ontheeveofabolition.com\/wp-content\/uploads\/Stop-Cop-City-300dpi-1320x1650.jpeg\" alt=\"\" class=\"wp-image-1473\" srcset=\"https:\/\/ontheeveofabolition.com\/wp-content\/uploads\/Stop-Cop-City-300dpi-1320x1650.jpeg 1320w, https:\/\/ontheeveofabolition.com\/wp-content\/uploads\/Stop-Cop-City-300dpi-960x1200.jpeg 960w, https:\/\/ontheeveofabolition.com\/wp-content\/uploads\/Stop-Cop-City-300dpi-576x720.jpeg 576w, https:\/\/ontheeveofabolition.com\/wp-content\/uploads\/Stop-Cop-City-300dpi-scaled.jpeg 2048w\" sizes=\"auto, (max-width: 1320px) 100vw, 1320px\" \/><\/a><\/figure>\n<\/figure>\n<\/div>\n\n\n\n<div class=\"wp-block-column is-layout-flow wp-block-column-is-layout-flow\" style=\"flex-basis:50%\">\n<h3 class=\"wp-block-heading has-white-color has-text-color\">#stopcopcity<\/h3>\n\n\n\n<p class=\"has-white-color has-text-color\" style=\"font-size:16px\">\u00bfSabes lo que est\u00e1n tramando con&nbsp;<a href=\"https:\/\/www.instagram.com\/explore\/tags\/copcity\/\">#CopCity<\/a>?<\/p>\n\n\n\n<p class=\"has-white-color has-text-color translation-block\" style=\"font-size:16px\">#CopCity es una enorme instalaci\u00f3n policial con una inversi\u00f3n de m\u00e1s de 90 millones de d\u00f3lares que de ser completada servir\u00e1 de campo de entrenamiento para polic\u00edas de EE.UU. y del mundo.<\/p>\n\n\n\n<p class=\"has-white-color has-text-color\" style=\"font-size:16px\">Como abolicionistas y organizadores de redes de solidaridad y apoyo mutuo, debemos accionar en contra de&nbsp;<a href=\"https:\/\/www.instagram.com\/explore\/tags\/copcity\/\">#CopCity<\/a>&nbsp;y en defensa de las comunidades negras, pobres y de clase trabajadora, a las cuales se dirigen las sanciones polic\u00edacas y estatales. Adem\u00e1s nos solidarizamos con el pueblo Mvskoke en su defensa de lo sagrado, el Bosque Weelaunee.<\/p>\n\n\n\n<p class=\"has-white-color has-text-color\" style=\"font-size:16px\"><a href=\"https:\/\/www.instagram.com\/stopcopcity\/\" target=\"_blank\" rel=\"noreferrer noopener\">@stopcopcity<\/a><br><\/p>\n\n\n\n<p class=\"has-white-color has-text-color\"><\/p>\n\n\n\n<div class=\"wp-block-buttons is-content-justification-center is-layout-flex wp-container-core-buttons-is-layout-a89b3969 wp-block-buttons-is-layout-flex\">\n<div class=\"wp-block-button\"><a class=\"wp-block-button__link wp-element-button\" href=\"https:\/\/www.agitarte.org\/projects\/stop-cop-city-artwork\/\" target=\"_blank\" rel=\"noreferrer noopener\">Descargar arte gr\u00e1fico<\/a><\/div>\n<\/div>\n\n\n\n<div style=\"height:35px\" aria-hidden=\"true\" class=\"wp-block-spacer\"><\/div>\n<\/div>\n<\/div>\n\n\n\n<div style=\"height:70px\" aria-hidden=\"true\" class=\"wp-block-spacer\"><\/div>\n<\/div>\n\n\n\n<div class=\"wp-block-group alignfull has-grey-background-color has-background is-layout-constrained wp-block-group-is-layout-constrained\">\n<div class=\"wp-block-columns is-layout-flex wp-container-core-columns-is-layout-28f84493 wp-block-columns-is-layout-flex\">\n<div class=\"wp-block-column is-layout-flow wp-block-column-is-layout-flow\" style=\"flex-basis:50%\">\n<figure class=\"wp-block-gallery has-nested-images columns-default is-cropped wp-block-gallery-3 is-layout-flex wp-block-gallery-is-layout-flex\">\n<figure class=\"wp-block-image size-large is-style-default\"><a href=\"https:\/\/www.agitarte.org\/projects\/blacklivesmatter\/\" target=\"_blank\" rel=\"noreferrer noopener\"><img loading=\"lazy\" decoding=\"async\" width=\"1320\" height=\"1099\" data-id=\"858\" src=\"https:\/\/ontheeveofabolition.com\/wp-content\/uploads\/ourrageissacred_estefania-1320x1099.jpeg\" alt=\"\" class=\"wp-image-858\" srcset=\"https:\/\/ontheeveofabolition.com\/wp-content\/uploads\/ourrageissacred_estefania-1320x1099.jpeg 1320w, https:\/\/ontheeveofabolition.com\/wp-content\/uploads\/ourrageissacred_estefania-960x799.jpeg 960w, https:\/\/ontheeveofabolition.com\/wp-content\/uploads\/ourrageissacred_estefania-576x480.jpeg 576w, https:\/\/ontheeveofabolition.com\/wp-content\/uploads\/ourrageissacred_estefania.jpeg 1600w\" sizes=\"auto, (max-width: 1320px) 100vw, 1320px\" \/><\/a><figcaption class=\"wp-element-caption\">Arte por Estefan\u00eda Rivera Cort\u00e9s<\/figcaption><\/figure>\n<\/figure>\n<\/div>\n\n\n\n<div class=\"wp-block-column is-layout-flow wp-block-column-is-layout-flow\" style=\"flex-basis:50%\">\n<div class=\"wp-block-group alignfull has-grey-background-color has-background is-layout-constrained wp-block-group-is-layout-constrained\">\n<h3 class=\"wp-block-heading has-white-color has-text-color\">apoya a prison radio y escribe a una persona encarcelada:<\/h3>\n\n\n\n<p class=\"has-white-color has-text-color\" style=\"font-size:16px\"><a href=\"https:\/\/www.prisonradio.org\/donate\/\">Haz un donativo<\/a> a Prison Radio para que puedan mantener abiertas las l\u00edneas para que las personas encarceladas informen sobre las condiciones dentro de las prisiones, compartan su arte y se mantengan conectadas en el exterior.&nbsp;<\/p>\n\n\n\n<p class=\"has-white-color has-text-color\" style=\"font-size:16px\">Escucha y escribe a <a href=\"https:\/\/www.prisonradio.org\/correspondents\/\">los corresponsales de Prison Radio.<\/a><\/p>\n\n\n\n<p class=\"has-white-color has-text-color\" style=\"font-size:16px\"><a href=\"https:\/\/blackandpinkpenpals.org\/\">\u00a1Los consejos que Black &amp; Pink<\/a> da para escribir a una persona encarcelada tambi\u00e9n son un gran recurso!<\/p>\n\n\n\n<div class=\"wp-block-buttons is-content-justification-center is-layout-flex wp-container-core-buttons-is-layout-a89b3969 wp-block-buttons-is-layout-flex\">\n<div class=\"wp-block-button\"><a class=\"wp-block-button__link wp-element-button\" href=\"https:\/\/www.prisonradio.org\/correspondents\/\" target=\"_blank\" rel=\"noreferrer noopener\">Escribe<\/a><\/div>\n\n\n\n<div class=\"wp-block-button\"><a class=\"wp-block-button__link wp-element-button\" href=\"https:\/\/www.prisonradio.org\/donate\/\" target=\"_blank\" rel=\"noreferrer noopener\">Haz un donativo<\/a><\/div>\n<\/div>\n\n\n\n<div style=\"height:35px\" aria-hidden=\"true\" class=\"wp-block-spacer\"><\/div>\n<\/div>\n<\/div>\n<\/div>\n<\/div>","protected":false},"excerpt":{"rendered":"<p>urgent call to action: free krystal clark! Our friend and comrade, Krystal Clark is a Correspondent for Prison Radio, reporting on the conditions at Women\u2019s Huron Valley in Ypsilanti, Michigan. Krystal is in critical need of our help. For the last 13 years, she has been slowly tortured by the conditions inside the prison. Exposure [&hellip;]<\/p>","protected":false},"author":1,"featured_media":0,"parent":0,"menu_order":0,"comment_status":"closed","ping_status":"closed","template":"","meta":{"_acf_changed":false,"inline_featured_image":false,"footnotes":""},"class_list":["post-73","page","type-page","status-publish","hentry"],"acf":[],"_links":{"self":[{"href":"https:\/\/ontheeveofabolition.com\/es\/wp-json\/wp\/v2\/pages\/73","targetHints":{"allow":["GET"]}}],"collection":[{"href":"https:\/\/ontheeveofabolition.com\/es\/wp-json\/wp\/v2\/pages"}],"about":[{"href":"https:\/\/ontheeveofabolition.com\/es\/wp-json\/wp\/v2\/types\/page"}],"author":[{"embeddable":true,"href":"https:\/\/ontheeveofabolition.com\/es\/wp-json\/wp\/v2\/users\/1"}],"replies":[{"embeddable":true,"href":"https:\/\/ontheeveofabolition.com\/es\/wp-json\/wp\/v2\/comments?post=73"}],"version-history":[{"count":0,"href":"https:\/\/ontheeveofabolition.com\/es\/wp-json\/wp\/v2\/pages\/73\/revisions"}],"wp:attachment":[{"href":"https:\/\/ontheeveofabolition.com\/es\/wp-json\/wp\/v2\/media?parent=73"}],"curies":[{"name":"wp","href":"https:\/\/api.w.org\/{rel}","templated":true}]}}