{"id":67,"date":"2022-07-23T03:48:25","date_gmt":"2022-07-23T03:48:25","guid":{"rendered":"https:\/\/ppmtheme:8890\/?page_id=67"},"modified":"2023-11-28T14:30:07","modified_gmt":"2023-11-28T20:30:07","slug":"about-the-project","status":"publish","type":"page","link":"https:\/\/ontheeveofabolition.com\/es\/about-the-project\/","title":{"rendered":"About the Project"},"content":{"rendered":"<div class=\"wp-block-cover alignfull has-parallax\"><span aria-hidden=\"true\" class=\"wp-block-cover__background has-background-dim-0 has-background-dim\"><\/span><div role=\"img\" class=\"wp-block-cover__image-background wp-image-307 has-parallax\" style=\"background-position:50% 50%;background-image:url(https:\/\/ontheeveofabolition.com\/wp-content\/uploads\/On-the-Eve-tarot-Abolition-watermark-web.jpg)\"><\/div><div class=\"wp-block-cover__inner-container is-layout-flow wp-block-cover-is-layout-flow\">\n<p><\/p>\n\n\n\n<h1 class=\"wp-block-heading has-text-align-center has-white-color has-text-color\">sobre el proyecto<\/h1>\n\n\n\n<div style=\"height:26px\" aria-hidden=\"true\" class=\"wp-block-spacer\"><\/div>\n\n\n\n<div class=\"wp-block-group is-layout-constrained wp-block-group-is-layout-constrained\">\n<p class=\"translation-block\"><em>La v\u00edspera de la abolici\u00f3n<\/em> es una obra multimedia de m\u00e1scaras y t\u00edteres escrita y puesta en escena por Papel Machete. La historia, narrada tanto en espa\u00f1ol como en ingl\u00e9s, toma lugar en 2047, en el d\u00eda final de la \u00faltima prisi\u00f3n, situada en las tierras transnacionales liberadas del sur de Norteam\u00e9rica. Un movimiento abolicionista ha creado las condiciones necesarias para acabar con el complejo industrial carcelario. En este momento final, campamentos abolicionistas, gente previamente encarcelada, familias y activistas afuera, as\u00ed como prisioneros organizados desde adentro, unen esfuerzos para ponerle fin a todas las prisiones del mundo.<\/p>\n\n\n\n<p class=\"translation-block\">Esta obra cuenta una historia radical de ciencia ficci\u00f3n basada en las circunstancias presentes de los Estados Unidos y Puerto Rico. Usamos t\u00edteres de varilla, de sombras y de mesa; m\u00e1scaras, escenarios en miniatura, pop ups, animaci\u00f3n stop motion, y proyecciones de v\u00eddeo para crear una experiencia de inmersi\u00f3n para el p\u00fablico. Conoce m\u00e1s detalles sobre la creaci\u00f3n de <em>La v\u00edspera de la abolici\u00f3n<\/em> en <a href=\"https:\/\/ontheeveofabolition.com\/es\/about-the-project\/creative-process\/\" target=\"_blank\" rel=\"noreferrer noopener\">la p\u00e1gina de Proceso Creativo<\/a>.<\/p>\n\n\n\n<p><\/p>\n<\/div>\n\n\n\n<div class=\"wp-block-buttons is-content-justification-center is-layout-flex wp-container-core-buttons-is-layout-a89b3969 wp-block-buttons-is-layout-flex\">\n<div class=\"wp-block-button\"><a class=\"wp-block-button__link wp-element-button\" href=\"https:\/\/www.classy.org\/campaign\/on-the-eve-of-abolition\/c429633\" target=\"_blank\" rel=\"noreferrer noopener\">Apoya el proyecto<\/a><\/div>\n<\/div>\n\n\n\n<div style=\"height:100px\" aria-hidden=\"true\" class=\"wp-block-spacer\"><\/div>\n\n\n\n<div class=\"wp-block-group is-layout-constrained wp-block-group-is-layout-constrained\">\n<figure class=\"wp-block-image aligncenter size-full is-resized\"><img loading=\"lazy\" decoding=\"async\" width=\"1350\" height=\"480\" src=\"https:\/\/ontheeveofabolition.com\/wp-content\/uploads\/2022\/07\/PMlogo.png\" alt=\"\" class=\"wp-image-120\" style=\"width:312px;height:111px\"\/><\/figure>\n<\/div>\n\n\n\n<div class=\"wp-block-group is-layout-constrained wp-block-group-is-layout-constrained\">\n<p class=\"has-white-color has-text-color\" style=\"font-size:16px;font-style:normal;font-weight:400\">Papel Machete es un colectivo radical de teatro y t\u00edteres que produce y presenta trabajos originales en todo Puerto Rico y los Estados Unidos. El colectivo se fund\u00f3 el Primero de Mayo de 2006, durante el cierre gubernamental, como una respuesta a la crisis econ\u00f3mica y pol\u00edtica que gener\u00f3 el estatus de Puerto Rico como colonia de EE.UU. Desde entonces, hemos construido un cuerpo de trabajo inspirado en una est\u00e9tica y valores en com\u00fan. Usando el papel mach\u00e9 c\u00f3mo nuestro medio principal, Papel Machete explora una gama amplia de estilos y tipos de arte, incluyendo el toy-theater, las cantastoria, el teatro de sombras, m\u00e1scaras y de objetos; y t\u00edteres gigantes. As\u00ed, Papel Machete ha llevado el teatro a nuevas audiencias y espacios. La misi\u00f3n del colectivo se enfoca en denunciar la explotaci\u00f3n, construir solidaridad y agitar con el objetivo de movilizar al pueblo al frente de las luchas comunitarias. Cofundamos y formamos parte del comit\u00e9 organizador de Titeretada, un festival independiente de titereter\u00eda.&nbsp;&nbsp;<\/p>\n<\/div>\n\n\n\n<p class=\"has-text-align-center has-white-color has-text-color\"><a href=\"http:\/\/papelmachete.com\/\" target=\"_blank\" rel=\"noreferrer noopener\">papelmachete.com<\/a><\/p>\n\n\n\n<div style=\"height:84px\" aria-hidden=\"true\" class=\"wp-block-spacer\"><\/div>\n\n\n\n<h2 class=\"wp-block-heading has-text-align-center has-white-color has-text-color\">presentadores \/ co-comisarios<\/h2>\n\n\n\n<p class=\"has-text-align-center\"><a href=\"https:\/\/m.facebook.com\/profile.php?id=160196354010940\" target=\"_blank\" rel=\"noreferrer noopener\">Teatro Victoria Espinosa<\/a><\/p>\n\n\n\n<p class=\"has-text-align-center has-white-color has-text-color\" style=\"font-size:16px;font-style:normal;font-weight:400\"><a href=\"https:\/\/pregonesprtt.org\/\" target=\"_blank\" rel=\"noreferrer noopener\">Pregones Puerto Rican Traveling Theater<\/a><\/p>\n\n\n\n<p class=\"has-text-align-center has-white-color has-text-color\" style=\"font-size:16px;font-style:normal;font-weight:400\"><a href=\"https:\/\/www.caramiatheatre.org\/\" target=\"_blank\" rel=\"noreferrer noopener\">Teatro Cara M\u00eda\u00a0<\/a><\/p>\n\n\n\n<p class=\"has-text-align-center has-white-color has-text-color\" style=\"font-size:16px;font-style:normal;font-weight:400\"><a href=\"https:\/\/maclaarte.org\/\" target=\"_blank\" rel=\"noreferrer noopener\">Movimiento de Arte y Cultura Latino Americana de San Jos\u00e9 (MACLA)<\/a><\/p>\n\n\n\n<div style=\"height:30px\" aria-hidden=\"true\" class=\"wp-block-spacer\"><\/div>\n\n\n\n<div class=\"wp-block-buttons is-content-justification-center is-layout-flex wp-container-core-buttons-is-layout-a89b3969 wp-block-buttons-is-layout-flex\">\n<div class=\"wp-block-button\"><a class=\"wp-block-button__link has-text-align-center wp-element-button\" href=\"https:\/\/ontheeveofabolition.com\/es\/about-the-project\/press-kit\/\" target=\"_blank\" rel=\"noreferrer noopener\">Kit de prensa<\/a><\/div>\n<\/div>\n\n\n\n<div class=\"wp-block-group is-layout-constrained wp-block-group-is-layout-constrained\">\n<div style=\"height:84px\" aria-hidden=\"true\" class=\"wp-block-spacer\"><\/div>\n\n\n\n<h2 class=\"wp-block-heading has-text-align-center\">gira<\/h2>\n\n\n\n<p class=\"has-text-align-center\" style=\"font-size:16px\">Entra nuestra <a href=\"https:\/\/ontheeveofabolition.com\/es\/tour\/\" target=\"_blank\" rel=\"noreferrer noopener\">p\u00e1gina de gida<\/a> para consultar las pr\u00f3ximas fechas, lugares y entradas de <em><em>La v\u00edspera de la abolici\u00f3n<\/em><\/em>. <a href=\"https:\/\/agitarte.us14.list-manage.com\/subscribe?u=1f75480ab646cd83b447064e8&amp;id=b57516901f\" target=\"_blank\" rel=\"noreferrer noopener\">\u00a1Suscr\u00edbete!<\/a> al bolet\u00edn de AgitArte para recibir los anuncios de giras m\u00e1s recientes. <\/p>\n\n\n\n<div style=\"height:30px\" aria-hidden=\"true\" class=\"wp-block-spacer\"><\/div>\n\n\n\n<div class=\"wp-block-buttons is-content-justification-center is-layout-flex wp-container-core-buttons-is-layout-a89b3969 wp-block-buttons-is-layout-flex\">\n<div class=\"wp-block-button\"><a class=\"wp-block-button__link wp-element-button\" href=\"https:\/\/ontheeveofabolition.com\/es\/tour\/\" target=\"_blank\" rel=\"noreferrer noopener\">Boletos<\/a><\/div>\n<\/div>\n\n\n\n<div style=\"height:100px\" aria-hidden=\"true\" class=\"wp-block-spacer\"><\/div>\n<\/div>\n<\/div><\/div>\n\n\n\n<div class=\"wp-block-group alignfull has-blue-background-color has-background is-layout-constrained wp-block-group-is-layout-constrained\">\n<div style=\"height:84px\" aria-hidden=\"true\" class=\"wp-block-spacer\"><\/div>\n\n\n\n<figure class=\"wp-block-gallery has-nested-images columns-3 is-cropped wip-gallery wp-block-gallery-1 is-layout-flex wp-block-gallery-is-layout-flex\">\n<figure class=\"wp-block-image size-large\"><a href=\"https:\/\/ontheeveofabolition.com\/wp-content\/uploads\/OTE_WIP_ensayo4_9.29.22-37.jpg\"><img loading=\"lazy\" decoding=\"async\" width=\"1320\" height=\"1632\" data-id=\"1158\" src=\"https:\/\/ontheeveofabolition.com\/wp-content\/uploads\/OTE_WIP_ensayo4_9.29.22-37-1320x1632.jpg\" alt=\"\" class=\"wp-image-1158\" srcset=\"https:\/\/ontheeveofabolition.com\/wp-content\/uploads\/OTE_WIP_ensayo4_9.29.22-37-1320x1632.jpg 1320w, https:\/\/ontheeveofabolition.com\/wp-content\/uploads\/OTE_WIP_ensayo4_9.29.22-37-960x1187.jpg 960w, https:\/\/ontheeveofabolition.com\/wp-content\/uploads\/OTE_WIP_ensayo4_9.29.22-37-576x712.jpg 576w, https:\/\/ontheeveofabolition.com\/wp-content\/uploads\/OTE_WIP_ensayo4_9.29.22-37.jpg 2022w\" sizes=\"auto, (max-width: 1320px) 100vw, 1320px\" \/><\/a><\/figure>\n\n\n\n<figure class=\"wp-block-image size-large\"><a href=\"https:\/\/ontheeveofabolition.com\/wp-content\/uploads\/OTE_WIP_ensayo4_9.29.22-60.jpg\"><img loading=\"lazy\" decoding=\"async\" width=\"1320\" height=\"880\" data-id=\"1185\" src=\"https:\/\/ontheeveofabolition.com\/wp-content\/uploads\/OTE_WIP_ensayo4_9.29.22-60-1320x880.jpg\" alt=\"\" class=\"wp-image-1185\" srcset=\"https:\/\/ontheeveofabolition.com\/wp-content\/uploads\/OTE_WIP_ensayo4_9.29.22-60-1320x880.jpg 1320w, https:\/\/ontheeveofabolition.com\/wp-content\/uploads\/OTE_WIP_ensayo4_9.29.22-60-960x640.jpg 960w, https:\/\/ontheeveofabolition.com\/wp-content\/uploads\/OTE_WIP_ensayo4_9.29.22-60-576x384.jpg 576w\" sizes=\"auto, (max-width: 1320px) 100vw, 1320px\" \/><\/a><\/figure>\n\n\n\n<figure class=\"wp-block-image aligncenter size-large is-style-default\"><a href=\"https:\/\/ontheeveofabolition.com\/wp-content\/uploads\/OTE_WIP_ensayo_3_9.28.22-17.jpg\"><img loading=\"lazy\" decoding=\"async\" width=\"1320\" height=\"880\" data-id=\"1164\" src=\"https:\/\/ontheeveofabolition.com\/wp-content\/uploads\/OTE_WIP_ensayo_3_9.28.22-17-1320x880.jpg\" alt=\"\" class=\"wp-image-1164\" srcset=\"https:\/\/ontheeveofabolition.com\/wp-content\/uploads\/OTE_WIP_ensayo_3_9.28.22-17-1320x880.jpg 1320w, https:\/\/ontheeveofabolition.com\/wp-content\/uploads\/OTE_WIP_ensayo_3_9.28.22-17-960x640.jpg 960w, https:\/\/ontheeveofabolition.com\/wp-content\/uploads\/OTE_WIP_ensayo_3_9.28.22-17-576x384.jpg 576w\" sizes=\"auto, (max-width: 1320px) 100vw, 1320px\" \/><\/a><\/figure>\n\n\n\n<figure class=\"wp-block-image size-large\"><a href=\"https:\/\/ontheeveofabolition.com\/wp-content\/uploads\/OTE_WIP_ensayo4_9.29.22-70.jpg\"><img loading=\"lazy\" decoding=\"async\" width=\"1320\" height=\"1980\" data-id=\"1188\" src=\"https:\/\/ontheeveofabolition.com\/wp-content\/uploads\/OTE_WIP_ensayo4_9.29.22-70-1320x1980.jpg\" alt=\"\" class=\"wp-image-1188\" srcset=\"https:\/\/ontheeveofabolition.com\/wp-content\/uploads\/OTE_WIP_ensayo4_9.29.22-70-1320x1980.jpg 1320w, https:\/\/ontheeveofabolition.com\/wp-content\/uploads\/OTE_WIP_ensayo4_9.29.22-70-960x1440.jpg 960w, https:\/\/ontheeveofabolition.com\/wp-content\/uploads\/OTE_WIP_ensayo4_9.29.22-70-576x864.jpg 576w, https:\/\/ontheeveofabolition.com\/wp-content\/uploads\/OTE_WIP_ensayo4_9.29.22-70.jpg 1667w\" sizes=\"auto, (max-width: 1320px) 100vw, 1320px\" \/><\/a><\/figure>\n\n\n\n<figure class=\"wp-block-image size-large\"><a href=\"https:\/\/ontheeveofabolition.com\/wp-content\/uploads\/OTE_WIP_ensayo1_9.26.22-8.jpg\"><img loading=\"lazy\" decoding=\"async\" width=\"1320\" height=\"1980\" data-id=\"1176\" src=\"https:\/\/ontheeveofabolition.com\/wp-content\/uploads\/OTE_WIP_ensayo1_9.26.22-8-1320x1980.jpg\" alt=\"\" class=\"wp-image-1176\" srcset=\"https:\/\/ontheeveofabolition.com\/wp-content\/uploads\/OTE_WIP_ensayo1_9.26.22-8-1320x1980.jpg 1320w, https:\/\/ontheeveofabolition.com\/wp-content\/uploads\/OTE_WIP_ensayo1_9.26.22-8-960x1440.jpg 960w, https:\/\/ontheeveofabolition.com\/wp-content\/uploads\/OTE_WIP_ensayo1_9.26.22-8-576x864.jpg 576w, https:\/\/ontheeveofabolition.com\/wp-content\/uploads\/OTE_WIP_ensayo1_9.26.22-8.jpg 1667w\" sizes=\"auto, (max-width: 1320px) 100vw, 1320px\" \/><\/a><\/figure>\n\n\n\n<figure class=\"wp-block-image size-large\"><a href=\"https:\/\/ontheeveofabolition.com\/wp-content\/uploads\/OTE_WIP_ensayo_3_9.28.22-39.jpg\"><img loading=\"lazy\" decoding=\"async\" width=\"1320\" height=\"880\" data-id=\"1191\" src=\"https:\/\/ontheeveofabolition.com\/wp-content\/uploads\/OTE_WIP_ensayo_3_9.28.22-39-1320x880.jpg\" alt=\"\" class=\"wp-image-1191\" srcset=\"https:\/\/ontheeveofabolition.com\/wp-content\/uploads\/OTE_WIP_ensayo_3_9.28.22-39-1320x880.jpg 1320w, https:\/\/ontheeveofabolition.com\/wp-content\/uploads\/OTE_WIP_ensayo_3_9.28.22-39-960x640.jpg 960w, https:\/\/ontheeveofabolition.com\/wp-content\/uploads\/OTE_WIP_ensayo_3_9.28.22-39-576x384.jpg 576w\" sizes=\"auto, (max-width: 1320px) 100vw, 1320px\" \/><\/a><\/figure>\n\n\n\n<figure class=\"wp-block-image size-large\"><a href=\"https:\/\/ontheeveofabolition.com\/wp-content\/uploads\/OTE_WIP_show_1_9.30-22-31.jpg\"><img loading=\"lazy\" decoding=\"async\" width=\"1320\" height=\"1980\" data-id=\"1197\" src=\"https:\/\/ontheeveofabolition.com\/wp-content\/uploads\/OTE_WIP_show_1_9.30-22-31-1320x1980.jpg\" alt=\"\" class=\"wp-image-1197\" srcset=\"https:\/\/ontheeveofabolition.com\/wp-content\/uploads\/OTE_WIP_show_1_9.30-22-31-1320x1980.jpg 1320w, https:\/\/ontheeveofabolition.com\/wp-content\/uploads\/OTE_WIP_show_1_9.30-22-31-960x1440.jpg 960w, https:\/\/ontheeveofabolition.com\/wp-content\/uploads\/OTE_WIP_show_1_9.30-22-31-576x864.jpg 576w, https:\/\/ontheeveofabolition.com\/wp-content\/uploads\/OTE_WIP_show_1_9.30-22-31.jpg 1667w\" sizes=\"auto, (max-width: 1320px) 100vw, 1320px\" \/><\/a><\/figure>\n\n\n\n<figure class=\"wp-block-image size-large\"><a href=\"https:\/\/ontheeveofabolition.com\/wp-content\/uploads\/OTE_WIP_show_1_9.30-22-12.2.jpg\"><img loading=\"lazy\" decoding=\"async\" width=\"1320\" height=\"1440\" data-id=\"1182\" src=\"https:\/\/ontheeveofabolition.com\/wp-content\/uploads\/OTE_WIP_show_1_9.30-22-12.2-1320x1440.jpg\" alt=\"\" class=\"wp-image-1182\" srcset=\"https:\/\/ontheeveofabolition.com\/wp-content\/uploads\/OTE_WIP_show_1_9.30-22-12.2-1320x1440.jpg 1320w, https:\/\/ontheeveofabolition.com\/wp-content\/uploads\/OTE_WIP_show_1_9.30-22-12.2-960x1048.jpg 960w, https:\/\/ontheeveofabolition.com\/wp-content\/uploads\/OTE_WIP_show_1_9.30-22-12.2-576x629.jpg 576w, https:\/\/ontheeveofabolition.com\/wp-content\/uploads\/OTE_WIP_show_1_9.30-22-12.2.jpg 1667w\" sizes=\"auto, (max-width: 1320px) 100vw, 1320px\" \/><\/a><\/figure>\n\n\n\n<figure class=\"wp-block-image size-large\"><a href=\"https:\/\/ontheeveofabolition.com\/wp-content\/uploads\/OTE_WIP_show_3_10.2.22-11.jpg\"><img loading=\"lazy\" decoding=\"async\" width=\"1320\" height=\"1980\" data-id=\"1194\" src=\"https:\/\/ontheeveofabolition.com\/wp-content\/uploads\/OTE_WIP_show_3_10.2.22-11-1320x1980.jpg\" alt=\"\" class=\"wp-image-1194\" srcset=\"https:\/\/ontheeveofabolition.com\/wp-content\/uploads\/OTE_WIP_show_3_10.2.22-11-1320x1980.jpg 1320w, https:\/\/ontheeveofabolition.com\/wp-content\/uploads\/OTE_WIP_show_3_10.2.22-11-960x1440.jpg 960w, https:\/\/ontheeveofabolition.com\/wp-content\/uploads\/OTE_WIP_show_3_10.2.22-11-576x864.jpg 576w, https:\/\/ontheeveofabolition.com\/wp-content\/uploads\/OTE_WIP_show_3_10.2.22-11.jpg 1667w\" sizes=\"auto, (max-width: 1320px) 100vw, 1320px\" \/><\/a><\/figure>\n<\/figure>\n\n\n\n<div style=\"height:108px\" aria-hidden=\"true\" class=\"wp-block-spacer\"><\/div>\n<\/div>","protected":false},"excerpt":{"rendered":"","protected":false},"author":1,"featured_media":0,"parent":0,"menu_order":0,"comment_status":"closed","ping_status":"closed","template":"","meta":{"_acf_changed":false,"inline_featured_image":false,"footnotes":""},"class_list":["post-67","page","type-page","status-publish","hentry"],"acf":[],"_links":{"self":[{"href":"https:\/\/ontheeveofabolition.com\/es\/wp-json\/wp\/v2\/pages\/67","targetHints":{"allow":["GET"]}}],"collection":[{"href":"https:\/\/ontheeveofabolition.com\/es\/wp-json\/wp\/v2\/pages"}],"about":[{"href":"https:\/\/ontheeveofabolition.com\/es\/wp-json\/wp\/v2\/types\/page"}],"author":[{"embeddable":true,"href":"https:\/\/ontheeveofabolition.com\/es\/wp-json\/wp\/v2\/users\/1"}],"replies":[{"embeddable":true,"href":"https:\/\/ontheeveofabolition.com\/es\/wp-json\/wp\/v2\/comments?post=67"}],"version-history":[{"count":0,"href":"https:\/\/ontheeveofabolition.com\/es\/wp-json\/wp\/v2\/pages\/67\/revisions"}],"wp:attachment":[{"href":"https:\/\/ontheeveofabolition.com\/es\/wp-json\/wp\/v2\/media?parent=67"}],"curies":[{"name":"wp","href":"https:\/\/api.w.org\/{rel}","templated":true}]}}