{"id":6137,"date":"2025-11-17T13:57:19","date_gmt":"2025-11-17T19:57:19","guid":{"rendered":"https:\/\/ontheeveofabolition.com\/?page_id=6137"},"modified":"2025-11-18T10:54:18","modified_gmt":"2025-11-18T16:54:18","slug":"press","status":"publish","type":"page","link":"https:\/\/ontheeveofabolition.com\/es\/about-the-project\/press\/","title":{"rendered":"prensa"},"content":{"rendered":"<div class=\"wp-block-group alignfull has-grey-background-color has-background is-layout-constrained wp-container-core-group-is-layout-639b5052 wp-block-group-is-layout-constrained\" style=\"padding-top:0;padding-right:0;padding-bottom:0;padding-left:0\">\n<div class=\"wp-block-cover alignfull\" style=\"margin-top:0;padding-top:0px;padding-right:0px;padding-bottom:0px;padding-left:0px;min-height:66vh;aspect-ratio:unset;\"><img loading=\"lazy\" decoding=\"async\" width=\"1000\" height=\"667\" class=\"wp-block-cover__image-background wp-image-6152 size-full\" alt=\"\" src=\"https:\/\/ontheeveofabolition.com\/wp-content\/uploads\/IMG_1137_web.png\" data-object-fit=\"cover\" srcset=\"https:\/\/ontheeveofabolition.com\/wp-content\/uploads\/IMG_1137_web.png 1000w, https:\/\/ontheeveofabolition.com\/wp-content\/uploads\/IMG_1137_web-960x640.png 960w, https:\/\/ontheeveofabolition.com\/wp-content\/uploads\/IMG_1137_web-18x12.png 18w, https:\/\/ontheeveofabolition.com\/wp-content\/uploads\/IMG_1137_web-576x384.png 576w\" sizes=\"auto, (max-width: 1000px) 100vw, 1000px\" \/><span aria-hidden=\"true\" class=\"wp-block-cover__background has-dark-background-color has-background-dim\"><\/span><div class=\"wp-block-cover__inner-container is-layout-flow wp-block-cover-is-layout-flow\">\n<div class=\"wp-block-group is-layout-constrained wp-container-core-group-is-layout-4582f6a7 wp-block-group-is-layout-constrained\">\n<p style=\"margin-top:0;margin-bottom:0\"><\/p>\n\n\n\n<p><\/p>\n\n\n\n<div style=\"height:96px\" aria-hidden=\"true\" class=\"wp-block-spacer\"><\/div>\n\n\n\n<h1 class=\"wp-block-heading has-text-align-center\">press for on the eve of abolition<\/h1>\n<\/div>\n\n\n\n<div style=\"height:72px\" aria-hidden=\"true\" class=\"wp-block-spacer\"><\/div>\n<\/div><\/div>\n\n\n\n<p class=\"has-text-align-center\"><em>Photo by Pedro Iv\u00e1n Bonilla<\/em><\/p>\n\n\n\n<div style=\"height:50px\" aria-hidden=\"true\" class=\"wp-block-spacer\"><\/div>\n\n\n\n<p class=\"has-text-align-center has-yellow-color has-text-color\"><\/p>\n\n\n\n<div class=\"wp-block-columns are-vertically-aligned-center is-layout-flex wp-container-core-columns-is-layout-28f84493 wp-block-columns-is-layout-flex\">\n<div class=\"wp-block-column is-vertically-aligned-center is-layout-flow wp-block-column-is-layout-flow\">\n<p class=\"has-text-align-center has-white-color has-text-color\"><em><strong>&#8220;On the Eve of Abolition\u201d is an evocative glimpse into the future. A cantastoria which throws off empire, emerges from a liberated Caribbean, and takes us enroute to free political prisoners awaiting execution in the last super maximum security prison in America.<\/strong><\/em>&#8220;<\/p>\n\n\n\n<p class=\"has-text-align-center has-white-color has-text-color\">&#8211; Noelle Hanrahan, Prison Radio<\/p>\n<\/div>\n<\/div>\n\n\n\n<div style=\"height:50px\" aria-hidden=\"true\" class=\"wp-block-spacer\"><\/div>\n\n\n\n<hr class=\"wp-block-separator has-text-color has-white-color has-alpha-channel-opacity has-white-background-color has-background\"\/>\n\n\n\n<h3 class=\"wp-block-heading has-text-align-center has-white-color has-text-color has-link-color wp-elements-e209d0ce54dae531e1f286eee6ccadfe\">el teatro de la upr | 2025<\/h3>\n\n\n\n<p class=\"has-text-align-center\"><a href=\"https:\/\/www.youtube.com\/watch?v=c0_YefBtI0I\" data-type=\"link\" data-id=\"https:\/\/www.youtube.com\/watch?v=c0_YefBtI0I\" target=\"_blank\" rel=\"noreferrer noopener\"><strong>Rafah Acevedo entrevistando Jorge D\u00edaz sobre La v\u00edspera de la abolici\u00f3n | Octubre 2025<\/strong><\/a><\/p>\n\n\n\n<p class=\"has-text-align-center\"><a href=\"https:\/\/radioisla.tv\/titeres-multimedia-y-musica-en-vivo-en-la-vispera-de-la-abolicion1\/\" data-type=\"link\" data-id=\"https:\/\/radioisla.tv\/titeres-multimedia-y-musica-en-vivo-en-la-vispera-de-la-abolicion1\/\" target=\"_blank\" rel=\"noreferrer noopener\"><strong>RadioIsla: &#8220;T\u00edteres, multimedia y m\u00fasica en vivo en La v\u00edspera de la abolici\u00f3n&#8221; | 10 de octubre de 2025<\/strong><\/a><\/p>\n\n\n\n<p class=\"has-text-align-center\"><strong><a href=\"https:\/\/www.instagram.com\/reel\/DQCmwG9D88P\/?utm_source=ig_web_copy_link&amp;igsh=MzRlODBiNWFlZA%3D%3D\" data-type=\"link\" data-id=\"https:\/\/www.instagram.com\/reel\/DQCmwG9D88P\/?utm_source=ig_web_copy_link&amp;igsh=MzRlODBiNWFlZA%3D%3D\" target=\"_blank\" rel=\"noreferrer noopener\">Entrevista de 9 Millones | 20 de octubre de 2025<\/a><\/strong><\/p>\n\n\n\n<p class=\"has-text-align-center\"><a href=\"https:\/\/youtu.be\/P3qdG0W5rN4?si=xULvWdr5eqUGEbmP\" data-type=\"link\" data-id=\"https:\/\/youtu.be\/P3qdG0W5rN4?si=xULvWdr5eqUGEbmP\" target=\"_blank\" rel=\"noreferrer noopener\"><strong>Hablamos de La V\u00edspera de la Abolici\u00f3n | El Calent\u00f3n con Sonia Valent\u00edn<\/strong> | 23 de octubre de 2025<\/a><\/p>\n\n\n\n<div style=\"height:50px\" aria-hidden=\"true\" class=\"wp-block-spacer\"><\/div>\n\n\n\n<h3 class=\"wp-block-heading has-text-align-center has-white-color has-text-color has-link-color wp-elements-77f782f6235e9c4aa93dd990a2f6fa71\">teatro paramount, emerson college | 2024<\/h3>\n\n\n\n<p class=\"has-text-align-center\"><a href=\"https:\/\/www.pressreader.com\/usa\/the-boston-globe\/20241031\/281895893744665\" target=\"_blank\" rel=\"noreferrer noopener\"><strong>The Boston Globe: A new stage show tries to image the end of incarceration | October 2024<\/strong><\/a><\/p>\n\n\n\n<div style=\"height:50px\" aria-hidden=\"true\" class=\"wp-block-spacer\"><\/div>\n\n\n\n<h3 class=\"wp-block-heading has-text-align-center has-white-color has-text-color has-link-color wp-elements-a8dacdd39a1c0bb30a7d02ddbad42a2b\">teatro victoria espinosa | 2023<\/h3>\n\n\n\n<p class=\"has-text-align-center\"><a href=\"https:\/\/mailchi.mp\/agitarte\/premierprbehindthescenes\" target=\"_blank\" rel=\"noreferrer noopener\"><strong>Resumen del estreno en Puerto Rico por AgitArte<\/strong> <strong>| febrero 2024<\/strong><\/a><\/p>\n\n\n\n<p class=\"has-text-align-center\"><strong><a href=\"https:\/\/www.elnuevodia.com\/opinion\/punto-de-vista\/en-la-vispera-de-la-abolicion\/\">El Nuevo D\u00eda: Punto de Vista &#8211; En la v\u00edspera de la abolici\u00f3n | 12 de diciembre de 2023&nbsp;<\/a><\/strong><\/p>\n\n\n\n<div style=\"height:50px\" aria-hidden=\"true\" class=\"wp-block-spacer\"><\/div>\n\n\n\n<h3 class=\"wp-block-heading has-text-align-center has-white-color has-text-color has-link-color wp-elements-acfa26d1819f585df61f2665da773175\">teatro cara m\u00eda (trabajo en proceso) | 2022<\/h3>\n\n\n\n<p class=\"has-text-align-center\"><strong><a href=\"https:\/\/www.onstagentx.com\/reviews\/on-the-eve-of-abolition-cara-mia-theatre-latinidades-festival?fbclid=IwAR2bsUZ-HyLuLvC0N1qweC8PuaA1qrzfIfGROtHQjYFnPFsZf8JYPFpGoX4\" target=\"_blank\" rel=\"noreferrer noopener\">La v\u00edspera de la abolici\u00f3n @ teatro Cara M\u00eda, festival \"Latinidades\" | Onstage NTX | 7 de octubre, 2022<\/a><\/strong><\/p>\n\n\n\n<div style=\"height:50px\" aria-hidden=\"true\" class=\"wp-block-spacer\"><\/div>\n\n\n\n<div class=\"wp-block-buttons is-content-justification-center is-layout-flex wp-container-core-buttons-is-layout-a89b3969 wp-block-buttons-is-layout-flex\">\n<div class=\"wp-block-button\"><a class=\"wp-block-button__link wp-element-button\" href=\"https:\/\/ontheeveofabolition.com\/es\/about-the-project\/press-kit\/\" target=\"_blank\" rel=\"noreferrer noopener\">PRESS KIT<\/a><\/div>\n<\/div>\n\n\n\n<div style=\"height:100px\" aria-hidden=\"true\" class=\"wp-block-spacer\"><\/div>\n<\/div>","protected":false},"excerpt":{"rendered":"<p>Photo by Pedro Iv\u00e1n Bonilla &#8220;On the Eve of Abolition\u201d is an evocative glimpse into the future. A cantastoria which throws off empire, emerges from a liberated Caribbean, and takes us enroute to free political prisoners awaiting execution in the last super maximum security prison in America.&#8220; &#8211; Noelle Hanrahan, Prison Radio el teatro de [&hellip;]<\/p>","protected":false},"author":9,"featured_media":6152,"parent":67,"menu_order":0,"comment_status":"closed","ping_status":"closed","template":"","meta":{"_acf_changed":false,"inline_featured_image":false,"footnotes":""},"class_list":["post-6137","page","type-page","status-publish","has-post-thumbnail","hentry"],"acf":[],"_links":{"self":[{"href":"https:\/\/ontheeveofabolition.com\/es\/wp-json\/wp\/v2\/pages\/6137","targetHints":{"allow":["GET"]}}],"collection":[{"href":"https:\/\/ontheeveofabolition.com\/es\/wp-json\/wp\/v2\/pages"}],"about":[{"href":"https:\/\/ontheeveofabolition.com\/es\/wp-json\/wp\/v2\/types\/page"}],"author":[{"embeddable":true,"href":"https:\/\/ontheeveofabolition.com\/es\/wp-json\/wp\/v2\/users\/9"}],"replies":[{"embeddable":true,"href":"https:\/\/ontheeveofabolition.com\/es\/wp-json\/wp\/v2\/comments?post=6137"}],"version-history":[{"count":0,"href":"https:\/\/ontheeveofabolition.com\/es\/wp-json\/wp\/v2\/pages\/6137\/revisions"}],"up":[{"embeddable":true,"href":"https:\/\/ontheeveofabolition.com\/es\/wp-json\/wp\/v2\/pages\/67"}],"wp:featuredmedia":[{"embeddable":true,"href":"https:\/\/ontheeveofabolition.com\/es\/wp-json\/wp\/v2\/media\/6152"}],"wp:attachment":[{"href":"https:\/\/ontheeveofabolition.com\/es\/wp-json\/wp\/v2\/media?parent=6137"}],"curies":[{"name":"wp","href":"https:\/\/api.w.org\/{rel}","templated":true}]}}