{"id":4515,"date":"2023-11-28T10:43:57","date_gmt":"2023-11-28T16:43:57","guid":{"rendered":"https:\/\/abolition.dev.onpressidium.com\/?page_id=4515"},"modified":"2023-11-28T10:52:27","modified_gmt":"2023-11-28T16:52:27","slug":"voices","status":"publish","type":"page","link":"https:\/\/ontheeveofabolition.com\/es\/voices\/","title":{"rendered":"Voices"},"content":{"rendered":"<div class=\"wp-block-group alignfull has-blue-background-color has-background is-layout-constrained wp-container-core-group-is-layout-254f1302 wp-block-group-is-layout-constrained\" style=\"padding-top:0;padding-right:0;padding-bottom:0;padding-left:0\">\n<div class=\"wp-block-cover alignfull\" style=\"min-height:444px;aspect-ratio:unset;\"><span aria-hidden=\"true\" class=\"wp-block-cover__background has-background-dim-20 has-background-dim\"><\/span><img loading=\"lazy\" decoding=\"async\" width=\"1667\" height=\"2500\" class=\"wp-block-cover__image-background wp-image-4530\" alt=\"\" src=\"https:\/\/ontheeveofabolition.com\/wp-content\/uploads\/Papel-Machete-OTE-promo-Prisoner-NL.jpeg\" style=\"object-position:44% 58%\" data-object-fit=\"cover\" data-object-position=\"44% 58%\" srcset=\"https:\/\/ontheeveofabolition.com\/wp-content\/uploads\/Papel-Machete-OTE-promo-Prisoner-NL.jpeg 1667w, https:\/\/ontheeveofabolition.com\/wp-content\/uploads\/Papel-Machete-OTE-promo-Prisoner-NL-960x1440.jpeg 960w, https:\/\/ontheeveofabolition.com\/wp-content\/uploads\/Papel-Machete-OTE-promo-Prisoner-NL-1320x1980.jpeg 1320w, https:\/\/ontheeveofabolition.com\/wp-content\/uploads\/Papel-Machete-OTE-promo-Prisoner-NL-576x864.jpeg 576w\" sizes=\"auto, (max-width: 1667px) 100vw, 1667px\" \/><div class=\"wp-block-cover__inner-container is-layout-flow wp-block-cover-is-layout-flow\">\n<h1 class=\"wp-block-heading has-text-align-center has-large-font-size\">voices<\/h1>\n<\/div><\/div>\n<\/div>\n\n\n\n<div class=\"wp-block-group alignfull has-grey-background-color has-background is-layout-constrained wp-block-group-is-layout-constrained\">\n<div style=\"height:50px\" aria-hidden=\"true\" class=\"wp-block-spacer\"><\/div>\n\n\n\n<p class=\"has-text-align-center has-white-color has-text-color\" style=\"font-size:16px\"> <em><em>La v\u00edspera de la abolici\u00f3n<\/em><\/em> is dedicated to <a href=\"https:\/\/www.youtube.com\/watch?v=i7nhZQzxtzM\" target=\"_blank\" rel=\"noreferrer noopener\">Albert Woodfox<\/a>, <a href=\"https:\/\/freekrystal.com\/\" target=\"_blank\" rel=\"noreferrer noopener\">Krystal Clark<\/a>, <a href=\"http:\/\/www.uaine.org\/leonard_peltier.html\" target=\"_blank\" rel=\"noreferrer noopener\">Leonard Peltier<\/a>, <a href=\"https:\/\/www.prisonradio.org\/correspondent\/mumia-abu-jamal\/\" target=\"_blank\" rel=\"noreferrer noopener\">Mumia Abu Jamal<\/a>, <a href=\"https:\/\/www.instagram.com\/pittpanther_art\/\" target=\"_blank\" rel=\"noreferrer noopener\">Pitt Panther<\/a> and all political prisoners. <\/p>\n\n\n\n<p class=\"has-text-align-center has-white-color has-text-color\">Throughout the play, we have incorporated audio recordings and original text written by political prisoners in the U.S. Below you&#8217;ll find transcriptions of audio sourced during the live performance.<\/p>\n\n\n\n<hr class=\"wp-block-separator has-text-color has-blue-color has-alpha-channel-opacity has-blue-background-color has-background is-style-wide\" style=\"margin-top:var(--wp--preset--spacing--60);margin-bottom:var(--wp--preset--spacing--60)\"\/>\n\n\n\n<h3 class=\"wp-block-heading has-yellow-color has-text-color\">prologue &#8211; mumia abu jamal, recorded by prison radio:<\/h3>\n\n\n\n<p class=\"has-white-color has-text-color\"><em>\u201cThe quest for abolition: How do we arrive at this place we call abolition? What are the roads to such a destination? We arrive for the almost lost lessons of history shaped by generations of ancestors who struggled their whole lives for that rare breath of freedom, and yearned with all their hearts that we, their prodigy will one day breath free air, for abolition stands for the long hard struggle against slavery, abolition meant the destruction of that system and the beginning of freedom. For a brief moment in time, freedom dawned over the land, but it was a mirage, a lie served by the greater lie of white supremacy, which plunged people into the darkness of terror and death, in fact, slavery by another name. Those unholy origins lead&nbsp; to the specter of mass incarceration. The greatest incarceration of juveniles in global history. The systems of white supremacy, of ruthless capitalism and labor exploitation, led to the monster now before us, what activists rightly call DBI, Death By Incarceration or lifeless sentences of life, forever.The presence and threat of prisons doesn&#8217;t create, it doesn&#8217;t treat, it doesn&#8217;t help, It feeds, it harms, it cripples, and yes it kills, it is the institutionalization of meanness, plain and simple. Prison abolitionist and noted scholar Ruth Wilson Gilmore stated: \u2018Abolition requires we change one thing, which is everything.\u2019 Now is the time. With Love, not fear. This is Mumia Abu-Jamal\u201d.&nbsp;<\/em><\/p>\n\n\n\n<div style=\"height:50px\" aria-hidden=\"true\" class=\"wp-block-spacer\"><\/div>\n\n\n\n<h3 class=\"wp-block-heading has-yellow-color has-text-color\">voice of prisoner &#8211; except from poem by leonard peltier:&nbsp;<\/h3>\n\n\n\n<p class=\"has-white-color has-text-color\"><em>\u201cA veces, en la noche oscura, me convierto en esp\u00edritu.<\/em><\/p>\n\n\n\n<p class=\"has-white-color has-text-color\"><em>Las paredes, los barrotes, las rejas, se disuelven en la luz<\/em><\/p>\n\n\n\n<p class=\"has-white-color has-text-color\"><em>y libero mi alma<\/em><\/p>\n\n\n\n<p class=\"has-white-color has-text-color\"><em>y vuelo a trav\u00e9s de la oscuridad interior de mi ser.<\/em><\/p>\n\n\n\n<p class=\"has-white-color has-text-color\"><em>Me vuelvo transparente,<\/em><\/p>\n\n\n\n<p class=\"has-white-color has-text-color\"><em>una sombra brillante,<\/em><\/p>\n\n\n\n<p class=\"has-white-color has-text-color\"><em>un p\u00e1jaro de sue\u00f1os que canta desde el \u00e1rbol de la vida.\u201d<\/em><\/p>\n\n\n\n<div style=\"height:50px\" aria-hidden=\"true\" class=\"wp-block-spacer\"><\/div>\n\n\n\n<h3 class=\"wp-block-heading has-yellow-color has-text-color\">text at the end &#8211; original artwork and text by pitt panther<\/h3>\n\n\n\n<p class=\"has-white-color has-text-color\"><em>&#8220;Abolition is not a phoenix rising from the ashes.<\/em><\/p>\n\n\n\n<p class=\"has-white-color has-text-color\"><em>It is a butterfly, a brilliant metamorphosis into a new reality.&#8221;<\/em><\/p>\n\n\n\n<figure class=\"wp-block-image size-large\"><img loading=\"lazy\" decoding=\"async\" width=\"1320\" height=\"1020\" src=\"https:\/\/ontheeveofabolition.com\/wp-content\/uploads\/Butterfly_Pitt-scaled-e1701189782684-1320x1020.jpeg\" alt=\"\" class=\"wp-image-4518\" srcset=\"https:\/\/ontheeveofabolition.com\/wp-content\/uploads\/Butterfly_Pitt-scaled-e1701189782684-1320x1020.jpeg 1320w, https:\/\/ontheeveofabolition.com\/wp-content\/uploads\/Butterfly_Pitt-scaled-e1701189782684-960x742.jpeg 960w, https:\/\/ontheeveofabolition.com\/wp-content\/uploads\/Butterfly_Pitt-scaled-e1701189782684-576x445.jpeg 576w, https:\/\/ontheeveofabolition.com\/wp-content\/uploads\/Butterfly_Pitt-scaled-e1701189782684-16x12.jpeg 16w\" sizes=\"auto, (max-width: 1320px) 100vw, 1320px\" \/><\/figure>\n\n\n\n<div style=\"height:80px\" aria-hidden=\"true\" class=\"wp-block-spacer\"><\/div>\n<\/div>","protected":false},"excerpt":{"rendered":"<p>On the Eve of Abolition is dedicated to Albert Woodfox, Krystal Clark, Leonard Peltier, Mumia Abu Jamal, Pitt Panther and all political prisoners. Throughout the play, we have incorporated audio recordings and original text written by political prisoners in the U.S. Below you&#8217;ll find transcriptions of audio sourced during the live performance. prologue &#8211; mumia [&hellip;]<\/p>","protected":false},"author":9,"featured_media":0,"parent":0,"menu_order":0,"comment_status":"closed","ping_status":"closed","template":"","meta":{"_acf_changed":false,"inline_featured_image":false,"footnotes":""},"class_list":["post-4515","page","type-page","status-publish","hentry"],"acf":[],"_links":{"self":[{"href":"https:\/\/ontheeveofabolition.com\/es\/wp-json\/wp\/v2\/pages\/4515","targetHints":{"allow":["GET"]}}],"collection":[{"href":"https:\/\/ontheeveofabolition.com\/es\/wp-json\/wp\/v2\/pages"}],"about":[{"href":"https:\/\/ontheeveofabolition.com\/es\/wp-json\/wp\/v2\/types\/page"}],"author":[{"embeddable":true,"href":"https:\/\/ontheeveofabolition.com\/es\/wp-json\/wp\/v2\/users\/9"}],"replies":[{"embeddable":true,"href":"https:\/\/ontheeveofabolition.com\/es\/wp-json\/wp\/v2\/comments?post=4515"}],"version-history":[{"count":0,"href":"https:\/\/ontheeveofabolition.com\/es\/wp-json\/wp\/v2\/pages\/4515\/revisions"}],"wp:attachment":[{"href":"https:\/\/ontheeveofabolition.com\/es\/wp-json\/wp\/v2\/media?parent=4515"}],"curies":[{"name":"wp","href":"https:\/\/api.w.org\/{rel}","templated":true}]}}