{"id":3579,"date":"2023-11-07T16:55:06","date_gmt":"2023-11-07T16:55:06","guid":{"rendered":"https:\/\/abolition.dev.onpressidium.com\/?page_id=3579"},"modified":"2025-11-17T10:30:26","modified_gmt":"2025-11-17T16:30:26","slug":"press-kit","status":"publish","type":"page","link":"https:\/\/ontheeveofabolition.com\/es\/about-the-project\/press-kit\/","title":{"rendered":"kit de prensa"},"content":{"rendered":"<div class=\"wp-block-group alignfull has-grey-background-color has-background is-layout-constrained wp-container-core-group-is-layout-10bc4538 wp-block-group-is-layout-constrained\" style=\"padding-top:var(--wp--preset--spacing--80);padding-right:var(--wp--preset--spacing--80);padding-bottom:var(--wp--preset--spacing--80);padding-left:var(--wp--preset--spacing--80)\">\n<h1 class=\"wp-block-heading has-text-align-center has-white-color has-text-color\">kit de prensa<\/h1>\n\n\n\n<p class=\"has-text-align-center has-yellow-color has-text-color\">On the Eve of Abolition | La V\u00edspera de la Abolici\u00f3n<\/p>\n\n\n\n<div class=\"wp-block-columns are-vertically-aligned-center is-layout-flex wp-container-core-columns-is-layout-28f84493 wp-block-columns-is-layout-flex\">\n<div class=\"wp-block-column is-vertically-aligned-center is-layout-flow wp-block-column-is-layout-flow\">\n<p class=\"has-text-align-center has-white-color has-text-color\"><em><strong>\u201cA trav\u00e9s de la magia del teatro de t\u00edteres y m\u00e1scaras, invitamos al p\u00fablico a acompa\u00f1arnos en un viaje al a\u00f1o 2047 en una experiencia multimedia que imagina un mundo de seres libres del encierro, las injusticias y la explotaci\u00f3n, y sentir el llamado a organizarnos y tomar acci\u00f3n desde el amor m\u00e1s profundo y el esp\u00edritu revolucionario de la resistencia colectiva. \u00a1El momento es AHORA!\u201d<\/strong><\/em><\/p>\n\n\n\n<p class=\"has-text-align-center has-white-color has-text-color\"> &#8211; Papel Machete<\/p>\n<\/div>\n<\/div>\n\n\n\n<div class=\"wp-block-group is-layout-constrained wp-block-group-is-layout-constrained\">\n<div class=\"wp-block-columns is-layout-flex wp-container-core-columns-is-layout-28f84493 wp-block-columns-is-layout-flex\">\n<div class=\"wp-block-column is-layout-flow wp-block-column-is-layout-flow\">\n<div class=\"wp-block-group is-layout-constrained wp-block-group-is-layout-constrained\">\n<div class=\"wp-block-group is-layout-constrained wp-block-group-is-layout-constrained\">\n<div class=\"wp-block-group has-white-color has-blue-background-color has-text-color has-background is-layout-constrained wp-block-group-is-layout-constrained\">\n<h3 class=\"wp-block-heading has-text-align-center has-white-color has-text-color\">contacto:<\/h3>\n\n\n\n<p class=\"has-text-align-center has-white-color has-text-color\"><a href=\"mailto:irmarisr@gmail.com\" target=\"_blank\" rel=\"noreferrer noopener\">media [at] agitarte [dot] com<\/a><\/p>\n<\/div>\n<\/div>\n<\/div>\n<\/div>\n\n\n\n<div class=\"wp-block-column is-layout-flow wp-block-column-is-layout-flow\">\n<figure class=\"wp-block-image size-full\"><a href=\"https:\/\/drive.google.com\/drive\/folders\/18u9EmZY9DMIWIUZ5VROp-Tkz_AHwNd5G?usp=share_link\" target=\"_blank\" rel=\" noreferrer noopener\"><img loading=\"lazy\" decoding=\"async\" width=\"1268\" height=\"1636\" src=\"https:\/\/ontheeveofabolition.com\/wp-content\/uploads\/PRESS-KIT_UPR_cover.png\" alt=\"\" class=\"wp-image-5906\" srcset=\"https:\/\/ontheeveofabolition.com\/wp-content\/uploads\/PRESS-KIT_UPR_cover.png 1268w, https:\/\/ontheeveofabolition.com\/wp-content\/uploads\/PRESS-KIT_UPR_cover-960x1239.png 960w, https:\/\/ontheeveofabolition.com\/wp-content\/uploads\/PRESS-KIT_UPR_cover-9x12.png 9w, https:\/\/ontheeveofabolition.com\/wp-content\/uploads\/PRESS-KIT_UPR_cover-576x743.png 576w\" sizes=\"auto, (max-width: 1268px) 100vw, 1268px\" \/><\/a><\/figure>\n\n\n\n<div class=\"wp-block-buttons is-content-justification-center is-layout-flex wp-container-core-buttons-is-layout-a89b3969 wp-block-buttons-is-layout-flex\">\n<div class=\"wp-block-button\"><a class=\"wp-block-button__link wp-element-button\" href=\"https:\/\/drive.google.com\/file\/d\/1hrCIPF8jeEnTQ2Zmc_rrNpV6JGR3we-y\/view?usp=share_link\" target=\"_blank\" rel=\"noreferrer noopener\">Press Kit PDF<\/a><\/div>\n<\/div>\n<\/div>\n<\/div>\n<\/div>\n\n\n\n<div style=\"height:50px\" aria-hidden=\"true\" class=\"wp-block-spacer\"><\/div>\n\n\n\n<hr class=\"wp-block-separator has-text-color has-white-color has-alpha-channel-opacity has-white-background-color has-background is-style-wide\" style=\"margin-top:var(--wp--preset--spacing--40);margin-bottom:var(--wp--preset--spacing--40)\"\/>\n\n\n\n<h2 class=\"wp-block-heading has-text-align-center has-white-color has-text-color\">fotos de alta resoluci\u00d3n<\/h2>\n\n\n\n<p class=\"has-text-align-center has-yellow-color has-text-color\">Fotos por Ricardo Alcaraz<\/p>\n\n\n\n<div class=\"wp-block-group is-layout-constrained wp-block-group-is-layout-constrained\">\n<figure class=\"wp-block-gallery has-nested-images columns-default is-cropped wp-block-gallery-1 is-layout-flex wp-block-gallery-is-layout-flex\">\n<figure class=\"wp-block-image size-large\"><a href=\"https:\/\/ontheeveofabolition.com\/wp-content\/uploads\/DSC_3430-scaled.jpg\"><img loading=\"lazy\" decoding=\"async\" width=\"1320\" height=\"881\" data-id=\"5546\" src=\"https:\/\/ontheeveofabolition.com\/wp-content\/uploads\/DSC_3430-1320x881.jpg\" alt=\"\" class=\"wp-image-5546\" srcset=\"https:\/\/ontheeveofabolition.com\/wp-content\/uploads\/DSC_3430-1320x881.jpg 1320w, https:\/\/ontheeveofabolition.com\/wp-content\/uploads\/DSC_3430-960x641.jpg 960w, https:\/\/ontheeveofabolition.com\/wp-content\/uploads\/DSC_3430-18x12.jpg 18w, https:\/\/ontheeveofabolition.com\/wp-content\/uploads\/DSC_3430-576x385.jpg 576w\" sizes=\"auto, (max-width: 1320px) 100vw, 1320px\" \/><\/a><\/figure>\n\n\n\n<figure class=\"wp-block-image size-large\"><a href=\"https:\/\/ontheeveofabolition.com\/wp-content\/uploads\/DSC_3461-scaled.jpg\"><img loading=\"lazy\" decoding=\"async\" width=\"1320\" height=\"881\" data-id=\"5552\" src=\"https:\/\/ontheeveofabolition.com\/wp-content\/uploads\/DSC_3461-1320x881.jpg\" alt=\"\" class=\"wp-image-5552\" srcset=\"https:\/\/ontheeveofabolition.com\/wp-content\/uploads\/DSC_3461-1320x881.jpg 1320w, https:\/\/ontheeveofabolition.com\/wp-content\/uploads\/DSC_3461-960x641.jpg 960w, https:\/\/ontheeveofabolition.com\/wp-content\/uploads\/DSC_3461-18x12.jpg 18w, https:\/\/ontheeveofabolition.com\/wp-content\/uploads\/DSC_3461-576x385.jpg 576w\" sizes=\"auto, (max-width: 1320px) 100vw, 1320px\" \/><\/a><\/figure>\n\n\n\n<figure class=\"wp-block-image size-large\"><a href=\"https:\/\/ontheeveofabolition.com\/wp-content\/uploads\/DSC_2136-scaled.jpg\"><img loading=\"lazy\" decoding=\"async\" width=\"1320\" height=\"881\" data-id=\"5528\" src=\"https:\/\/ontheeveofabolition.com\/wp-content\/uploads\/DSC_2136-1320x881.jpg\" alt=\"\" class=\"wp-image-5528\" srcset=\"https:\/\/ontheeveofabolition.com\/wp-content\/uploads\/DSC_2136-1320x881.jpg 1320w, https:\/\/ontheeveofabolition.com\/wp-content\/uploads\/DSC_2136-960x641.jpg 960w, https:\/\/ontheeveofabolition.com\/wp-content\/uploads\/DSC_2136-18x12.jpg 18w, https:\/\/ontheeveofabolition.com\/wp-content\/uploads\/DSC_2136-576x385.jpg 576w\" sizes=\"auto, (max-width: 1320px) 100vw, 1320px\" \/><\/a><\/figure>\n\n\n\n<figure class=\"wp-block-image size-large\"><a href=\"https:\/\/ontheeveofabolition.com\/wp-content\/uploads\/DSC_3291-scaled.jpg\"><img loading=\"lazy\" decoding=\"async\" width=\"1320\" height=\"881\" data-id=\"5540\" src=\"https:\/\/ontheeveofabolition.com\/wp-content\/uploads\/DSC_3291-1320x881.jpg\" alt=\"\" class=\"wp-image-5540\" srcset=\"https:\/\/ontheeveofabolition.com\/wp-content\/uploads\/DSC_3291-1320x881.jpg 1320w, https:\/\/ontheeveofabolition.com\/wp-content\/uploads\/DSC_3291-960x641.jpg 960w, https:\/\/ontheeveofabolition.com\/wp-content\/uploads\/DSC_3291-18x12.jpg 18w, https:\/\/ontheeveofabolition.com\/wp-content\/uploads\/DSC_3291-576x385.jpg 576w\" sizes=\"auto, (max-width: 1320px) 100vw, 1320px\" \/><\/a><\/figure>\n\n\n\n<figure class=\"wp-block-image size-large\"><a href=\"https:\/\/ontheeveofabolition.com\/wp-content\/uploads\/DSC_3190-scaled.jpg\"><img loading=\"lazy\" decoding=\"async\" width=\"1320\" height=\"881\" data-id=\"5543\" src=\"https:\/\/ontheeveofabolition.com\/wp-content\/uploads\/DSC_3190-1320x881.jpg\" alt=\"\" class=\"wp-image-5543\" srcset=\"https:\/\/ontheeveofabolition.com\/wp-content\/uploads\/DSC_3190-1320x881.jpg 1320w, https:\/\/ontheeveofabolition.com\/wp-content\/uploads\/DSC_3190-960x641.jpg 960w, https:\/\/ontheeveofabolition.com\/wp-content\/uploads\/DSC_3190-18x12.jpg 18w, https:\/\/ontheeveofabolition.com\/wp-content\/uploads\/DSC_3190-576x385.jpg 576w\" sizes=\"auto, (max-width: 1320px) 100vw, 1320px\" \/><\/a><\/figure>\n\n\n\n<figure class=\"wp-block-image size-large\"><a href=\"https:\/\/ontheeveofabolition.com\/wp-content\/uploads\/DSC_3260-scaled.jpg\"><img loading=\"lazy\" decoding=\"async\" width=\"1320\" height=\"881\" data-id=\"5531\" src=\"https:\/\/ontheeveofabolition.com\/wp-content\/uploads\/DSC_3260-1320x881.jpg\" alt=\"\" class=\"wp-image-5531\" srcset=\"https:\/\/ontheeveofabolition.com\/wp-content\/uploads\/DSC_3260-1320x881.jpg 1320w, https:\/\/ontheeveofabolition.com\/wp-content\/uploads\/DSC_3260-960x641.jpg 960w, https:\/\/ontheeveofabolition.com\/wp-content\/uploads\/DSC_3260-18x12.jpg 18w, https:\/\/ontheeveofabolition.com\/wp-content\/uploads\/DSC_3260-576x385.jpg 576w\" sizes=\"auto, (max-width: 1320px) 100vw, 1320px\" \/><\/a><\/figure>\n\n\n\n<figure class=\"wp-block-image size-large\"><a href=\"https:\/\/ontheeveofabolition.com\/wp-content\/uploads\/DSC_3630-1-scaled.jpg\"><img loading=\"lazy\" decoding=\"async\" width=\"1320\" height=\"831\" data-id=\"5555\" src=\"https:\/\/ontheeveofabolition.com\/wp-content\/uploads\/DSC_3630-1-1320x831.jpg\" alt=\"\" class=\"wp-image-5555\" srcset=\"https:\/\/ontheeveofabolition.com\/wp-content\/uploads\/DSC_3630-1-1320x831.jpg 1320w, https:\/\/ontheeveofabolition.com\/wp-content\/uploads\/DSC_3630-1-960x604.jpg 960w, https:\/\/ontheeveofabolition.com\/wp-content\/uploads\/DSC_3630-1-18x12.jpg 18w, https:\/\/ontheeveofabolition.com\/wp-content\/uploads\/DSC_3630-1-576x362.jpg 576w\" sizes=\"auto, (max-width: 1320px) 100vw, 1320px\" \/><\/a><\/figure>\n\n\n\n<figure class=\"wp-block-image size-large\"><a href=\"https:\/\/ontheeveofabolition.com\/wp-content\/uploads\/DSC_3518-scaled.jpg\"><img loading=\"lazy\" decoding=\"async\" width=\"1320\" height=\"890\" data-id=\"5534\" src=\"https:\/\/ontheeveofabolition.com\/wp-content\/uploads\/DSC_3518-1320x890.jpg\" alt=\"\" class=\"wp-image-5534\" srcset=\"https:\/\/ontheeveofabolition.com\/wp-content\/uploads\/DSC_3518-1320x890.jpg 1320w, https:\/\/ontheeveofabolition.com\/wp-content\/uploads\/DSC_3518-960x647.jpg 960w, https:\/\/ontheeveofabolition.com\/wp-content\/uploads\/DSC_3518-18x12.jpg 18w, https:\/\/ontheeveofabolition.com\/wp-content\/uploads\/DSC_3518-576x388.jpg 576w\" sizes=\"auto, (max-width: 1320px) 100vw, 1320px\" \/><\/a><\/figure>\n\n\n\n<figure class=\"wp-block-image size-large\"><a href=\"https:\/\/ontheeveofabolition.com\/wp-content\/uploads\/DSC_1933-3-scaled.jpg\"><img loading=\"lazy\" decoding=\"async\" width=\"1320\" height=\"1327\" data-id=\"5570\" src=\"https:\/\/ontheeveofabolition.com\/wp-content\/uploads\/DSC_1933-3-1320x1327.jpg\" alt=\"\" class=\"wp-image-5570\" srcset=\"https:\/\/ontheeveofabolition.com\/wp-content\/uploads\/DSC_1933-3-1320x1327.jpg 1320w, https:\/\/ontheeveofabolition.com\/wp-content\/uploads\/DSC_1933-3-960x965.jpg 960w, https:\/\/ontheeveofabolition.com\/wp-content\/uploads\/DSC_1933-3-150x150.jpg 150w, https:\/\/ontheeveofabolition.com\/wp-content\/uploads\/DSC_1933-3-12x12.jpg 12w, https:\/\/ontheeveofabolition.com\/wp-content\/uploads\/DSC_1933-3-576x579.jpg 576w\" sizes=\"auto, (max-width: 1320px) 100vw, 1320px\" \/><\/a><\/figure>\n<\/figure>\n<\/div>\n\n\n\n<div style=\"height:30px\" aria-hidden=\"true\" class=\"wp-block-spacer\"><\/div>\n\n\n\n<div class=\"wp-block-buttons is-content-justification-center is-layout-flex wp-container-core-buttons-is-layout-a89b3969 wp-block-buttons-is-layout-flex\">\n<div class=\"wp-block-button is-style-fill\"><a class=\"wp-block-button__link has-text-align-center wp-element-button\" href=\"https:\/\/drive.google.com\/drive\/folders\/1eTfqr2sE8EdbSQaNKHfN46XYT-V_R8Ro?usp=drive_link\" target=\"_blank\" rel=\"noreferrer noopener\">Descargar fotos<\/a><\/div>\n<\/div>\n\n\n\n<div style=\"height:50px\" aria-hidden=\"true\" class=\"wp-block-spacer\"><\/div>\n\n\n\n<div style=\"height:30px\" aria-hidden=\"true\" class=\"wp-block-spacer\"><\/div>\n\n\n\n<h2 class=\"wp-block-heading has-text-align-center has-white-color has-text-color has-link-color wp-elements-a1f1900f7c76b6d00898ee2149d9f9ac\">prensa<\/h2>\n\n\n\n<hr class=\"wp-block-separator has-text-color has-white-color has-alpha-channel-opacity has-white-background-color has-background\"\/>\n\n\n\n<h3 class=\"wp-block-heading has-text-align-center has-white-color has-text-color has-link-color wp-elements-e209d0ce54dae531e1f286eee6ccadfe\">el teatro de la upr | 2025<\/h3>\n\n\n\n<p class=\"has-text-align-center\"><a href=\"https:\/\/www.youtube.com\/watch?v=c0_YefBtI0I\" data-type=\"link\" data-id=\"https:\/\/www.youtube.com\/watch?v=c0_YefBtI0I\" target=\"_blank\" rel=\"noreferrer noopener\"><strong>Rafah Acevedo entrevistando Jorge D\u00edaz sobre La v\u00edspera de la abolici\u00f3n | Octubre 2025<\/strong><\/a><\/p>\n\n\n\n<p class=\"has-text-align-center\"><a href=\"https:\/\/radioisla.tv\/titeres-multimedia-y-musica-en-vivo-en-la-vispera-de-la-abolicion1\/\" data-type=\"link\" data-id=\"https:\/\/radioisla.tv\/titeres-multimedia-y-musica-en-vivo-en-la-vispera-de-la-abolicion1\/\" target=\"_blank\" rel=\"noreferrer noopener\"><strong>RadioIsla: &#8220;T\u00edteres, multimedia y m\u00fasica en vivo en La v\u00edspera de la abolici\u00f3n&#8221; | 10 de octubre de 2025<\/strong><\/a><\/p>\n\n\n\n<h3 class=\"wp-block-heading has-text-align-center has-white-color has-text-color has-link-color wp-elements-77f782f6235e9c4aa93dd990a2f6fa71\">teatro paramount, emerson college | 2024<\/h3>\n\n\n\n<p class=\"has-text-align-center\"><a href=\"https:\/\/www.pressreader.com\/usa\/the-boston-globe\/20241031\/281895893744665\" target=\"_blank\" rel=\"noreferrer noopener\"><strong>The Boston Globe: A new stage show tries to image the end of incarceration | October 2024<\/strong><\/a><\/p>\n\n\n\n<h3 class=\"wp-block-heading has-text-align-center has-white-color has-text-color has-link-color wp-elements-a8dacdd39a1c0bb30a7d02ddbad42a2b\">teatro victoria espinosa | 2023<\/h3>\n\n\n\n<p class=\"has-text-align-center\"><a href=\"https:\/\/mailchi.mp\/agitarte\/premierprbehindthescenes\" target=\"_blank\" rel=\"noreferrer noopener\"><strong>Resumen del estreno en Puerto Rico por AgitArte<\/strong> <strong>| febrero 2024<\/strong><\/a><\/p>\n\n\n\n<p class=\"has-text-align-center\"><strong><a href=\"https:\/\/www.elnuevodia.com\/opinion\/punto-de-vista\/en-la-vispera-de-la-abolicion\/\">El Nuevo D\u00eda: Punto de Vista &#8211; En la v\u00edspera de la abolici\u00f3n | 12 de diciembre de 2023&nbsp;<\/a><\/strong><\/p>\n\n\n\n<h3 class=\"wp-block-heading has-text-align-center has-white-color has-text-color has-link-color wp-elements-acfa26d1819f585df61f2665da773175\">teatro cara m\u00eda (trabajo en proceso) | 2022<\/h3>\n\n\n\n<p class=\"has-text-align-center\"><strong><a href=\"https:\/\/www.onstagentx.com\/reviews\/on-the-eve-of-abolition-cara-mia-theatre-latinidades-festival?fbclid=IwAR2bsUZ-HyLuLvC0N1qweC8PuaA1qrzfIfGROtHQjYFnPFsZf8JYPFpGoX4\" target=\"_blank\" rel=\"noreferrer noopener\">La v\u00edspera de la abolici\u00f3n @ teatro Cara M\u00eda, festival \"Latinidades\" | Onstage NTX | 7 de octubre, 2022<\/a><\/strong><\/p>\n<\/div>","protected":false},"excerpt":{"rendered":"<p>press kit On the Eve of Abolition | La V\u00edspera de la Abolici\u00f3n &#8220;Through the magic of puppet theater and masks, we invite the audience to join us on a journey to the year 2047 in a multimedia experience that imagines a world of people free from confinement, injustice, and exploitation, and to hear the [&hellip;]<\/p>","protected":false},"author":9,"featured_media":0,"parent":67,"menu_order":0,"comment_status":"closed","ping_status":"closed","template":"","meta":{"_acf_changed":false,"inline_featured_image":false,"footnotes":""},"class_list":["post-3579","page","type-page","status-publish","hentry"],"acf":[],"_links":{"self":[{"href":"https:\/\/ontheeveofabolition.com\/es\/wp-json\/wp\/v2\/pages\/3579","targetHints":{"allow":["GET"]}}],"collection":[{"href":"https:\/\/ontheeveofabolition.com\/es\/wp-json\/wp\/v2\/pages"}],"about":[{"href":"https:\/\/ontheeveofabolition.com\/es\/wp-json\/wp\/v2\/types\/page"}],"author":[{"embeddable":true,"href":"https:\/\/ontheeveofabolition.com\/es\/wp-json\/wp\/v2\/users\/9"}],"replies":[{"embeddable":true,"href":"https:\/\/ontheeveofabolition.com\/es\/wp-json\/wp\/v2\/comments?post=3579"}],"version-history":[{"count":0,"href":"https:\/\/ontheeveofabolition.com\/es\/wp-json\/wp\/v2\/pages\/3579\/revisions"}],"up":[{"embeddable":true,"href":"https:\/\/ontheeveofabolition.com\/es\/wp-json\/wp\/v2\/pages\/67"}],"wp:attachment":[{"href":"https:\/\/ontheeveofabolition.com\/es\/wp-json\/wp\/v2\/media?parent=3579"}],"curies":[{"name":"wp","href":"https:\/\/api.w.org\/{rel}","templated":true}]}}