{"id":3483,"date":"2023-11-06T21:25:30","date_gmt":"2023-11-06T21:25:30","guid":{"rendered":"https:\/\/abolition.dev.onpressidium.com\/?page_id=3483"},"modified":"2024-09-26T15:50:17","modified_gmt":"2024-09-26T20:50:17","slug":"political-framing-and-theory","status":"publish","type":"page","link":"https:\/\/ontheeveofabolition.com\/es\/resources\/political-framing-and-theory\/","title":{"rendered":"Political Framing and Theory"},"content":{"rendered":"<div class=\"wp-block-group alignfull has-blue-background-color has-background is-layout-constrained wp-block-group-is-layout-constrained\">\n<h1 class=\"wp-block-heading has-text-align-center has-white-color has-text-color\">marco pol\u00cdtico + teor\u00cdas<\/h1>\n<\/div>\n\n\n\n<div class=\"wp-block-group alignfull has-blue-background-color has-background is-layout-constrained wp-block-group-is-layout-constrained\">\n<p class=\"has-white-color has-text-color translation-block\" style=\"font-size:16px\">Enmarque Pol\u00edtico + Teor\u00edas es un intento de proporcionar las ideas, principios y teor\u00edas generales que dan forma al trabajo de Papel Machete y al proyecto La v\u00edspera de la abolici\u00f3n. Los temas o \u00e1reas de pensamiento incluyen la descolonizaci\u00f3n, el neoliberalismo, la lucha anticolonial y anticapitalista, la teor\u00eda feminista negra, la teor\u00eda queer, etc.<\/p>\n\n\n\n<div style=\"height:25px\" aria-hidden=\"true\" class=\"wp-block-spacer\"><\/div>\n<\/div>\n\n\n\n<div class=\"wp-block-group alignfull has-white-color has-grey-background-color has-text-color has-background is-layout-constrained wp-block-group-is-layout-constrained\">\n<p><\/p>\n\n\n\n<h1 class=\"wp-block-heading has-text-align-center h3 has-white-color has-text-color\"><strong>art\u00cdculos y ensayos:<\/strong><\/h1>\n\n\n\n<ul class=\"has-white-color has-text-color wp-block-list\">\n<li><strong><a href=\"https:\/\/drive.google.com\/file\/d\/1yjpACqhixPxMsdiz4BHjLn69s2u_dJtL\/view?usp=drive_link\" target=\"_blank\" rel=\"noreferrer noopener\">&#8220;The Three Sources and Three Component Parts of Marxism&#8221;<\/a><\/strong> by Vladimir Ilyich Lenin<\/li>\n\n\n\n<li><strong><a href=\"https:\/\/drive.google.com\/file\/d\/1cXDeqcFABDsReBhuMbKIuuoOI-Ydw4Yn\/view?usp=drive_link\" target=\"_blank\" rel=\"noreferrer noopener\">&#8220;Understanding Patriarchy&#8221;<\/a><\/strong> by bell hooks<\/li>\n\n\n\n<li><strong><a href=\"https:\/\/drive.google.com\/file\/d\/1iWirgxfa0IXb8wdVYBUoRHyvUKXr32BQ\/view?usp=drive_link\" target=\"_blank\" rel=\"noreferrer noopener\">&#8220;Marginality as Site of Resistance&#8221;<\/a><\/strong> by bell hooks<\/li>\n\n\n\n<li><a href=\"https:\/\/drive.google.com\/file\/d\/1LaOJpQudHKyyj7yH5UexJA6yAwVFN1JY\/view?usp=drive_link\" target=\"_blank\" rel=\"noreferrer noopener\"><strong>&#8220;The Master&#8217;s Tools Will Never Dismantle the Master&#8217;s House&#8221;<\/strong><\/a> by Audre Lorde<\/li>\n\n\n\n<li><strong><a href=\"https:\/\/drive.google.com\/file\/d\/1KDq2M2zvVhYVpVtut6rTTsZpl96V11fZ\/view?usp=drive_link\" target=\"_blank\" rel=\"noreferrer noopener\">&#8220;Mapping the Radical Imaginary: A Relational Genealogy of the Puerto Rican Left Since the 1990s&#8221;<\/a><\/strong> by Jos\u00e9 A. Laguarta Ram\u00edrez<\/li>\n\n\n\n<li><strong><a href=\"https:\/\/www.scalawagmagazine.org\/2020\/01\/song-combating-white-supremacy\/\" target=\"_blank\" rel=\"noreferrer noopener\">\u201cIf we can dismantle patriarchy and capitalism, we might be onto something:\u201d<\/a><\/strong> &#8211; An interview with Mary Hooks for Scalawag, originally published in 2018.<\/li>\n\n\n\n<li><strong><a href=\"https:\/\/fs.blog\/2014\/07\/the-panopticon-effect\/\" target=\"_blank\" rel=\"noreferrer noopener\">Michel Foucault on the Panopticon Effect<\/a><\/strong><\/li>\n\n\n\n<li><strong><a href=\"https:\/\/foucault.info\/documents\/foucault.disciplineAndPunish.panOpticism\/\" target=\"_blank\" rel=\"noreferrer noopener\">Discipline &amp; Punish &#8211; Panopticism<\/a><\/strong><\/li>\n<\/ul>\n\n\n\n<p><\/p>\n<\/div>\n\n\n\n<div class=\"wp-block-cover alignfull\"><span aria-hidden=\"true\" class=\"wp-block-cover__background has-background-dim-40 has-background-dim\"><\/span><img loading=\"lazy\" decoding=\"async\" width=\"2560\" height=\"1309\" class=\"wp-block-cover__image-background wp-image-2457\" alt=\"\" src=\"https:\/\/ontheeveofabolition.com\/wp-content\/uploads\/dallas-mask-workshop-2-scaled.jpg\" style=\"object-position:45% 71%\" data-object-fit=\"cover\" data-object-position=\"45% 71%\" srcset=\"https:\/\/ontheeveofabolition.com\/wp-content\/uploads\/dallas-mask-workshop-2-scaled.jpg 2560w, https:\/\/ontheeveofabolition.com\/wp-content\/uploads\/dallas-mask-workshop-2-960x491.jpg 960w, https:\/\/ontheeveofabolition.com\/wp-content\/uploads\/dallas-mask-workshop-2-1320x675.jpg 1320w, https:\/\/ontheeveofabolition.com\/wp-content\/uploads\/dallas-mask-workshop-2-576x294.jpg 576w\" sizes=\"auto, (max-width: 2560px) 100vw, 2560px\" \/><div class=\"wp-block-cover__inner-container is-layout-flow wp-block-cover-is-layout-flow\">\n<div class=\"wp-block-group is-layout-constrained wp-block-group-is-layout-constrained\">\n<p class=\"has-text-align-left h2 has-white-color has-text-color has-large-font-size\">\"no existe la educaci\u00f3n neutra. la educaci\u00f3n funciona como instrumento para lograr la conformidad o la libertad\".<\/p>\n\n\n\n<p class=\"has-text-align-right h3 has-white-color has-text-color\">&#8211; paulo freire<\/p>\n<\/div>\n<\/div><\/div>\n\n\n\n<div class=\"wp-block-group alignfull has-blue-background-color has-background is-layout-constrained wp-block-group-is-layout-constrained\">\n<p><\/p>\n\n\n\n<h3 class=\"wp-block-heading has-text-align-center has-white-color has-text-color\"><strong>libros \/ zines \/ toolkits:<\/strong><\/h3>\n\n\n\n<ul class=\"has-white-color has-text-color wp-block-list\">\n<li style=\"font-size:16px\"><strong><em>Discipline &amp; Punish: The Birth of the Prison<\/em><\/strong> by Michel Foucault<\/li>\n\n\n\n<li style=\"font-size:16px\"><em><strong><a href=\"https:\/\/www.betterworldbooks.com\/product\/detail\/teaching-community-a-pedagogy-of-hope-9780415968188?shipto=US&amp;curcode=USD&amp;gad=1&amp;gclid=CjwKCAjw9-6oBhBaEiwAHv1QvJv0UPvEsKkD5LwYbIhFZXGsnwA46rGmkk9r3AdUDowbFEgk2Y3xphoC9E4QAvD_BwE\" target=\"_blank\" rel=\"noreferrer noopener\">Teaching to Transgress<\/a><\/strong><\/em> by bell hooks<\/li>\n\n\n\n<li style=\"font-size:16px\"><a href=\"https:\/\/archive.org\/details\/t.-vlasova-auth-e.-ivanov-ed.-marxist-leninist-philosophy-diagrams-tables-illust\/mode\/2up\" target=\"_blank\" rel=\"noreferrer noopener\"><em><strong>Marxist Leninist Philosophy<\/strong><\/em> <strong><em>Diagrams, Tables, Illustrations<\/em><\/strong><\/a> written and compiled by T. Vlasova<\/li>\n\n\n\n<li style=\"font-size:16px\"><a href=\"https:\/\/drive.google.com\/file\/d\/1aYkKactgW-plcpWOKcqIQ3RMcL4ARPfi\/view?usp=drive_link\" target=\"_blank\" rel=\"noreferrer noopener\"><strong><em>The Queer Art of Failure<\/em><\/strong> <\/a>(chapter three) by Jack Halberstam<\/li>\n\n\n\n<li style=\"font-size:16px\"><em><strong><a href=\"https:\/\/drive.google.com\/file\/d\/1ZmTegbso8bjJ5BOAZLqUhODrdd-6Vani\/view?usp=drive_link\" target=\"_blank\" rel=\"noreferrer noopener\">Wretched of the Earth<\/a><\/strong><\/em> by Franz Fanon<\/li>\n\n\n\n<li style=\"font-size:16px\"><strong><em><a href=\"https:\/\/www.zinnedproject.org\/materials\/pedagogy-of-the-oppressed\/\" target=\"_blank\" rel=\"noreferrer noopener\">Pedagogy of the Oppressed<\/a><\/em> <\/strong>by Paulo Freire<\/li>\n\n\n\n<li style=\"font-size:16px\"><em><strong><a href=\"https:\/\/www.alibris.com\/search\/books\/isbn\/9780231060820?invid=17615473872&amp;utm_source=Google&amp;utm_medium=cpc&amp;utm_campaign=NMPi&amp;&amp;&amp;gclid=CjwKCAjw9-6oBhBaEiwAHv1QvMdJKrFXxlHZa_ZpgO6iRMd1bvX5XP1yHadrnlBPmqvCpwZlKiR21hoC3QwQAvD_BwE&amp;gclsrc=aw.ds\" target=\"_blank\" rel=\"noreferrer noopener\">The Prison Notebooks<\/a><\/strong><\/em> by Antonio Gramsci<\/li>\n\n\n\n<li style=\"font-size:16px\"><strong><em><a href=\"https:\/\/drive.google.com\/file\/d\/17bYhxkcDsYR99Ajwv7pBbSftrruQRo5s\/view?usp=drive_link\" target=\"_blank\" rel=\"noreferrer noopener\">My People Shall Live: The Autobiography of a Revolutionary<\/a><\/em> <\/strong>by Leila Khaled<\/li>\n\n\n\n<li style=\"font-size:16px\"><strong><em><a href=\"https:\/\/www.nytimes.com\/interactive\/2019\/08\/14\/magazine\/1619-america-slavery.html\" target=\"_blank\" rel=\"noreferrer noopener\">The 1619 Project<\/a><\/em><\/strong> by Nikole Hannah-Jones<\/li>\n\n\n\n<li><strong><em>Bulbancha Is Still A Place Zine<\/em> <\/strong>&#8211; <strong><a href=\"https:\/\/drive.google.com\/file\/d\/1lT3ss8jFrNPqEcWMJwReYCMk9RnErLU-\/view?usp=drive_link\">Issue #1<\/a> + <a href=\"https:\/\/drive.google.com\/file\/d\/1lTMFylQqiYBU9MGVJZKJ6jG2uZRim5aJ\/view?usp=drive_link\">Issue #2<\/a><\/strong><\/li>\n\n\n\n<li><strong><a href=\"https:\/\/drive.google.com\/file\/d\/1SXaQvG3dZRP2tVJUbUAzOFPnhbqP4Lmr\/view\" target=\"_blank\" rel=\"noreferrer noopener\">BYP100&#8217;s She Safe We Safe Black Queer Feminist Curriculum Toolkit<\/a><\/strong><\/li>\n<\/ul>\n\n\n\n<p><\/p>\n<\/div>\n\n\n\n<div class=\"wp-block-group alignfull has-grey-background-color has-background is-layout-constrained wp-block-group-is-layout-constrained\">\n<p><\/p>\n\n\n\n<h3 class=\"wp-block-heading has-text-align-center has-white-color has-text-color\"><strong><strong>podcasts \/ pel\u00edculas \/ videos:<\/strong><\/strong><\/h3>\n\n\n\n<p style=\"font-size:16px\"><\/p>\n\n\n\n<ul class=\"has-white-color has-text-color wp-block-list\">\n<li><strong>VIDEO:<\/strong> <strong><a href=\"https:\/\/www.youtube.com\/watch?v=1Nskeqqzhkc\" target=\"_blank\" rel=\"noreferrer noopener\">US Empire v Political Prisoners: A Teach-In in Celebration of Mumia Abu-Jamal<\/a> (Common Notions) | April 27, 2020<\/strong><\/li>\n\n\n\n<li><strong>PODCAST:<\/strong> <strong><a href=\"https:\/\/www.indigenousaction.org\/podcast\/\" target=\"_blank\" rel=\"noreferrer noopener\">Indigenous Action Podcast<\/a><\/strong><\/li>\n\n\n\n<li><strong>FILM:<\/strong> <strong><em><a href=\"https:\/\/www.imdb.com\/title\/tt11873472\/\" target=\"_blank\" rel=\"noreferrer noopener\">Neptune Front<\/a><\/em> <\/strong>by Anisia Uzeyman and Saul Williams<\/li>\n\n\n\n<li><strong>VIDEO PLAYLIST:<\/strong> <a href=\"https:\/\/www.youtube.com\/watch?v=Fw6Fd87PhjU&amp;list=PLWhTJDazgMDlE1Uvev9H6me0X2SGHeY43\"><strong>bell hooks: Remembering a Feminist Intellectual, The New School<\/strong><\/a><\/li>\n\n\n\n<li><strong>VIDEO: <a href=\"https:\/\/www.youtube.com\/watch?v=x9sB4uldnbM\" target=\"_blank\" rel=\"noreferrer noopener\">Barnard Center: Paradoxes of Neoliberalism<\/a><\/strong><\/li>\n\n\n\n<li><strong>FILM:<\/strong> <strong><em><a href=\"https:\/\/kinema.com\/films\/israelism-jvor8l\" target=\"_blank\" rel=\"noreferrer noopener\">Israelism<\/a><\/em>, directed by Erin Axelman and Sam Eilertsen<\/strong><\/li>\n<\/ul>\n\n\n\n<p><\/p>\n<\/div>\n\n\n\n<div class=\"wp-block-cover alignfull\"><span aria-hidden=\"true\" class=\"wp-block-cover__background has-background-dim-0 has-background-dim\"><\/span><img loading=\"lazy\" decoding=\"async\" width=\"2560\" height=\"1442\" class=\"wp-block-cover__image-background wp-image-510\" alt=\"background\" src=\"https:\/\/ontheeveofabolition.com\/wp-content\/uploads\/P1000314.jpeg\" style=\"object-position:51% 100%\" data-object-fit=\"cover\" data-object-position=\"51% 100%\" srcset=\"https:\/\/ontheeveofabolition.com\/wp-content\/uploads\/P1000314.jpeg 2560w, https:\/\/ontheeveofabolition.com\/wp-content\/uploads\/P1000314-18x10.jpeg 18w\" sizes=\"auto, (max-width: 2560px) 100vw, 2560px\" \/><div class=\"wp-block-cover__inner-container is-layout-flow wp-block-cover-is-layout-flow\">\n<div class=\"wp-block-group is-layout-constrained wp-block-group-is-layout-constrained\">\n<div style=\"height:50px\" aria-hidden=\"true\" class=\"wp-block-spacer\"><\/div>\n\n\n\n<div class=\"wp-block-buttons is-content-justification-center is-layout-flex wp-container-core-buttons-is-layout-a89b3969 wp-block-buttons-is-layout-flex\">\n<div class=\"wp-block-button is-style-outline is-style-outline--1\"><a class=\"wp-block-button__link wp-element-button\" href=\"https:\/\/ontheeveofabolition.com\/es\/resources\/?preview=true\">VOLVER A RECURSOS<\/a><\/div>\n<\/div>\n\n\n\n<div style=\"height:50px\" aria-hidden=\"true\" class=\"wp-block-spacer\"><\/div>\n<\/div>\n<\/div><\/div>","protected":false},"excerpt":{"rendered":"<p>political framing and theory Political Framing + Theories&nbsp;is an attempt to provide the overarching ideas, principles and theories that shape Papel Machete\u2019s work and the&nbsp;La v\u00edspera de la abolici\u00f3n&nbsp;project. Subjects or areas of thought include decolonization, neoliberalism, anti-colonial and anti-capitalist struggle, Black feminist theory, Queer theory, and more.&nbsp; articles and essays: books \/ zines \/ [&hellip;]<\/p>","protected":false},"author":9,"featured_media":0,"parent":71,"menu_order":1,"comment_status":"closed","ping_status":"closed","template":"","meta":{"_acf_changed":false,"inline_featured_image":false,"footnotes":""},"class_list":["post-3483","page","type-page","status-publish","hentry"],"acf":[],"_links":{"self":[{"href":"https:\/\/ontheeveofabolition.com\/es\/wp-json\/wp\/v2\/pages\/3483","targetHints":{"allow":["GET"]}}],"collection":[{"href":"https:\/\/ontheeveofabolition.com\/es\/wp-json\/wp\/v2\/pages"}],"about":[{"href":"https:\/\/ontheeveofabolition.com\/es\/wp-json\/wp\/v2\/types\/page"}],"author":[{"embeddable":true,"href":"https:\/\/ontheeveofabolition.com\/es\/wp-json\/wp\/v2\/users\/9"}],"replies":[{"embeddable":true,"href":"https:\/\/ontheeveofabolition.com\/es\/wp-json\/wp\/v2\/comments?post=3483"}],"version-history":[{"count":0,"href":"https:\/\/ontheeveofabolition.com\/es\/wp-json\/wp\/v2\/pages\/3483\/revisions"}],"up":[{"embeddable":true,"href":"https:\/\/ontheeveofabolition.com\/es\/wp-json\/wp\/v2\/pages\/71"}],"wp:attachment":[{"href":"https:\/\/ontheeveofabolition.com\/es\/wp-json\/wp\/v2\/media?parent=3483"}],"curies":[{"name":"wp","href":"https:\/\/api.w.org\/{rel}","templated":true}]}}