{"id":1443,"date":"2023-08-02T17:51:16","date_gmt":"2023-08-02T17:51:16","guid":{"rendered":"http:\/\/abolition.dev.onpressidium.com\/?page_id=1443"},"modified":"2023-09-07T20:13:53","modified_gmt":"2023-09-07T20:13:53","slug":"transformative-justice","status":"publish","type":"page","link":"https:\/\/ontheeveofabolition.com\/es\/resources\/transformative-justice\/","title":{"rendered":"Transformative Justice"},"content":{"rendered":"<div class=\"wp-block-group alignfull has-blue-background-color has-background is-layout-constrained wp-block-group-is-layout-constrained\">\n<h1 class=\"wp-block-heading has-text-align-center has-white-color has-text-color\">praxis de justicia transformadora<\/h1>\n<\/div>\n\n\n\n<div class=\"wp-block-group alignfull has-blue-background-color has-background is-layout-constrained wp-block-group-is-layout-constrained\">\n<p class=\"has-white-color has-text-color translation-block\" style=\"font-size:16px\"><strong>La justicia transformadora<\/strong> trata de resolver el problema de la violencia desde la base, sin basarse en el castigo, el encarcelamiento o la vigilancia y persecuci\u00f3n policial. Los enfoques basados en la comunidad para prevenir la delincuencia y reparar sus da\u00f1os existen desde hace siglos. Sin embargo, en la atm\u00f3sfera punitiva de los sistemas de justicia penal contempor\u00e1neos, a menudo quedan marginados y operan bajo el radar.<\/p>\n\n\n\n<p class=\"has-white-color has-text-color\" style=\"font-size:16px\"><em>_Del libro Beyond Survival<\/em><\/p>\n\n\n\n<p class=\"has-white-color has-text-color translation-block\" style=\"font-size:16px\"><em><strong>\"La Justicia Transformativa (JT)<\/strong> es un marco pol\u00edtico y un enfoque para responder a la violencia, el da\u00f1o y el abuso. En su forma m\u00e1s b\u00e1sica, trata de responder a la violencia sin crear m\u00e1s violencia y\/o participar en la reducci\u00f3n de da\u00f1os para disminuir la violencia. La JT puede considerarse una forma de \"hacer las cosas bien\", de entrar en \"relaci\u00f3n correcta\" o de crear justicia juntes. Las respuestas e intervenciones de la justicia transformadora: 1) no dependen del Estado (por ejemplo, la polic\u00eda, las prisiones, el sistema jur\u00eddico penal, I.C.E., el sistema de acogida (aunque algunas respuestas de la JT s\u00ed dependen de servicios sociales como el asesoramiento o los incorporan); 2) no refuerzan ni perpet\u00faan la violencia, como las normas opresivas o el vigilantismo; y lo que es m\u00e1s importante,  3) cultivan activamente las cosas que sabemos que previenen la violencia, como la sanaci\u00f3n, la responsabilidad, la resiliencia y la seguridad para todes implicados\".<\/em><\/p>\n\n\n\n<p class=\"has-white-color has-text-color\" style=\"font-size:16px\"><em>_mia mingus<\/em><\/p>\n<\/div>\n\n\n\n<div class=\"wp-block-group alignfull has-white-color has-grey-background-color has-text-color has-background is-layout-constrained wp-block-group-is-layout-constrained\">\n<p><\/p>\n\n\n\n<h2 class=\"wp-block-heading has-text-align-center h3 has-white-color has-text-color\"><strong>organizaciones \/ colectivos \/ grupos:<\/strong><br><\/h2>\n\n\n\n<ul class=\"wp-block-list\">\n<li><strong><a href=\"https:\/\/www.interruptingcriminalization.com\" target=\"_blank\" rel=\"noreferrer noopener\">Interrupting Criminalization<\/a><\/strong><\/li>\n\n\n\n<li><strong><a href=\"http:\/\/project-nia.org\" target=\"_blank\" rel=\"noreferrer noopener\">Project NIA<\/a><\/strong><\/li>\n\n\n\n<li><a href=\"https:\/\/survivedandpunished.org\/\"><strong>Survived and Punished<\/strong><\/a><\/li>\n\n\n\n<li><strong><a href=\"https:\/\/batjc.wordpress.com\/\">Bay Area transformative Justice Collective (BATJC)<\/a>&nbsp;<\/strong><\/li>\n\n\n\n<li><strong><a href=\"https:\/\/communityaccountability.wordpress.com\" target=\"_blank\" rel=\"noreferrer noopener\">Community Accountability: Creating a Knowledge Base<\/a><\/strong><\/li>\n\n\n\n<li><strong><a href=\"https:\/\/nyctjhub.com\/\" target=\"_blank\" rel=\"noreferrer noopener\">NYC Transformative Justice Resource Hub<\/a><\/strong><\/li>\n\n\n\n<li><strong><a href=\"http:\/\/www.transformharm.org\/\">Transform Harm<\/a>&nbsp;<\/strong><\/li>\n\n\n\n<li><a href=\"https:\/\/www.theembodimentinstitute.org\/\"><strong>The Embodiment Institute<\/strong><\/a><\/li>\n\n\n\n<li><a href=\"https:\/\/bcrw.barnard.edu\/\"><strong>Barnard Center for the Research on Women<\/strong><\/a><\/li>\n<\/ul>\n<\/div>\n\n\n\n<div class=\"wp-block-group alignfull has-blue-background-color has-background is-layout-constrained wp-block-group-is-layout-constrained\">\n<p><\/p>\n\n\n\n<h3 class=\"wp-block-heading has-text-align-center has-white-color has-text-color\"><strong>art\u00cdculos \/ recursos:<\/strong><\/h3>\n\n\n\n<ul class=\"has-white-color has-text-color wp-block-list\">\n<li><a href=\"https:\/\/leavingevidence.wordpress.com\/2019\/01\/09\/transformative-justice-a-brief-description\/\"><strong>Transformative Justice: A Brief Description<\/strong><\/a><strong>: Introductory description of work that can be hard to describe. It is meant to be a starting point, not an end-point by Mia Mingus<\/strong><\/li>\n\n\n\n<li><strong><a href=\"https:\/\/www.autostraddle.com\/beyond-survival-book-review\/?fbclid=IwAR1kZHRxGJ0A-PGOwQN6tw3fB2Gz6PdRaPXBbxkmt3L6CArGY5oCQzSCH-w\" target=\"_blank\" rel=\"noreferrer noopener\">Beyond Survival: Rethinking The Humanity Of Those Who Harm&nbsp;<\/a><\/strong><\/li>\n\n\n\n<li><strong><a href=\"https:\/\/everydayfeminism.com\/2015\/09\/confront-friend-abusing-partner\/\" target=\"_blank\" rel=\"noreferrer noopener\">6 Ways to Confront Your Friend Who\u2019s Abusing Their Partner<\/a><\/strong><\/li>\n\n\n\n<li><strong><a href=\"https:\/\/www.mpd150.com\/what-are-we-talking-about-when-we-talk-about-a-police-free-future\/\" target=\"_blank\" rel=\"noreferrer noopener\">What are we talking about when we talk about \u201ca police-free future?\u201d<\/a><\/strong><\/li>\n\n\n\n<li><a href=\"https:\/\/leavingevidence.wordpress.com\/2019\/12\/18\/how-to-give-a-good-apology-part-1-the-four-parts-of-accountability\/\"><strong>The Four Parts of Accountability: How To Give A Genuine Apology Part 1<\/strong><\/a><\/li>\n\n\n\n<li><a href=\"https:\/\/batjc.wordpress.com\/resources\/readings-media\/\"><strong>Bay Area transformative Justice Collective (BATJC): Readings &amp; Media&nbsp;<\/strong><\/a><\/li>\n\n\n\n<li><a href=\"http:\/\/www.deanspade.net\/2014\/02\/07\/no-one-is-disposable\/\"><strong>No One Is Disposable: Everyday Practices of Prison Abolition<\/strong><\/a> <strong>by Dead Spade<\/strong><\/li>\n\n\n\n<li><strong><a href=\"https:\/\/medium.com\/@ginwright\/the-future-of-healing-shifting-from-trauma-informed-care-to-healing-centered-engagement-634f557ce69c\">The Future of Healing: Shifting From Trauma Informed Care to Healing Centered Engagement<\/a> by Shawn Ginwright Ph.D.<\/strong><\/li>\n\n\n\n<li><a href=\"https:\/\/www.themarshallproject.org\/2020\/07\/21\/they-agreed-to-meet-their-mother-s-killer-then-tragedy-struck-again\"><strong>Case study in the limitations of restorative justice<\/strong><\/a><\/li>\n\n\n\n<li><a href=\"https:\/\/www.nyscasa.org\/get-info\/transformative-justice\/\"><strong>Transformative Justice and Community Accountability<\/strong><\/a><strong>: Resource Page compiled by NY State Coalition Against Sexual Assault<\/strong><\/li>\n<\/ul>\n\n\n\n<p><\/p>\n<\/div>\n\n\n\n<div class=\"wp-block-group alignfull has-grey-background-color has-background is-layout-constrained wp-block-group-is-layout-constrained\">\n<p><\/p>\n\n\n\n<h3 class=\"wp-block-heading has-text-align-center has-white-color has-text-color\"><strong><strong>libros \/ zines<\/strong><\/strong><\/h3>\n\n\n\n<ul class=\"has-white-color has-text-color wp-block-list\">\n<li><strong><em><a href=\"https:\/\/www.akpress.org\/beyond-survival.html\" target=\"_blank\" rel=\"noreferrer noopener\">Beyond Survival: Strategies and Stories from the Transformative Justice Movement<\/a><\/em>, edited by Ejeris Dixon and Leah Lakshmi Piepzna-Samarasinha<\/strong><\/li>\n\n\n\n<li><strong><a href=\"https:\/\/drive.google.com\/file\/d\/1ES_9Xfa82dPamjt7TUTotcLr1HDdpY8Y\/view?usp=sharing\" target=\"_blank\" rel=\"noreferrer noopener\">The Revolution Starts at Home Zine (Free PDF)<\/a><\/strong><\/li>\n\n\n\n<li><a href=\"https:\/\/arsenalpulp.com\/Books\/C\/Care-Work\"><strong>Care Work: Dreaming Disability Justice<\/strong><\/a><strong> by Leah Lakshmi Piepzna-Samarasinha<\/strong><\/li>\n\n\n\n<li><a href=\"https:\/\/thenewpress.com\/books\/until-we-reckon\"><strong>Until We Reckon<\/strong><\/a><strong> by Danielle Sered<\/strong><\/li>\n\n\n\n<li><a href=\"https:\/\/www.akpress.org\/emergent-strategy-e-book.html\"><strong>Emergent Strategy<\/strong><\/a><strong>, <\/strong><a href=\"https:\/\/www.akpress.org\/we-will-not-cancel-us.html\"><strong>We Will Not Cancel Us<\/strong><\/a><strong> &amp; <\/strong><a href=\"https:\/\/www.akpress.org\/holding-change.html\"><strong>Holding Change<\/strong><\/a><strong> by adrienne maree brown<\/strong><\/li>\n<\/ul>\n\n\n\n<p><\/p>\n<\/div>\n\n\n\n<div class=\"wp-block-cover alignfull\"><span aria-hidden=\"true\" class=\"wp-block-cover__background has-background-dim\"><\/span><img loading=\"lazy\" decoding=\"async\" width=\"862\" height=\"575\" class=\"wp-block-cover__image-background wp-image-518\" alt=\"\" src=\"https:\/\/ontheeveofabolition.com\/wp-content\/uploads\/4.27.22_OTE_filmday3-9.jpg\" style=\"object-position:48% 24%\" data-object-fit=\"cover\" data-object-position=\"48% 24%\" srcset=\"https:\/\/ontheeveofabolition.com\/wp-content\/uploads\/4.27.22_OTE_filmday3-9.jpg 862w, https:\/\/ontheeveofabolition.com\/wp-content\/uploads\/4.27.22_OTE_filmday3-9-18x12.jpg 18w\" sizes=\"auto, (max-width: 862px) 100vw, 862px\" \/><div class=\"wp-block-cover__inner-container is-layout-flow wp-block-cover-is-layout-flow\">\n<div class=\"wp-block-group is-layout-constrained wp-block-group-is-layout-constrained\">\n<p class=\"has-text-align-left h2 has-white-color has-text-color has-large-font-size\">\"la jt [justicia transformadora] tiene que ocurrir fuera del estado. no es algo que podamos convertir en otra respuesta sist\u00c9mica\".<\/p>\n\n\n\n<p class=\"has-text-align-right h3 has-white-color has-text-color\">&#8211; shira hassan, <em>\u00bfqu\u00c9 es la justicia transformadora?, centro barnard<\/em><\/p>\n<\/div>\n<\/div><\/div>\n\n\n\n<div class=\"wp-block-group alignfull has-blue-background-color has-background is-layout-constrained wp-block-group-is-layout-constrained\">\n<p><\/p>\n\n\n\n<h3 class=\"wp-block-heading has-text-align-center has-white-color has-text-color\"><strong><strong>podcasts<\/strong><\/strong><\/h3>\n\n\n\n<ul class=\"has-white-color has-text-color wp-block-list\">\n<li><strong><a href=\"https:\/\/podcasts.apple.com\/us\/podcast\/for-the-wild\/id942809988?i=1000460911481\" target=\"_blank\" rel=\"noreferrer noopener\">For the Wild Podcast: Mariame Kaba on Moving Past Punishment<\/a><\/strong><\/li>\n\n\n\n<li><strong><a href=\"https:\/\/podcasts.apple.com\/us\/podcast\/beyond-survival\/id1309300649?i=1000494056545\" target=\"_blank\" rel=\"noreferrer noopener\">How to Survive the End of the World Podcast: \u201cBeyond Survival\u201d with Ejeris Dixon and Leah Lakshmi Piepzna-Samarasinha<\/a><\/strong><\/li>\n\n\n\n<li><a href=\"https:\/\/www.findingourwaypodcast.com\"><strong>Finding Our Way<\/strong><\/a><strong> with Prentis Hemphill<\/strong><\/li>\n<\/ul>\n\n\n\n<p><\/p>\n<\/div>\n\n\n\n<div class=\"wp-block-group alignfull has-grey-background-color has-background is-layout-constrained wp-block-group-is-layout-constrained\">\n<p><\/p>\n\n\n\n<h3 class=\"wp-block-heading has-text-align-center has-white-color has-text-color\"><strong><strong>toolkits \/ workbooks \/ mixtapes:<\/strong><\/strong><\/h3>\n\n\n\n<ul class=\"has-white-color has-text-color wp-block-list\">\n<li><a href=\"https:\/\/learninglab.freedomlifted.com\/courses\/just-practice-mixtape\" target=\"_blank\" rel=\"noreferrer noopener\"><strong>Steps to End Prisons &amp; Policing: A Mixtape on Transformative Justice<\/strong> <\/a><strong>by Just Practice Collaborative<\/strong><a href=\"https:\/\/learninglab.freedomlifted.com\/courses\/just-practice-mixtape\" target=\"_blank\" rel=\"noreferrer noopener\"> <strong>(Cost: $100)<\/strong><\/a><\/li>\n\n\n\n<li><strong><a href=\"http:\/\/www.creative-interventions.org\/tools\/toolkit\/\" target=\"_blank\" rel=\"noreferrer noopener\">Creative Interventions Toolkit: A Practical Guide to Stop Interpersonal Violence<\/a><\/strong><\/li>\n\n\n\n<li><a href=\"https:\/\/www.akpress.org\/fumbling-towards-repair.html\"><strong>Fumbling Towards Repair: A Workbook for Community Accountability Facilitators<\/strong><\/a><strong> by Mariame Kaba and Shira Hassan<\/strong><\/li>\n\n\n\n<li><a href=\"https:\/\/blacklivesmatter.com\/wp-content\/uploads\/2018\/01\/BLM_ChapterConflict_r1.pdf\"><strong>BLM: Tools for Addressing Chapter Conflict<\/strong><\/a><\/li>\n<\/ul>\n\n\n\n<p><\/p>\n<\/div>\n\n\n\n<div class=\"wp-block-group alignfull has-blue-background-color has-background is-layout-constrained wp-block-group-is-layout-constrained\">\n<p><\/p>\n\n\n\n<h3 class=\"wp-block-heading has-text-align-center has-white-color has-text-color\"><strong>videos \/ webinarios<\/strong>:<\/h3>\n\n\n\n<ul class=\"has-white-color has-text-color wp-block-list\">\n<li><a href=\"https:\/\/www.youtube.com\/results?search_query=barnard+center+for+research+on+women\"><strong>Barnard Center for Research on Women<\/strong><\/a> <strong>YouTube channel<\/strong>\n<ul class=\"wp-block-list\">\n<li><a href=\"https:\/\/www.youtube.com\/watch?v=U-_BOFz5TXo\">What is Transformative Justice?<\/a><\/li>\n\n\n\n<li><a href=\"https:\/\/www.youtube.com\/watch?v=AhANo6wzBAA\">How to Support Harm Doers in Being Accountable<\/a><\/li>\n\n\n\n<li><a href=\"https:\/\/www.youtube.com\/watch?v=tRhoaRlyeq8\">What are Obstacles to Accountability?<\/a><\/li>\n\n\n\n<li><a href=\"https:\/\/www.youtube.com\/watch?v=QZuJ55iGI14\">What is Accountability?<\/a><\/li>\n\n\n\n<li><a href=\"https:\/\/www.youtube.com\/watch?v=F-UE8wwXEtc\">Everyday Practices of Transformative Justice<\/a><\/li>\n\n\n\n<li><a href=\"https:\/\/www.youtube.com\/watch?v=ZqMxNiKQLHc\">The Modern Roots of Transformative Justice<\/a><\/li>\n\n\n\n<li><a href=\"https:\/\/www.youtube.com\/watch?v=JTpHcV-8dFA\">Transformative Justice in the Era of #DefundPolice<\/a><\/li>\n\n\n\n<li><a href=\"https:\/\/www.youtube.com\/watch?v=t0X6MdSDC4w\">Transforming Harm: Experiments in Accountability<\/a><\/li>\n\n\n\n<li><a href=\"https:\/\/www.youtube.com\/watch?v=YZEuPYJmTrk\">Building Accountable Communities<\/a>&nbsp;<\/li>\n\n\n\n<li><a href=\"https:\/\/www.youtube.com\/watch?v=NLVvskzF3qI\">People Who Do Harm Are Not Monsters<\/a><\/li>\n\n\n\n<li><a href=\"https:\/\/bcrw.barnard.edu\/videos\/what-is-self-accountability\/\">What is Self-Accountability?<\/a><\/li>\n\n\n\n<li><a href=\"https:\/\/www.youtube.com\/watch?v=8dKystkbHKQ\">Intersections of Disability Justice and Transformative Justice<\/a><\/li>\n\n\n\n<li><a href=\"https:\/\/www.youtube.com\/watch?v=ZeBuP7VCJyM\">Centering the Needs of Survivors<\/a><\/li>\n<\/ul>\n<\/li>\n\n\n\n<li><strong><a href=\"https:\/\/www.theembodimentinstitute.org\/resources\">The Embodiment Institute<\/a>: Resources that Ground Us<\/strong><\/li>\n<\/ul>\n\n\n\n<p><\/p>\n<\/div>\n\n\n\n<div class=\"wp-block-cover alignfull\"><span aria-hidden=\"true\" class=\"wp-block-cover__background has-background-dim-0 has-background-dim\"><\/span><img loading=\"lazy\" decoding=\"async\" width=\"2560\" height=\"1442\" class=\"wp-block-cover__image-background wp-image-510\" alt=\"background\" src=\"https:\/\/ontheeveofabolition.com\/wp-content\/uploads\/P1000314.jpeg\" style=\"object-position:51% 100%\" data-object-fit=\"cover\" data-object-position=\"51% 100%\" srcset=\"https:\/\/ontheeveofabolition.com\/wp-content\/uploads\/P1000314.jpeg 2560w, https:\/\/ontheeveofabolition.com\/wp-content\/uploads\/P1000314-18x10.jpeg 18w\" sizes=\"auto, (max-width: 2560px) 100vw, 2560px\" \/><div class=\"wp-block-cover__inner-container is-layout-flow wp-block-cover-is-layout-flow\">\n<div class=\"wp-block-group is-layout-constrained wp-block-group-is-layout-constrained\">\n<div style=\"height:50px\" aria-hidden=\"true\" class=\"wp-block-spacer\"><\/div>\n\n\n\n<div class=\"wp-block-buttons is-content-justification-center is-layout-flex wp-container-core-buttons-is-layout-a89b3969 wp-block-buttons-is-layout-flex\">\n<div class=\"wp-block-button is-style-outline is-style-outline--1\"><a class=\"wp-block-button__link wp-element-button\" href=\"https:\/\/ontheeveofabolition.com\/es\/resources\/?preview=true\">VOLVER A RECURSOS<\/a><\/div>\n<\/div>\n\n\n\n<div style=\"height:50px\" aria-hidden=\"true\" class=\"wp-block-spacer\"><\/div>\n<\/div>\n<\/div><\/div>","protected":false},"excerpt":{"rendered":"<p>transformative justice Transformative justice seeks to solve the problem of violence at the grassroots level, without relying on punishment, incarceration, or policing. Community-based approaches to preventing crime and repairing its damage have existed for centuries. However, in the punitive atmosphere of contemporary criminal justice systems, they are often marginalized and operate under the radar. _From [&hellip;]<\/p>","protected":false},"author":9,"featured_media":0,"parent":71,"menu_order":1,"comment_status":"closed","ping_status":"closed","template":"","meta":{"_acf_changed":false,"inline_featured_image":false,"footnotes":""},"class_list":["post-1443","page","type-page","status-publish","hentry"],"acf":[],"_links":{"self":[{"href":"https:\/\/ontheeveofabolition.com\/es\/wp-json\/wp\/v2\/pages\/1443","targetHints":{"allow":["GET"]}}],"collection":[{"href":"https:\/\/ontheeveofabolition.com\/es\/wp-json\/wp\/v2\/pages"}],"about":[{"href":"https:\/\/ontheeveofabolition.com\/es\/wp-json\/wp\/v2\/types\/page"}],"author":[{"embeddable":true,"href":"https:\/\/ontheeveofabolition.com\/es\/wp-json\/wp\/v2\/users\/9"}],"replies":[{"embeddable":true,"href":"https:\/\/ontheeveofabolition.com\/es\/wp-json\/wp\/v2\/comments?post=1443"}],"version-history":[{"count":0,"href":"https:\/\/ontheeveofabolition.com\/es\/wp-json\/wp\/v2\/pages\/1443\/revisions"}],"up":[{"embeddable":true,"href":"https:\/\/ontheeveofabolition.com\/es\/wp-json\/wp\/v2\/pages\/71"}],"wp:attachment":[{"href":"https:\/\/ontheeveofabolition.com\/es\/wp-json\/wp\/v2\/media?parent=1443"}],"curies":[{"name":"wp","href":"https:\/\/api.w.org\/{rel}","templated":true}]}}