{"id":1392,"date":"2023-08-02T17:11:02","date_gmt":"2023-08-02T17:11:02","guid":{"rendered":"http:\/\/abolition.dev.onpressidium.com\/?page_id=1392"},"modified":"2023-11-17T19:26:58","modified_gmt":"2023-11-17T19:26:58","slug":"stories-from-inside","status":"publish","type":"page","link":"https:\/\/ontheeveofabolition.com\/es\/resources\/stories-from-inside\/","title":{"rendered":"Stories from inside"},"content":{"rendered":"<div class=\"wp-block-group alignfull has-blue-background-color has-background is-layout-constrained wp-block-group-is-layout-constrained\">\n<h1 class=\"wp-block-heading has-text-align-center has-white-color has-text-color\">historias desde dentro<\/h1>\n<\/div>\n\n\n\n<div class=\"wp-block-group alignfull has-blue-background-color has-background is-layout-constrained wp-block-group-is-layout-constrained\">\n<p class=\"has-white-color has-text-color\" style=\"font-size:16px\"><strong>Stories from Inside<\/strong> gathers media, art, stories and documentation of the conditions inside of prisons, as told by those living within the system or inside of these &#8220;human warehouses&#8221; as our comrade Pitt Panther calls them.\u00a0\u00a0<strong>\u00a0<\/strong><\/p>\n<\/div>\n\n\n\n<div class=\"wp-block-group alignfull has-grey-background-color has-background is-layout-constrained wp-block-group-is-layout-constrained\">\n<p><\/p>\n\n\n\n<h3 class=\"wp-block-heading has-text-align-center has-white-color has-text-color\">articles \/ news:<\/h3>\n\n\n\n<ul class=\"has-white-color has-text-color wp-block-list\">\n<li style=\"font-size:16px\"><strong><a href=\"https:\/\/www.motherjones.com\/crime-justice\/2020\/03\/social-distancing-keith-lamar-solitary-confinement-coronavirus\/?fbclid=IwAR0VjqDl110nQHm-IFpKuyUcq8TKAm4VeZNisT5rnzGV7oJIzdpLpRkVsH0\" target=\"_blank\" rel=\"noreferrer noopener\">I\u2019ve Spent 27 Years in Solitary Confinement. Here Are Some Tips on Making the Best Use of Time Alone<\/a>, Mother Jones<\/strong><\/li>\n\n\n\n<li style=\"font-size:16px\"><strong><a href=\"https:\/\/scalawagmagazine.org\/2021\/06\/in-photos-desde-adentro-from-within\/\" target=\"_blank\" rel=\"noreferrer noopener\">Desde Adentro: Portraits of growing up behind bars, from the young men coming of age in a Mexico youth facility<\/a><\/strong><\/li>\n\n\n\n<li style=\"font-size:16px\"><strong><a href=\"https:\/\/abolitionistpaper.wordpress.com\/\" target=\"_blank\" rel=\"noreferrer noopener\">The Abolitionist Newspaper<\/a>, Critical Resistance<\/strong><\/li>\n\n\n\n<li style=\"font-size:16px\"><strong><a href=\"https:\/\/www.theguardian.com\/world\/2021\/feb\/19\/albert-woodfox-interview-solitary-confinement-44-years\" target=\"_blank\" rel=\"noreferrer noopener\">The scars of solitary: Albert Woodfox on freedom after 44 years in a concrete cell<\/a>, The Guardian&nbsp;<\/strong><\/li>\n\n\n\n<li style=\"font-size:16px\"><strong>Alabama Prison Labor Strike | September 26, 2022 &#8211; present &#8211; <\/strong><a href=\"https:\/\/docs.google.com\/document\/d\/1Vz9mEFNWzt9F5-1QwWcqLak1y_bspgq04RtCQvGLcQc\/edit?usp=sharing\"><strong>[Summary]<\/strong><\/a>\n<ul class=\"wp-block-list\">\n<li><a href=\"https:\/\/freealabamamovement.wordpress.com\/2022\/09\/27\/shutdownadoc\/\" target=\"_blank\" rel=\"noreferrer noopener\"><strong>Free Alabama Movement<\/strong><\/a><\/li>\n\n\n\n<li><a href=\"https:\/\/drive.google.com\/file\/d\/1_6r-j8YSXE1iKKda8R8OvF7p_Sl9uZlF\/view?usp=sharing\" target=\"_blank\" rel=\"noreferrer noopener\"><strong>NYTime article pdf<\/strong><\/a><\/li>\n<\/ul>\n<\/li>\n<\/ul>\n\n\n\n<p><\/p>\n<\/div>\n\n\n\n<div class=\"wp-block-group alignfull has-blue-background-color has-background is-layout-constrained wp-block-group-is-layout-constrained\">\n<p><\/p>\n\n\n\n<h3 class=\"wp-block-heading has-text-align-center has-white-color has-text-color\">books:<\/h3>\n\n\n\n<ul class=\"has-white-color has-text-color wp-block-list\">\n<li style=\"font-size:16px\"><strong><em><a href=\"https:\/\/redyouthnwa.files.wordpress.com\/2018\/05\/george_l-_jackson_blood_in_my_eyebook4you-org.pdf\" target=\"_blank\" rel=\"noreferrer noopener\">Blood In My Eye<\/a><\/em> by George L. Jackson<\/strong><\/li>\n\n\n\n<li style=\"font-size:16px\"><strong><em><a href=\"https:\/\/www.powells.com\/book\/-9780802129086\/1-1?gclid=Cj0KCQjw08aYBhDlARIsAA_gb0dySb7SqeVFvLaDzfPigAosHrzRCe7tBaJfmHpo-YDDvJ_AvJvk8sIaArAdEALw_wcB\" target=\"_blank\" rel=\"noreferrer noopener\">Solitary<\/a><\/em> by Albert Woodfox<\/strong><\/li>\n\n\n\n<li style=\"font-size:16px\"><strong><em><a href=\"https:\/\/pmpress.org\/index.php?l=product_detail&amp;p=511\" target=\"_blank\" rel=\"noreferrer noopener\">Between Torture and Resistance<\/a><\/em> by Oscar L\u00f3pez Rivera<\/strong><\/li>\n<\/ul>\n\n\n\n<p><\/p>\n<\/div>\n\n\n\n<div class=\"wp-block-cover alignfull\"><span aria-hidden=\"true\" class=\"wp-block-cover__background has-background-dim\"><\/span><img loading=\"lazy\" decoding=\"async\" width=\"575\" height=\"862\" class=\"wp-block-cover__image-background wp-image-519\" alt=\"\" src=\"https:\/\/ontheeveofabolition.com\/wp-content\/uploads\/4.26.22_OTE_filmday2-22.jpg\" style=\"object-position:61% 57%\" data-object-fit=\"cover\" data-object-position=\"61% 57%\" srcset=\"https:\/\/ontheeveofabolition.com\/wp-content\/uploads\/4.26.22_OTE_filmday2-22.jpg 575w, https:\/\/ontheeveofabolition.com\/wp-content\/uploads\/4.26.22_OTE_filmday2-22-8x12.jpg 8w\" sizes=\"auto, (max-width: 575px) 100vw, 575px\" \/><div class=\"wp-block-cover__inner-container is-layout-flow wp-block-cover-is-layout-flow\">\n<div class=\"wp-block-group is-layout-constrained wp-block-group-is-layout-constrained\">\n<p class=\"has-text-align-left h2 has-white-color has-text-color has-large-font-size\">\"lo que me ayud\u00d3 fue saber que ya no era un delincuente. me consideraba un preso pol\u00cdtico. no en el sentido de que estuviera encarcelado por un delito pol\u00edtico, sino a causa de un sistema pol\u00cdtico que me hab\u00cda fallado terriblemente como individuo y como ciudadano de este pa\u00cds (estados unidos)\".<\/p>\n\n\n\n<p class=\"has-text-align-right h3 has-white-color has-text-color\">&#8211; albert woodfox, <em>solitary<\/em><\/p>\n<\/div>\n<\/div><\/div>\n\n\n\n<div class=\"wp-block-group alignfull has-grey-background-color has-background is-layout-constrained wp-block-group-is-layout-constrained\">\n<p><\/p>\n\n\n\n<h3 class=\"wp-block-heading has-text-align-center has-white-color has-text-color\">podcasts \/ radio:<\/h3>\n\n\n\n<ul class=\"has-white-color has-text-color wp-block-list\">\n<li><strong><a href=\"https:\/\/www.prisonradio.org\/audio-listings\" target=\"_blank\" rel=\"noreferrer noopener\">Prison Radio Commentaries<\/a><\/strong>\n<ul class=\"wp-block-list\">\n<li><a href=\"https:\/\/www.prisonradio.org\/correspondent\/mumia-abu-jamal\/\"><strong>Mumia Abu Jamal, S.C.I Mahanoy, PA<\/strong><\/a><\/li>\n\n\n\n<li><strong><a href=\"https:\/\/www.prisonradio.org\/correspondent\/peter-murkuria\/\">Peter Kamal Mukuria aka Pitt Panther, Interstate Compact-Facility<\/a> (formerly Jessup Correctional Center)<\/strong><\/li>\n\n\n\n<li><a href=\"https:\/\/www.prisonradio.org\/correspondent\/krystal-clark\/\"><strong>Krystal Clark, Huron Valley Correctional Facility<\/strong><\/a><\/li>\n<\/ul>\n<\/li>\n\n\n\n<li><strong><a href=\"https:\/\/www.earhustlesq.com\/\" target=\"_blank\" rel=\"noreferrer noopener\">Ear Hustle, San Quentin State Prison<\/a><\/strong><\/li>\n\n\n\n<li><a href=\"https:\/\/www.whenwefightwewin.com\/podcast\/\"><strong>When We Fight, We Win!: The Podcast<\/strong><\/a>\n<ul class=\"wp-block-list\">\n<li><a href=\"https:\/\/www.whenwefightwewin.com\/listen\/season-3-episode-8-prison-radio-love-not-phear-the-struggle-to-free-mumia-abu-jamal\/\"><strong>Prison Radio &amp; #LoveNotPhear: The Struggle to Free Mumia Abu-Jamal<\/strong><\/a><\/li>\n\n\n\n<li><a href=\"https:\/\/www.whenwefightwewin.com\/listen\/season-3-episode-8-in-the-spirit-of-crazy-horse-free-leonard-peltier\/\"><strong>In The Spirit of Crazy Horse \u2013 #FreeLeonardPeltier<\/strong><\/a><\/li>\n\n\n\n<li><a href=\"https:\/\/www.whenwefightwewin.com\/listen\/season-2-episode-5-elizam-escobar-in-the-minds-and-the-hearts-of-the-people\/\"><strong>Elizam Escobar, In the Minds and the Hearts of the People<\/strong><\/a><\/li>\n<\/ul>\n<\/li>\n\n\n\n<li><strong><a href=\"https:\/\/www.beyond-prisons.com\/home\/taylar-nuevelle-on-knitting-in-prison\" target=\"_blank\" rel=\"noreferrer noopener\">Beyond Prisons Podcast &#8211; \u201cTaylor Nuevelle On Knitting in Prison\u201d<\/a><\/strong><\/li>\n<\/ul>\n\n\n\n<p><\/p>\n<\/div>\n\n\n\n<div class=\"wp-block-group alignfull has-blue-background-color has-background is-layout-constrained wp-block-group-is-layout-constrained\">\n<p><\/p>\n\n\n\n<h3 class=\"wp-block-heading has-text-align-center has-white-color has-text-color\">films \/ videos:<\/h3>\n\n\n\n<ul class=\"has-white-color has-text-color wp-block-list\">\n<li><strong><a href=\"https:\/\/www.youtube.com\/watch?v=JYxTzsabkH8\" target=\"_blank\" rel=\"noreferrer noopener\">The Feminist in Cellblock Y (Free on YouTube)&nbsp;<\/a><\/strong><\/li>\n\n\n\n<li><strong><a href=\"https:\/\/www.hbo.com\/movies\/40-years-a-prisoner\" target=\"_blank\" rel=\"noreferrer noopener\">40 years a Prisoner (HBO)<\/a><\/strong><\/li>\n\n\n\n<li><strong><a href=\"https:\/\/vimeo.com\/173713381\" target=\"_blank\" rel=\"noreferrer noopener\">Justice on Trial: The Case of of Mumia Abu-Jamal<\/a><\/strong><\/li>\n\n\n\n<li><a href=\"https:\/\/www.80grados.net\/todos-ibamos-a-ser-reyes-un-documental-de-marel-malaret\/\" target=\"_blank\" rel=\"noreferrer noopener\"><strong>&#8220;Todos \u00edbamos ser reyes&#8221;:<\/strong> <strong>Un documental por M\u00e1rel Malaret cuyo objetivo principal era mostrar un importante proceso de rehabilitaci\u00f3n a trav\u00e9s de la escritura y devolverle a los participantes el resultado tangible de su trabajo<\/strong><\/a><\/li>\n\n\n\n<li><strong><a href=\"https:\/\/www.youtube.com\/watch?v=gS3c-4vqdY4\" target=\"_blank\" rel=\"noreferrer noopener\">Nicole Fleetwood &#8211; Visions of Abolition: Black Women\u2019s Fight to End Mass Incarceration<\/a>, Barnard Center<\/strong><\/li>\n<\/ul>\n\n\n\n<p><\/p>\n<\/div>\n\n\n\n<div class=\"wp-block-group alignfull has-grey-background-color has-background is-layout-constrained wp-block-group-is-layout-constrained\">\n<p><\/p>\n\n\n\n<h3 class=\"wp-block-heading has-text-align-center has-white-color has-text-color\">incarcerated artists \/ art projects:<\/h3>\n\n\n\n<ul class=\"has-white-color has-text-color wp-block-list\">\n<li><strong>Pitt Panther <\/strong><a href=\"https:\/\/www.instagram.com\/pittpanther_art\/\"><strong>@pittpanther_art&nbsp;<\/strong><\/a>\n<ul class=\"wp-block-list\">\n<li><a href=\"https:\/\/drive.google.com\/drive\/u\/1\/folders\/1ySJhZ72if9zcubwFhhzs-X3NUkoIBBBc\"><strong>Palabra del D\u00eda: Abolici\u00f3n Carcelaria, arte por Pitt Panther<\/strong><\/a><\/li>\n\n\n\n<li><a href=\"https:\/\/www.whenwefightwewin.com\/listen-to-pitt-panthers-full-interview-for-the-podcast-see-his-artwork\/\"><strong>Entrevista con Pitt Panther por AgitArte<\/strong><\/a><\/li>\n<\/ul>\n<\/li>\n\n\n\n<li><strong><a href=\"https:\/\/rashidmod.com\/\" target=\"_blank\" rel=\"noreferrer noopener\">Kevin \u201cRashid\u201d Johnson&nbsp;<\/a><\/strong><\/li>\n\n\n\n<li><strong><a href=\"https:\/\/www.artspotproductions.org\/about_programs_graduates.htm\" target=\"_blank\" rel=\"noreferrer noopener\">The Graduates<\/a>, New Orleans, LA<\/strong><\/li>\n<\/ul>\n\n\n\n<p><\/p>\n<\/div>\n\n\n\n<div class=\"wp-block-group alignfull has-blue-background-color has-background is-layout-constrained wp-block-group-is-layout-constrained\">\n<p><\/p>\n\n\n\n<h3 class=\"wp-block-heading has-text-align-center has-white-color has-text-color\">penpal resources:<\/h3>\n\n\n\n<ul class=\"has-white-color has-text-color wp-block-list\">\n<li><strong><a href=\"https:\/\/www.prisonradio.org\/correspondents\/\" target=\"_blank\" rel=\"noreferrer noopener\">los corresponsales de Prison Radio.<\/a><\/strong><\/li>\n\n\n\n<li><strong><a href=\"http:\/\/bigdoorbrigade.com\/mutual-aid-toolbox\/prisoner-support\/\" target=\"_blank\" rel=\"noreferrer noopener\">Big Door: apoyo de presos<\/a><\/strong><\/li>\n\n\n\n<li><strong><a href=\"https:\/\/www.blackandpink.org\/penpal-newsletter\/\" target=\"_blank\" rel=\"noreferrer noopener\">Black &amp; Pink Programa de Penpal&nbsp;<\/a><\/strong><\/li>\n<\/ul>\n\n\n\n<p><\/p>\n<\/div>\n\n\n\n<div class=\"wp-block-cover alignfull\"><span aria-hidden=\"true\" class=\"wp-block-cover__background has-background-dim-0 has-background-dim\"><\/span><img loading=\"lazy\" decoding=\"async\" width=\"2560\" height=\"1442\" class=\"wp-block-cover__image-background wp-image-510\" alt=\"background\" src=\"https:\/\/ontheeveofabolition.com\/wp-content\/uploads\/P1000314.jpeg\" style=\"object-position:51% 100%\" data-object-fit=\"cover\" data-object-position=\"51% 100%\" srcset=\"https:\/\/ontheeveofabolition.com\/wp-content\/uploads\/P1000314.jpeg 2560w, https:\/\/ontheeveofabolition.com\/wp-content\/uploads\/P1000314-18x10.jpeg 18w\" sizes=\"auto, (max-width: 2560px) 100vw, 2560px\" \/><div class=\"wp-block-cover__inner-container is-layout-flow wp-block-cover-is-layout-flow\">\n<div class=\"wp-block-group is-layout-constrained wp-block-group-is-layout-constrained\">\n<div style=\"height:50px\" aria-hidden=\"true\" class=\"wp-block-spacer\"><\/div>\n\n\n\n<div class=\"wp-block-buttons is-content-justification-center is-layout-flex wp-container-core-buttons-is-layout-a89b3969 wp-block-buttons-is-layout-flex\">\n<div class=\"wp-block-button is-style-outline is-style-outline--1\"><a class=\"wp-block-button__link wp-element-button\" href=\"https:\/\/ontheeveofabolition.com\/es\/resources\/?preview=true\">VOLVER A RECURSOS<\/a><\/div>\n<\/div>\n\n\n\n<div style=\"height:50px\" aria-hidden=\"true\" class=\"wp-block-spacer\"><\/div>\n<\/div>\n<\/div><\/div>","protected":false},"excerpt":{"rendered":"<p>stories from inside Stories from Inside gathers media, art, stories and documentation of the conditions inside of prisons, as told by those living within the system or inside of these &#8220;human warehouses&#8221; as our comrade Pitt Panther calls them.\u00a0\u00a0\u00a0 articles \/ news: books: podcasts \/ radio: films \/ videos: incarcerated artists \/ art projects: penpal [&hellip;]<\/p>","protected":false},"author":9,"featured_media":0,"parent":71,"menu_order":1,"comment_status":"closed","ping_status":"closed","template":"","meta":{"_acf_changed":false,"inline_featured_image":false,"footnotes":""},"class_list":["post-1392","page","type-page","status-publish","hentry"],"acf":[],"_links":{"self":[{"href":"https:\/\/ontheeveofabolition.com\/es\/wp-json\/wp\/v2\/pages\/1392","targetHints":{"allow":["GET"]}}],"collection":[{"href":"https:\/\/ontheeveofabolition.com\/es\/wp-json\/wp\/v2\/pages"}],"about":[{"href":"https:\/\/ontheeveofabolition.com\/es\/wp-json\/wp\/v2\/types\/page"}],"author":[{"embeddable":true,"href":"https:\/\/ontheeveofabolition.com\/es\/wp-json\/wp\/v2\/users\/9"}],"replies":[{"embeddable":true,"href":"https:\/\/ontheeveofabolition.com\/es\/wp-json\/wp\/v2\/comments?post=1392"}],"version-history":[{"count":0,"href":"https:\/\/ontheeveofabolition.com\/es\/wp-json\/wp\/v2\/pages\/1392\/revisions"}],"up":[{"embeddable":true,"href":"https:\/\/ontheeveofabolition.com\/es\/wp-json\/wp\/v2\/pages\/71"}],"wp:attachment":[{"href":"https:\/\/ontheeveofabolition.com\/es\/wp-json\/wp\/v2\/media?parent=1392"}],"curies":[{"name":"wp","href":"https:\/\/api.w.org\/{rel}","templated":true}]}}